{"id":1169,"date":"2017-05-26T10:52:13","date_gmt":"2017-05-26T08:52:13","guid":{"rendered":"http:\/\/prienamed.de\/de\/?page_id=1169"},"modified":"2023-03-29T08:37:09","modified_gmt":"2023-03-29T06:37:09","slug":"dipl-psych-stefan-h-heuel","status":"publish","type":"page","link":"https:\/\/prienamed.de\/de\/aerztezentrum-prien\/aerzte-der-praxisgemeinschaft\/dipl-psych-stefan-h-heuel\/","title":{"rendered":"Dipl. Psychologe Stefan H. Heuel"},"content":{"rendered":"<p><strong>Berufsbezeichnung:<br \/>\n<\/strong>Diplom-Psychologe (univ.)<\/p>\n<p><strong>Zusatzbezeichnungen:<br \/>\n<\/strong>Dipl. Syst. Coach (ascoach)<br \/>\nHeilpraktiker f\u00fcr Psychotherapie<\/p>\n<p><strong>Spezialgebiete:<br \/>\n<\/strong>Burnout und geeignete Prophylaxe, Kommunikation, Leistungsmotivation, energetische Heilweisen<\/p>\n<p><strong>Lehrt\u00e4tigkeit:<br \/>\n<\/strong>Lehrbeauftragter an der Hochschule Rosenheim, dort Management-Coach f\u00fcr Teamprozesse, soziale und F\u00fchrungskompetenz (BW)<\/p>\n<p>Termine nur nach Vereinbarung<\/p>\n<p><strong>Anmeldung unter: 08051 \/ 9655-0, Fax: -110<\/strong><\/p>\n","protected":false},"excerpt":{"rendered":"Berufsbezeichnung: Diplom-Psychologe (univ.) Zusatzbezeichnungen: Dipl. Syst. Coach (ascoach) Heilpraktiker f\u00fcr Psychotherapie Spezialgebiete: Burnout und geeignete Prophylaxe, Kommunikation, Leistungsmotivation, energetische Heilweisen Lehrt\u00e4tigkeit: Lehrbeauftragter an der Hochschule Rosenheim, dort Management-Coach f\u00fcr Teamprozesse, soziale und F\u00fchrungskompetenz (BW) Termine nur nach Vereinbarung Anmeldung unter: 08051 \/ 9655-0, Fax: -110","protected":false},"author":2,"featured_media":2016,"parent":23,"menu_order":0,"comment_status":"closed","ping_status":"closed","template":"page_doctor_priem.php","meta":{"footnotes":""},"class_list":["post-1169","page","type-page","status-publish","has-post-thumbnail","hentry"],"_links":{"self":[{"href":"https:\/\/prienamed.de\/de\/wp-json\/wp\/v2\/pages\/1169","targetHints":{"allow":["GET"]}}],"collection":[{"href":"https:\/\/prienamed.de\/de\/wp-json\/wp\/v2\/pages"}],"about":[{"href":"https:\/\/prienamed.de\/de\/wp-json\/wp\/v2\/types\/page"}],"author":[{"embeddable":true,"href":"https:\/\/prienamed.de\/de\/wp-json\/wp\/v2\/users\/2"}],"replies":[{"embeddable":true,"href":"https:\/\/prienamed.de\/de\/wp-json\/wp\/v2\/comments?post=1169"}],"version-history":[{"count":3,"href":"https:\/\/prienamed.de\/de\/wp-json\/wp\/v2\/pages\/1169\/revisions"}],"predecessor-version":[{"id":1180,"href":"https:\/\/prienamed.de\/de\/wp-json\/wp\/v2\/pages\/1169\/revisions\/1180"}],"up":[{"embeddable":true,"href":"https:\/\/prienamed.de\/de\/wp-json\/wp\/v2\/pages\/23"}],"wp:featuredmedia":[{"embeddable":true,"href":"https:\/\/prienamed.de\/de\/wp-json\/wp\/v2\/media\/2016"}],"wp:attachment":[{"href":"https:\/\/prienamed.de\/de\/wp-json\/wp\/v2\/media?parent=1169"}],"curies":[{"name":"wp","href":"https:\/\/api.w.org\/{rel}","templated":true}]}}