{"id":130,"date":"2016-08-24T09:41:56","date_gmt":"2016-08-24T07:41:56","guid":{"rendered":"http:\/\/prienamed.de\/de\/?page_id=130"},"modified":"2021-07-08T15:00:13","modified_gmt":"2021-07-08T13:00:13","slug":"ausleitende-verfahren","status":"publish","type":"page","link":"https:\/\/prienamed.de\/de\/aerztezentrum-prien\/diagnostik-therapie\/naturheilkundlich-ganzheitsmedizinisch\/ausleitende-verfahren\/","title":{"rendered":"Ausleitende Verfahren"},"content":{"rendered":"<p><span class=\"arial\">Der alten S\u00e4ftelehre entstammende Verfahren, die zu einer Verbesserung der Funktion der K\u00f6rperfl\u00fcssigkeiten z.B. einer Senkung des Blutdrucks, einer Verbesserung des Lymphflusses, einer Regulation der Abwehr usw. f\u00fchren. Dabei kommen folgende Verfahren zum Einsatz:<\/span><\/p>\n<p>&nbsp;<\/p>\n<ul>\n<li><span class=\"arial\">Blutegel \u2013 Sie enthalten \u00fcber 300 arzneilich wirkende Stoffe, z.B.&nbsp; Durchblutungsf\u00f6rderung<\/span><\/li>\n<li><span class=\"arial\">Aderlass \u2013 besonders zur Senkung des Blutdrucks<\/span><\/li>\n<li><span class=\"arial\">Blutiges und unblutiges Schr\u00f6pfen \u2013 zur Regulation des energetischen Gleichgewichts&nbsp; des K\u00f6rpers<\/span><\/li>\n<li><span class=\"arial\">Canthariden-Pflaster zur Entz\u00fcndungshemmung durch das Setzen eines Gegenreizes<\/span><\/li>\n<li><span class=\"arial\">Abf\u00fchren (Glaubersalz, Einl\u00e4ufe) zur Regulation des Darmes bei St\u00f6rungen der&nbsp; Immunabwehr und Allergien<\/span><\/li>\n<\/ul>\n","protected":false},"excerpt":{"rendered":"Der alten S\u00e4ftelehre entstammende Verfahren, die zu einer Verbesserung der Funktion der K\u00f6rperfl\u00fcssigkeiten z.B. einer Senkung des Blutdrucks, einer Verbesserung des Lymphflusses, einer Regulation der Abwehr usw. f\u00fchren. Dabei kommen folgende Verfahren zum Einsatz: &nbsp; Blutegel \u2013 Sie enthalten \u00fcber 300 arzneilich wirkende Stoffe, z.B.&nbsp; Durchblutungsf\u00f6rderung Aderlass \u2013 besonders zur Senkung des Blutdrucks Blutiges und","protected":false},"author":2,"featured_media":132,"parent":37,"menu_order":0,"comment_status":"closed","ping_status":"closed","template":"page_priem.php","meta":{"footnotes":""},"class_list":["post-130","page","type-page","status-publish","has-post-thumbnail","hentry"],"_links":{"self":[{"href":"https:\/\/prienamed.de\/de\/wp-json\/wp\/v2\/pages\/130","targetHints":{"allow":["GET"]}}],"collection":[{"href":"https:\/\/prienamed.de\/de\/wp-json\/wp\/v2\/pages"}],"about":[{"href":"https:\/\/prienamed.de\/de\/wp-json\/wp\/v2\/types\/page"}],"author":[{"embeddable":true,"href":"https:\/\/prienamed.de\/de\/wp-json\/wp\/v2\/users\/2"}],"replies":[{"embeddable":true,"href":"https:\/\/prienamed.de\/de\/wp-json\/wp\/v2\/comments?post=130"}],"version-history":[{"count":4,"href":"https:\/\/prienamed.de\/de\/wp-json\/wp\/v2\/pages\/130\/revisions"}],"predecessor-version":[{"id":2131,"href":"https:\/\/prienamed.de\/de\/wp-json\/wp\/v2\/pages\/130\/revisions\/2131"}],"up":[{"embeddable":true,"href":"https:\/\/prienamed.de\/de\/wp-json\/wp\/v2\/pages\/37"}],"wp:featuredmedia":[{"embeddable":true,"href":"https:\/\/prienamed.de\/de\/wp-json\/wp\/v2\/media\/132"}],"wp:attachment":[{"href":"https:\/\/prienamed.de\/de\/wp-json\/wp\/v2\/media?parent=130"}],"curies":[{"name":"wp","href":"https:\/\/api.w.org\/{rel}","templated":true}]}}