{"id":1356,"date":"2018-07-23T11:00:08","date_gmt":"2018-07-23T09:00:08","guid":{"rendered":"http:\/\/prienamed.de\/de\/?page_id=1356"},"modified":"2023-01-18T16:46:35","modified_gmt":"2023-01-18T15:46:35","slug":"dr-med-ute-jahrsdoerfer","status":"publish","type":"page","link":"https:\/\/prienamed.de\/de\/aerztezentrum-prien\/aerzte-der-praxisgemeinschaft\/dr-med-ute-jahrsdoerfer\/","title":{"rendered":"Dr. med. Ute Jahrsd\u00f6rfer"},"content":{"rendered":"<p><b>Berufsbezeichnung:<\/b> Fach\u00e4rztin f\u00fcr Urologie<\/p>\n<p><b>Zusatzbezeichnungen: <\/b>Medikament\u00f6se Tumortherapie<\/p>\n<p><strong>Zusatzbezeichnung \u00d6sterreich:<\/strong> Diplom f\u00fcr Orthomolekulare Medizin<br \/>\n<b><br \/>\nBesondere Untersuchungs- und Behandlungsmethoden: <\/b>Applied Kinesiology, Traditionelle Chinesische Akupunktur, Naturheilverfahren<\/p>\n<p><strong>Werdegang<\/strong><\/p>\n<ul>\n<li>1996-2003 Studium der Humanmedizin in Ulm, M\u00fcnchen LMU und Innsbruck<\/li>\n<li>2004-2006 Assistenz\u00e4rztin Universit\u00e4tsklinik Inselspital Bern Abteilung f\u00fcr Urologie<br \/>\n(Univ.-Prof. E. U. Studer)<\/li>\n<li>2006 Promotion in der Abteilung f\u00fcr Humangenetik, Universit\u00e4tsklinik Ulm<br \/>\nLeiter: Professor Dr. G\u00fcnter Speit<br \/>\nTitel: Untersuchung der Hypersensitivit\u00e4t von Zellen mit einer Mutation im Mammakarzinom-Susceptibilit\u00e4ts-Gen BRCA 1 gegen\u00fcber verschiedenen Mutagenen.<\/li>\n<li>2006-2008 Assistenz\u00e4rztin Ospedale regionale di Lugano Abteilung f\u00fcr Chirurgie<br \/>\n(Prof. R. Rosso)<\/li>\n<li>2008-2009 Assistenz\u00e4rztin Universit\u00e4tsklinik Ulm Abteilung f\u00fcr Urologie<br \/>\n(Univ.-Prof. R. Hautmann)<\/li>\n<li>2009-2010 Assistenz\u00e4rztin Universit\u00e4tsklinik Ulm Abteilung f\u00fcr Urologie<br \/>\n(Prof. R. K\u00fcfer kommissarischer \u00e4rztlicher Direktor, Prof. M. Schrader)<\/li>\n<li>2010 Fach\u00e4rztin f\u00fcr Urologie<\/li>\n<li>2010-2012 Fach\u00e4rztin f\u00fcr Urologie Klinikum Ludwigsburg Abteilung f\u00fcr Urologie<br \/>\n(PD Dr. med. A. Jurczok)<\/li>\n<li>2012 Zusatzbezeichnung medikament\u00f6se Tumortherapie<\/li>\n<li>2012-2013 Anstellung in urologischer Praxis Stuttgart<br \/>\n(Dr. Teltschik)<\/li>\n<li>seit 2014 Anstellung in urologischer Gemeinschaftspraxis Traunstein<br \/>\n(Dres. Galamb, Schuhbeck, Prof. Zaak)<\/li>\n<li>2016 Gr\u00fcndung der urologischen Privatpraxis Inntal, Oberaudorf<\/li>\n<li>seit Juni 2018 private Praxisgemeinschaft im Prienamed, Prien am Chiemsee<\/li>\n<\/ul>\n<p><a href=\"https:\/\/prienamed.de\/de\/urologie\/\">Diagnostik und Therapie<\/a><\/p>\n<p>Termine nur nach telefonischer Vereinbarung.<br \/>\n<b>Anmeldung unter: 08051\/9655-0, Fax: -110<br \/>\n<\/b><\/p>\n","protected":false},"excerpt":{"rendered":"Berufsbezeichnung: Fach\u00e4rztin f\u00fcr Urologie Zusatzbezeichnungen: Medikament\u00f6se Tumortherapie Zusatzbezeichnung \u00d6sterreich: Diplom f\u00fcr Orthomolekulare Medizin Besondere Untersuchungs- und Behandlungsmethoden: Applied Kinesiology, Traditionelle Chinesische Akupunktur, Naturheilverfahren Werdegang 1996-2003 Studium der Humanmedizin in Ulm, M\u00fcnchen LMU und Innsbruck 2004-2006 Assistenz\u00e4rztin Universit\u00e4tsklinik Inselspital Bern Abteilung f\u00fcr Urologie (Univ.-Prof. E. U. Studer) 2006 Promotion in der Abteilung f\u00fcr Humangenetik, Universit\u00e4tsklinik Ulm","protected":false},"author":2,"featured_media":1355,"parent":23,"menu_order":0,"comment_status":"closed","ping_status":"closed","template":"page_doctor_priem.php","meta":{"footnotes":""},"class_list":["post-1356","page","type-page","status-publish","has-post-thumbnail","hentry"],"_links":{"self":[{"href":"https:\/\/prienamed.de\/de\/wp-json\/wp\/v2\/pages\/1356","targetHints":{"allow":["GET"]}}],"collection":[{"href":"https:\/\/prienamed.de\/de\/wp-json\/wp\/v2\/pages"}],"about":[{"href":"https:\/\/prienamed.de\/de\/wp-json\/wp\/v2\/types\/page"}],"author":[{"embeddable":true,"href":"https:\/\/prienamed.de\/de\/wp-json\/wp\/v2\/users\/2"}],"replies":[{"embeddable":true,"href":"https:\/\/prienamed.de\/de\/wp-json\/wp\/v2\/comments?post=1356"}],"version-history":[{"count":8,"href":"https:\/\/prienamed.de\/de\/wp-json\/wp\/v2\/pages\/1356\/revisions"}],"predecessor-version":[{"id":2345,"href":"https:\/\/prienamed.de\/de\/wp-json\/wp\/v2\/pages\/1356\/revisions\/2345"}],"up":[{"embeddable":true,"href":"https:\/\/prienamed.de\/de\/wp-json\/wp\/v2\/pages\/23"}],"wp:featuredmedia":[{"embeddable":true,"href":"https:\/\/prienamed.de\/de\/wp-json\/wp\/v2\/media\/1355"}],"wp:attachment":[{"href":"https:\/\/prienamed.de\/de\/wp-json\/wp\/v2\/media?parent=1356"}],"curies":[{"name":"wp","href":"https:\/\/api.w.org\/{rel}","templated":true}]}}