{"id":141,"date":"2016-08-24T10:37:39","date_gmt":"2016-08-24T08:37:39","guid":{"rendered":"http:\/\/prienamed.de\/de\/?page_id=141"},"modified":"2022-11-25T22:40:37","modified_gmt":"2022-11-25T21:40:37","slug":"craniomandibulaere-dysfunktion-cmd-diagnostik-und-therapie","status":"publish","type":"page","link":"https:\/\/prienamed.de\/de\/aerztezentrum-prien\/diagnostik-therapie\/naturheilkundlich-ganzheitsmedizinisch\/craniomandibulaere-dysfunktion-cmd-diagnostik-und-therapie\/","title":{"rendered":"Craniomandibul\u00e4re Dysfunktion (CMD) &#8211; Diagnostik und Therapie"},"content":{"rendered":"<div id=\"contentContainer\" class=\"clearfix\">\n<div id=\"whiteBg\">\n<div id=\"content\">\n<div class=\"textItem\">\n<p>Eine Vielzahl von R\u00fccken-, Kopf-, Gesichts- und Nackenschmerzen h\u00e4ngen unmittelbar mit einer craniomandibul\u00e4ren Dysfunktion (CMD) zusammen. Das Kiefergelenk spielt hierbei eine entscheidende Rolle. Mit Hilfe von manualtherapeutischen und osteopathischen Techniken kann man die Auswirkungen auf den Bewegungsapparat testen und die korrekte Einstellung des craniomandibul\u00e4ren Systems pr\u00fcfen. Diese Tests dienen auch dazu die korrekte Versorgung mit Schienen oder kieferorthop\u00e4dischen Ger\u00e4ten und deren Auswirkungen zu testen. Hierbei spielt vor allem die Pr\u00e4vention von R\u00fcckgradverkr\u00fcmmungen (Skoliosen), die oft im Rahmen einer kieferorthop\u00e4dischen Behandlung auftreten, eine enorme Rolle. Von Seiten der Therapie kommt, neben der genauen manualtherapeutischen und osteopathischen Einstellung des Bewegungssystems und des Sch\u00e4dels, die Akupunktur mit dem Gumbiller-Punkt und die 3-D-Releastechnik des Kiefergelenkes zum Einsatz. Weiterhin ist die enge Zusammenarbeit mit dem Zahnarzt und Kieferorthop\u00e4den zur optimalen Einstellung des Bisses, vor Einsetzen von Schienen, KFO-Ger\u00e4ten oder gar teuren Endversorgungen mit Kronen und Br\u00fccken, unbedingt erforderlich. Dadurch k\u00f6nnen eine Vielzahl von sekund\u00e4ren Schmerzen durch und am Kiefergelenk (Temporomandibulargelenke-TMG) verhindert oder beseitigt werden.<\/p>\n<\/div>\n<\/div>\n<\/div>\n<\/div>\n","protected":false},"excerpt":{"rendered":"Eine Vielzahl von R\u00fccken-, Kopf-, Gesichts- und Nackenschmerzen h\u00e4ngen unmittelbar mit einer craniomandibul\u00e4ren Dysfunktion (CMD) zusammen. Das Kiefergelenk spielt hierbei eine entscheidende Rolle. Mit Hilfe von manualtherapeutischen und osteopathischen Techniken kann man die Auswirkungen auf den Bewegungsapparat testen und die korrekte Einstellung des craniomandibul\u00e4ren Systems pr\u00fcfen. Diese Tests dienen auch dazu die korrekte Versorgung mit","protected":false},"author":2,"featured_media":2281,"parent":37,"menu_order":0,"comment_status":"closed","ping_status":"closed","template":"page_priem.php","meta":{"footnotes":""},"class_list":["post-141","page","type-page","status-publish","has-post-thumbnail","hentry"],"_links":{"self":[{"href":"https:\/\/prienamed.de\/de\/wp-json\/wp\/v2\/pages\/141","targetHints":{"allow":["GET"]}}],"collection":[{"href":"https:\/\/prienamed.de\/de\/wp-json\/wp\/v2\/pages"}],"about":[{"href":"https:\/\/prienamed.de\/de\/wp-json\/wp\/v2\/types\/page"}],"author":[{"embeddable":true,"href":"https:\/\/prienamed.de\/de\/wp-json\/wp\/v2\/users\/2"}],"replies":[{"embeddable":true,"href":"https:\/\/prienamed.de\/de\/wp-json\/wp\/v2\/comments?post=141"}],"version-history":[{"count":1,"href":"https:\/\/prienamed.de\/de\/wp-json\/wp\/v2\/pages\/141\/revisions"}],"predecessor-version":[{"id":144,"href":"https:\/\/prienamed.de\/de\/wp-json\/wp\/v2\/pages\/141\/revisions\/144"}],"up":[{"embeddable":true,"href":"https:\/\/prienamed.de\/de\/wp-json\/wp\/v2\/pages\/37"}],"wp:featuredmedia":[{"embeddable":true,"href":"https:\/\/prienamed.de\/de\/wp-json\/wp\/v2\/media\/2281"}],"wp:attachment":[{"href":"https:\/\/prienamed.de\/de\/wp-json\/wp\/v2\/media?parent=141"}],"curies":[{"name":"wp","href":"https:\/\/api.w.org\/{rel}","templated":true}]}}