{"id":1486,"date":"2019-02-04T11:51:18","date_gmt":"2019-02-04T10:51:18","guid":{"rendered":"http:\/\/prienamed.de\/de\/?page_id=1486"},"modified":"2019-05-27T16:07:34","modified_gmt":"2019-05-27T14:07:34","slug":"urologie","status":"publish","type":"page","link":"https:\/\/prienamed.de\/de\/urologie\/","title":{"rendered":"Urologie"},"content":{"rendered":"\n<h2 class=\"wp-block-heading\">Diagnostik<\/h2>\n\n\n\n<ul class=\"wp-block-list\"><li>Die Praxis ist mit einem modernen Sonographieger\u00e4t ausgestattet. Ich\n biete sowohl abdominellen, als auch transrektalen Ultraschall auch \nfarbdopplersonographisch an<\/li><li>Die R\u00f6ntgendiagnostik wird in digitaler Bildtechnik durchgef\u00fchrt.<\/li><li>F\u00fcr Blasenspiegelungen steht eine flexible Optik mit hochaufl\u00f6sender HD Kamera zur Verf\u00fcgung.<\/li><li>Im Rahmen der Labordiagnostik sowohl von Urin- als auch Blutproben \nk\u00f6nnen s\u00e4mtliche g\u00e4ngigen Parameter inklusive Zytologie, Hormone und \nTumormarker bestimmt werden.<\/li><\/ul>\n\n\n\n<h2 class=\"wp-block-heading\">Vorsorge<\/h2>\n\n\n\n<ul class=\"wp-block-list\"><li>Krebsvorsorge des Mannes (Prostata, Hoden, Blase, Niere und Harnleiter)<\/li><li>Krebsvorsorge der Frau ( Harnr\u00f6hre, Blase, Niere)<\/li><li>Beratung, Diagnostik und Therapie rezidivierender Harnwegsinfekte<\/li><li>Diagnostik und Therapie von Nieren-, Harnleiter und Blasensteinen<\/li><li>Diagnostik und Therapie der Urininkontinenz (Dranginkontinenz und Belastungsinkontinenz) bei Mann und Frau<\/li><li>Beratung und Therapie bei unerf\u00fclltem Kinderwunsch (Fruchtbarkeitsabkl\u00e4rung)<\/li><li>Potenzst\u00f6rungen, Libidost\u00f6rungen<\/li><\/ul>\n\n\n\n<h2 class=\"wp-block-heading\">Schwerpunkt<\/h2>\n\n\n\n<ul class=\"wp-block-list\"><li>Neben der Krebsvor- und Nachsorge s\u00e4mtlicher urologischer \nKrankheitsbilder inklusive der medikament\u00f6sen Tumortherapie habe ich \nmich im Rahmen meiner Facharztausbildung an den Universit\u00e4tskliniken \nBern und Ulm schwerpunktm\u00e4\u00dfig mit der Behandlung rezidivierender \nHarnwegsinfekte insbesondere der Frau, sowie als Sonderform der \ninterstitiellen Zystitis befasst. Anschlie\u00dfend war ich vorwiegend mit \ndem Aufbau und der Leitung der Inkontinenzsprechstunde beauftragt, so \ndass ich Ihnen hier ein umfassendes und fundiertes Beratungsangebot \nanbieten kann.<\/li><\/ul>\n\n\n\n<h2 class=\"wp-block-heading\">Ambulante Operationen<\/h2>\n\n\n\n<ul class=\"wp-block-list\"><li>Prostatabiopsien (Gewebeentnahme der Prostata bei V.a. Prostatatumor)<\/li><li>Zystoskopien und flexible Zystoskopie (Blasenspiegelung bei  Frau und Mann)<\/li><\/ul>\n","protected":false},"excerpt":{"rendered":"Diagnostik Die Praxis ist mit einem modernen Sonographieger\u00e4t ausgestattet. Ich biete sowohl abdominellen, als auch transrektalen Ultraschall auch farbdopplersonographisch an Die R\u00f6ntgendiagnostik wird in digitaler Bildtechnik durchgef\u00fchrt. F\u00fcr Blasenspiegelungen steht eine flexible Optik mit hochaufl\u00f6sender HD Kamera zur Verf\u00fcgung. Im Rahmen der Labordiagnostik sowohl von Urin- als auch Blutproben k\u00f6nnen s\u00e4mtliche g\u00e4ngigen Parameter inklusive Zytologie,","protected":false},"author":2,"featured_media":0,"parent":0,"menu_order":0,"comment_status":"closed","ping_status":"closed","template":"page_priem.php","meta":{"footnotes":""},"class_list":["post-1486","page","type-page","status-publish","hentry"],"_links":{"self":[{"href":"https:\/\/prienamed.de\/de\/wp-json\/wp\/v2\/pages\/1486","targetHints":{"allow":["GET"]}}],"collection":[{"href":"https:\/\/prienamed.de\/de\/wp-json\/wp\/v2\/pages"}],"about":[{"href":"https:\/\/prienamed.de\/de\/wp-json\/wp\/v2\/types\/page"}],"author":[{"embeddable":true,"href":"https:\/\/prienamed.de\/de\/wp-json\/wp\/v2\/users\/2"}],"replies":[{"embeddable":true,"href":"https:\/\/prienamed.de\/de\/wp-json\/wp\/v2\/comments?post=1486"}],"version-history":[{"count":2,"href":"https:\/\/prienamed.de\/de\/wp-json\/wp\/v2\/pages\/1486\/revisions"}],"predecessor-version":[{"id":1508,"href":"https:\/\/prienamed.de\/de\/wp-json\/wp\/v2\/pages\/1486\/revisions\/1508"}],"wp:attachment":[{"href":"https:\/\/prienamed.de\/de\/wp-json\/wp\/v2\/media?parent=1486"}],"curies":[{"name":"wp","href":"https:\/\/api.w.org\/{rel}","templated":true}]}}