{"id":149,"date":"2016-08-24T10:46:42","date_gmt":"2016-08-24T08:46:42","guid":{"rendered":"http:\/\/prienamed.de\/de\/?page_id=149"},"modified":"2024-02-09T10:32:58","modified_gmt":"2024-02-09T09:32:58","slug":"ernaehrungstherapie","status":"publish","type":"page","link":"https:\/\/prienamed.de\/de\/aerztezentrum-prien\/diagnostik-therapie\/naturheilkundlich-ganzheitsmedizinisch\/ernaehrungstherapie\/","title":{"rendered":"Ern\u00e4hrungstherapie"},"content":{"rendered":"<div id=\"contentContainer\" class=\"clearfix\">\n<div id=\"whiteBg\">\n<div id=\"content\">\n<div class=\"textItem\">\n<p>\u201eMan ist, was man isst!\u201c Da unsere Essgewohnheiten weitreichende Auswirkungen auf unsere Gesundheit haben, bieten wir Ihnen eine Vielzahl verschiedener Ern\u00e4hrungsformen an, bei denen wir Sie begleiten:<\/p>\n<ul>\n<li>Antipilzdi\u00e4t<\/li>\n<li>Vollwertkost<\/li>\n<li>spezielle Di\u00e4ten z.B. Diabetes, cholesterinarm, Auslassdi\u00e4ten, hypoallergene Kostformen<\/li>\n<li>Heilfasten z.B. nach F.X. Mayr, Buchinger<\/li>\n<li>Milde Ableitungsdi\u00e4t (proteinarm)<\/li>\n<li>Traditionelle chinesische Di\u00e4tetik (Nach den 5 Elementen)<\/li>\n<li>Ern\u00e4hrungskonzept hoch 3 von Dr. Gerlinde M\u00e4rkl. Mehr erfahren Sie <a href=\"https:\/\/prienamed.de\/de\/aerztezentrum-prien\/aerzte-der-praxisgemeinschaft\/dr-med-univ-gerlinde-maerkl\/\" target=\"_blank\" rel=\"noopener\">hier<\/a><\/li>\n<\/ul>\n<p>Als Besonderheit testen wir auch Ihre pers\u00f6nliche Vertr\u00e4glichkeit von Nahrungsmitteln und stimmen die Ern\u00e4hrungstherapie individuell auf Sie ab<\/p>\n<\/div>\n<\/div>\n<\/div>\n<\/div>\n","protected":false},"excerpt":{"rendered":"\u201eMan ist, was man isst!\u201c Da unsere Essgewohnheiten weitreichende Auswirkungen auf unsere Gesundheit haben, bieten wir Ihnen eine Vielzahl verschiedener Ern\u00e4hrungsformen an, bei denen wir Sie begleiten: Antipilzdi\u00e4t Vollwertkost spezielle Di\u00e4ten z.B. Diabetes, cholesterinarm, Auslassdi\u00e4ten, hypoallergene Kostformen Heilfasten z.B. nach F.X. Mayr, Buchinger Milde Ableitungsdi\u00e4t (proteinarm) Traditionelle chinesische Di\u00e4tetik (Nach den 5 Elementen) Ern\u00e4hrungskonzept hoch","protected":false},"author":2,"featured_media":0,"parent":37,"menu_order":0,"comment_status":"closed","ping_status":"closed","template":"page_priem.php","meta":{"footnotes":""},"class_list":["post-149","page","type-page","status-publish","hentry"],"_links":{"self":[{"href":"https:\/\/prienamed.de\/de\/wp-json\/wp\/v2\/pages\/149","targetHints":{"allow":["GET"]}}],"collection":[{"href":"https:\/\/prienamed.de\/de\/wp-json\/wp\/v2\/pages"}],"about":[{"href":"https:\/\/prienamed.de\/de\/wp-json\/wp\/v2\/types\/page"}],"author":[{"embeddable":true,"href":"https:\/\/prienamed.de\/de\/wp-json\/wp\/v2\/users\/2"}],"replies":[{"embeddable":true,"href":"https:\/\/prienamed.de\/de\/wp-json\/wp\/v2\/comments?post=149"}],"version-history":[{"count":3,"href":"https:\/\/prienamed.de\/de\/wp-json\/wp\/v2\/pages\/149\/revisions"}],"predecessor-version":[{"id":2473,"href":"https:\/\/prienamed.de\/de\/wp-json\/wp\/v2\/pages\/149\/revisions\/2473"}],"up":[{"embeddable":true,"href":"https:\/\/prienamed.de\/de\/wp-json\/wp\/v2\/pages\/37"}],"wp:attachment":[{"href":"https:\/\/prienamed.de\/de\/wp-json\/wp\/v2\/media?parent=149"}],"curies":[{"name":"wp","href":"https:\/\/api.w.org\/{rel}","templated":true}]}}