{"id":159,"date":"2016-08-24T10:51:10","date_gmt":"2016-08-24T08:51:10","guid":{"rendered":"http:\/\/prienamed.de\/de\/?page_id=159"},"modified":"2021-07-08T14:41:26","modified_gmt":"2021-07-08T12:41:26","slug":"neuraltherapie-therapeutische-lokalanaesthesie","status":"publish","type":"page","link":"https:\/\/prienamed.de\/de\/aerztezentrum-prien\/diagnostik-therapie\/naturheilkundlich-ganzheitsmedizinisch\/neuraltherapie-therapeutische-lokalanaesthesie\/","title":{"rendered":"Neuraltherapie \/ therapeutische Lokalan\u00e4sthesie"},"content":{"rendered":"<div id=\"contentContainer\" class=\"clearfix\">\n<div id=\"whiteBg\">\n<div id=\"content\">\n<div class=\"textItem\"><span class=\"arial\">Ausschaltung von St\u00f6rfeldern, wie z. B. Narben, Zahnherden, durch die Injektion von Lokalan\u00e4sthetika (z.B. Procain, Lidocain), um nervale Wechselbeziehungen zwischen dem St\u00f6rfeld und dem erkrankten Organ aufzul\u00f6sen. Dadurch kann Selbstheilung angeregt werden. Die St\u00f6rfelddiagnostik erfolgt mit der Applied Kinesiology (s.o.) nach einer ausf\u00fchrlichen Anamnese und Untersuchung. Die therapeutische Lokalan\u00e4sthesie ist auch ein wesentlicher Bestandteil der Schmerztherapie und hilft den Kreislauf aus Schmerz und Verspannung zu durchbrechen, der eine Chronifizierung des Schmerzes unterst\u00fctzt. Dabei kombinieren wir h\u00e4ufig die Lokalan\u00e4sthetika mit Einzel- oder Komplexhom\u00f6opathika und infiltrieren sie an Akupunkturpunkte, sog. Hom\u00f6osiniatrie,<br \/>\num die Effektivit\u00e4t der therapeutischen Lokalan\u00e4sthesie zu steigern.<\/span><\/div>\n<\/div>\n<\/div>\n<\/div>\n","protected":false},"excerpt":{"rendered":"Ausschaltung von St\u00f6rfeldern, wie z. B. Narben, Zahnherden, durch die Injektion von Lokalan\u00e4sthetika (z.B. Procain, Lidocain), um nervale Wechselbeziehungen zwischen dem St\u00f6rfeld und dem erkrankten Organ aufzul\u00f6sen. Dadurch kann Selbstheilung angeregt werden. Die St\u00f6rfelddiagnostik erfolgt mit der Applied Kinesiology (s.o.) nach einer ausf\u00fchrlichen Anamnese und Untersuchung. Die therapeutische Lokalan\u00e4sthesie ist auch ein wesentlicher Bestandteil der","protected":false},"author":2,"featured_media":2127,"parent":37,"menu_order":0,"comment_status":"closed","ping_status":"closed","template":"page_priem.php","meta":{"footnotes":""},"class_list":["post-159","page","type-page","status-publish","has-post-thumbnail","hentry"],"_links":{"self":[{"href":"https:\/\/prienamed.de\/de\/wp-json\/wp\/v2\/pages\/159","targetHints":{"allow":["GET"]}}],"collection":[{"href":"https:\/\/prienamed.de\/de\/wp-json\/wp\/v2\/pages"}],"about":[{"href":"https:\/\/prienamed.de\/de\/wp-json\/wp\/v2\/types\/page"}],"author":[{"embeddable":true,"href":"https:\/\/prienamed.de\/de\/wp-json\/wp\/v2\/users\/2"}],"replies":[{"embeddable":true,"href":"https:\/\/prienamed.de\/de\/wp-json\/wp\/v2\/comments?post=159"}],"version-history":[{"count":1,"href":"https:\/\/prienamed.de\/de\/wp-json\/wp\/v2\/pages\/159\/revisions"}],"predecessor-version":[{"id":161,"href":"https:\/\/prienamed.de\/de\/wp-json\/wp\/v2\/pages\/159\/revisions\/161"}],"up":[{"embeddable":true,"href":"https:\/\/prienamed.de\/de\/wp-json\/wp\/v2\/pages\/37"}],"wp:featuredmedia":[{"embeddable":true,"href":"https:\/\/prienamed.de\/de\/wp-json\/wp\/v2\/media\/2127"}],"wp:attachment":[{"href":"https:\/\/prienamed.de\/de\/wp-json\/wp\/v2\/media?parent=159"}],"curies":[{"name":"wp","href":"https:\/\/api.w.org\/{rel}","templated":true}]}}