{"id":178,"date":"2016-08-24T11:05:54","date_gmt":"2016-08-24T09:05:54","guid":{"rendered":"http:\/\/prienamed.de\/de\/?page_id=178"},"modified":"2016-08-25T13:14:27","modified_gmt":"2016-08-25T11:14:27","slug":"ozontherapie","status":"publish","type":"page","link":"https:\/\/prienamed.de\/de\/aerztezentrum-prien\/diagnostik-therapie\/naturheilkundlich-ganzheitsmedizinisch\/ozontherapie\/","title":{"rendered":"Ozontherapie"},"content":{"rendered":"<p>Die Ozontherapie verbessert das Sauerstoffangebot in der Zelle, hat eine aktivierende Wirkung auf die k\u00f6rpereigene Immunabwehr und verbessert die Leber- und Entgiftungsfunktion sowie die Flie\u00dfeigenschaften des Blutes.<br \/>\nBei der <strong>gro\u00dfen Ozon-Sauerstofftherapie<\/strong> \u00a0werden etwa 50-120 ml Blut in einem sterilen Gef\u00e4\u00df der Vene entnommen, dann mit einer exakt definierten Ozon-Menge angereichert, die mit roten und wei\u00dfen Blutk\u00f6rperchen reagiert und deren Stoffwechsel aktiviert. Anschlie\u00dfend wird das aktivierte Eigenblut wieder dem Blutkreislauf zugef\u00fchrt.<br \/>\nDie <strong>kleine Ozon-Eigenblutbehandlung<\/strong> wird als intramuskul\u00e4re Eigenblutinjektion zur Immunaktivierung gegeben, vor allem zur Revitalisierung, Behandlung allergischer Erkrankungen und St\u00e4rkung der k\u00f6rpereignen Abwehr.<br \/>\n<strong>Zu empfehlen ist die Therapie bei folgenden Indikationen:<\/strong><\/p>\n<ul>\n<li>Arthrose<\/li>\n<li>Gicht, Rheuma<\/li>\n<li>Ersch\u00f6pfungszust\u00e4nde, zur Verbesserung der Fitness und zur Regeneration<\/li>\n<li>zerebrale Durchblutungsst\u00f6rungen<\/li>\n<li>periphere arterielle, ven\u00f6se und lymphatische Durchblutungsst\u00f6rungen<\/li>\n<li>H\u00f6rsturz, Tinnitus, Schwindel<\/li>\n<li>Nachbehandlung bei Schlaganf\u00e4llen<\/li>\n<li>Infektanf\u00e4lligkeit<\/li>\n<li>bakterielle, virale Erkrankungen (Hepatitis B, C, Herpes zoster\/simplex)<\/li>\n<li>Fettleber<\/li>\n<li>Allergien<\/li>\n<li>Hauterkrankungen wie Akne und Schuppenflechte (Psoriasis)<\/li>\n<li>Asthma bronchiale<\/li>\n<li>Krebserkrankungen<\/li>\n<li>degenerative Augenerkrankungen<\/li>\n<li>Sportmedizin, zur Verbesserung der Leistungsf\u00e4higkeit<\/li>\n<\/ul>\n","protected":false},"excerpt":{"rendered":"Die Ozontherapie verbessert das Sauerstoffangebot in der Zelle, hat eine aktivierende Wirkung auf die k\u00f6rpereigene Immunabwehr und verbessert die Leber- und Entgiftungsfunktion sowie die Flie\u00dfeigenschaften des Blutes. Bei der gro\u00dfen Ozon-Sauerstofftherapie \u00a0werden etwa 50-120 ml Blut in einem sterilen Gef\u00e4\u00df der Vene entnommen, dann mit einer exakt definierten Ozon-Menge angereichert, die mit roten und wei\u00dfen","protected":false},"author":2,"featured_media":179,"parent":37,"menu_order":0,"comment_status":"closed","ping_status":"closed","template":"page_priem.php","meta":{"footnotes":""},"class_list":["post-178","page","type-page","status-publish","has-post-thumbnail","hentry"],"_links":{"self":[{"href":"https:\/\/prienamed.de\/de\/wp-json\/wp\/v2\/pages\/178","targetHints":{"allow":["GET"]}}],"collection":[{"href":"https:\/\/prienamed.de\/de\/wp-json\/wp\/v2\/pages"}],"about":[{"href":"https:\/\/prienamed.de\/de\/wp-json\/wp\/v2\/types\/page"}],"author":[{"embeddable":true,"href":"https:\/\/prienamed.de\/de\/wp-json\/wp\/v2\/users\/2"}],"replies":[{"embeddable":true,"href":"https:\/\/prienamed.de\/de\/wp-json\/wp\/v2\/comments?post=178"}],"version-history":[{"count":2,"href":"https:\/\/prienamed.de\/de\/wp-json\/wp\/v2\/pages\/178\/revisions"}],"predecessor-version":[{"id":440,"href":"https:\/\/prienamed.de\/de\/wp-json\/wp\/v2\/pages\/178\/revisions\/440"}],"up":[{"embeddable":true,"href":"https:\/\/prienamed.de\/de\/wp-json\/wp\/v2\/pages\/37"}],"wp:featuredmedia":[{"embeddable":true,"href":"https:\/\/prienamed.de\/de\/wp-json\/wp\/v2\/media\/179"}],"wp:attachment":[{"href":"https:\/\/prienamed.de\/de\/wp-json\/wp\/v2\/media?parent=178"}],"curies":[{"name":"wp","href":"https:\/\/api.w.org\/{rel}","templated":true}]}}