{"id":182,"date":"2016-08-24T11:10:00","date_gmt":"2016-08-24T09:10:00","guid":{"rendered":"http:\/\/prienamed.de\/de\/?page_id=182"},"modified":"2016-08-25T13:14:32","modified_gmt":"2016-08-25T11:14:32","slug":"phytotherapie-griechisch-phytos-pflanze","status":"publish","type":"page","link":"https:\/\/prienamed.de\/de\/aerztezentrum-prien\/diagnostik-therapie\/naturheilkundlich-ganzheitsmedizinisch\/phytotherapie-griechisch-phytos-pflanze\/","title":{"rendered":"Phytotherapie (griechisch \u201ePhytos\u201c Pflanze)"},"content":{"rendered":"<p>Behandlung und Vorbeugung von Krankheiten und Befindlichkeitsst\u00f6rungen durch Pflanzen, Pflanzenteile und deren Zubereitungen (meist Vielstoffpr\u00e4parate).<br \/>\nWir setzen eine Vielzahl von verschiedenen pflanzlichen Pr\u00e4paraten, die sich durch eine hohe Wirksamkeit und keine oder nur geringe Nebenwirkungsrate auszeichnen in der Therapie ein. Oft lassen sich die schulmedizinischen Medikamente durch Phytopharmaka gleichwertig ersetzen.<br \/>\nZur Behandlung von psychischen Belastungen verwenden wir neben klassischen Phytotherapeutika wie Johanniskraut auch Bachbl\u00fctentherapie.<\/p>\n","protected":false},"excerpt":{"rendered":"Behandlung und Vorbeugung von Krankheiten und Befindlichkeitsst\u00f6rungen durch Pflanzen, Pflanzenteile und deren Zubereitungen (meist Vielstoffpr\u00e4parate). Wir setzen eine Vielzahl von verschiedenen pflanzlichen Pr\u00e4paraten, die sich durch eine hohe Wirksamkeit und keine oder nur geringe Nebenwirkungsrate auszeichnen in der Therapie ein. Oft lassen sich die schulmedizinischen Medikamente durch Phytopharmaka gleichwertig ersetzen. Zur Behandlung von psychischen Belastungen","protected":false},"author":2,"featured_media":185,"parent":37,"menu_order":0,"comment_status":"closed","ping_status":"closed","template":"page_priem.php","meta":{"footnotes":""},"class_list":["post-182","page","type-page","status-publish","has-post-thumbnail","hentry"],"_links":{"self":[{"href":"https:\/\/prienamed.de\/de\/wp-json\/wp\/v2\/pages\/182","targetHints":{"allow":["GET"]}}],"collection":[{"href":"https:\/\/prienamed.de\/de\/wp-json\/wp\/v2\/pages"}],"about":[{"href":"https:\/\/prienamed.de\/de\/wp-json\/wp\/v2\/types\/page"}],"author":[{"embeddable":true,"href":"https:\/\/prienamed.de\/de\/wp-json\/wp\/v2\/users\/2"}],"replies":[{"embeddable":true,"href":"https:\/\/prienamed.de\/de\/wp-json\/wp\/v2\/comments?post=182"}],"version-history":[{"count":1,"href":"https:\/\/prienamed.de\/de\/wp-json\/wp\/v2\/pages\/182\/revisions"}],"predecessor-version":[{"id":184,"href":"https:\/\/prienamed.de\/de\/wp-json\/wp\/v2\/pages\/182\/revisions\/184"}],"up":[{"embeddable":true,"href":"https:\/\/prienamed.de\/de\/wp-json\/wp\/v2\/pages\/37"}],"wp:featuredmedia":[{"embeddable":true,"href":"https:\/\/prienamed.de\/de\/wp-json\/wp\/v2\/media\/185"}],"wp:attachment":[{"href":"https:\/\/prienamed.de\/de\/wp-json\/wp\/v2\/media?parent=182"}],"curies":[{"name":"wp","href":"https:\/\/api.w.org\/{rel}","templated":true}]}}