{"id":189,"date":"2016-08-24T11:13:53","date_gmt":"2016-08-24T09:13:53","guid":{"rendered":"http:\/\/prienamed.de\/de\/?page_id=189"},"modified":"2022-11-25T22:48:49","modified_gmt":"2022-11-25T21:48:49","slug":"traditionelle-chinesische-medizin-tcm-und-akupunktur","status":"publish","type":"page","link":"https:\/\/prienamed.de\/de\/aerztezentrum-prien\/diagnostik-therapie\/naturheilkundlich-ganzheitsmedizinisch\/traditionelle-chinesische-medizin-tcm-und-akupunktur\/","title":{"rendered":"Traditionelle Chinesische Medizin (TCM) und Akupunktur"},"content":{"rendered":"<p>Die Traditionelle Chinesische Medizin ist ein Jahrtausende altes, in sich geschlossenes, ganzheitliches, komplexes Beschreibungs- und Therapie-System.<br \/>\nDie Akupunktur ist ein wichtiger Bestandteil der TCM, neben Moxibustion, Arzneimitteltherapie und chinesischer Di\u00e4tetik.<\/p>\n<p><b>Ziel<\/b> ist es, die Lebensenergie Qi gleichm\u00e4\u00dfig flie\u00dfen zu lassen und Yin und Yang wieder ins Gleichgewicht zu bringen.<br \/>\nMit Hilfe der chinesischen Zungen- und Pulsdiagnostik wird eine individuelle Diagnose entsprechend der TCM erstellt und anschliessend -falls indiziert- eine Akupunktur-behandlung ggf. mit Zus\u00e4tzen (Moxa, Elektrotherapie, Schr\u00f6pfen) durchgef\u00fchrt.<\/p>\n<p>Nach der Weltgesundheitsorganisation (WHO) ist Akupunktur bei folgenden Krankheitsgruppen indiziert:<\/p>\n<ul>\n<li>Erkrankungen des St\u00fctz und Bewegungssystems (Orthop\u00e4die)<\/li>\n<li>Neurologische Erkrankungen z.B. Kopfschmerz, Migr\u00e4ne, L\u00e4hmungen, etc.<\/li>\n<li>Psychische und psychosomatische St\u00f6rungen, Suchterkrankungen z.B. Schlafst\u00f6rungen, Ersch\u00f6pfung, Unruhezust\u00e4nde, etc.<\/li>\n<li>Erkrankungen der Lunge und Bronchien, z.B. Bronchitis, Asthma bronchiale<\/li>\n<li>Allergische Erkrankungen und Heuschnupfen<\/li>\n<li>Herz- Kreislauferkrankungen z.B. Duchblutungsst\u00f6rungen, funktionelle Herzerkrankungen<\/li>\n<li>Erkrankungen des Magen-Darm-Traktes z.B. Gastritis, \u00dcbelkeit, Durchfall, M. Crohn etc.<\/li>\n<li>Erkrankungen der Nieren und ableitenden Harnwege z.B. Blasenentz\u00fcndungen, Harninkontinenz etc.<\/li>\n<li>Gyn\u00e4kologische Erkrankungen z.B. klimakterische Beschwerden, schmerzhafte Regelblutungen, Geburtsvorbereitung etc.<\/li>\n<li>Hals-Nasen-Ohrenerkrankungen z.B. Schwindel, Tinnitus, Nasennebenh\u00f6hlenentz\u00fcndungen, etc.<\/li>\n<li>Augenerkrankungen z.B. Bindehautentz\u00fcndung, Glaukom, Sehst\u00f6rungen<\/li>\n<li>Hauterkrankungen z.B. Neurodermitis, Ekzeme, Psoriasis etc.<\/li>\n<li>Schmerzen aller Art und Immunschw\u00e4che<\/li>\n<\/ul>\n","protected":false},"excerpt":{"rendered":"Die Traditionelle Chinesische Medizin ist ein Jahrtausende altes, in sich geschlossenes, ganzheitliches, komplexes Beschreibungs- und Therapie-System. Die Akupunktur ist ein wichtiger Bestandteil der TCM, neben Moxibustion, Arzneimitteltherapie und chinesischer Di\u00e4tetik. Ziel ist es, die Lebensenergie Qi gleichm\u00e4\u00dfig flie\u00dfen zu lassen und Yin und Yang wieder ins Gleichgewicht zu bringen. Mit Hilfe der chinesischen Zungen- und","protected":false},"author":2,"featured_media":2300,"parent":37,"menu_order":0,"comment_status":"closed","ping_status":"closed","template":"page_priem.php","meta":{"footnotes":""},"class_list":["post-189","page","type-page","status-publish","has-post-thumbnail","hentry"],"_links":{"self":[{"href":"https:\/\/prienamed.de\/de\/wp-json\/wp\/v2\/pages\/189","targetHints":{"allow":["GET"]}}],"collection":[{"href":"https:\/\/prienamed.de\/de\/wp-json\/wp\/v2\/pages"}],"about":[{"href":"https:\/\/prienamed.de\/de\/wp-json\/wp\/v2\/types\/page"}],"author":[{"embeddable":true,"href":"https:\/\/prienamed.de\/de\/wp-json\/wp\/v2\/users\/2"}],"replies":[{"embeddable":true,"href":"https:\/\/prienamed.de\/de\/wp-json\/wp\/v2\/comments?post=189"}],"version-history":[{"count":1,"href":"https:\/\/prienamed.de\/de\/wp-json\/wp\/v2\/pages\/189\/revisions"}],"predecessor-version":[{"id":192,"href":"https:\/\/prienamed.de\/de\/wp-json\/wp\/v2\/pages\/189\/revisions\/192"}],"up":[{"embeddable":true,"href":"https:\/\/prienamed.de\/de\/wp-json\/wp\/v2\/pages\/37"}],"wp:featuredmedia":[{"embeddable":true,"href":"https:\/\/prienamed.de\/de\/wp-json\/wp\/v2\/media\/2300"}],"wp:attachment":[{"href":"https:\/\/prienamed.de\/de\/wp-json\/wp\/v2\/media?parent=189"}],"curies":[{"name":"wp","href":"https:\/\/api.w.org\/{rel}","templated":true}]}}