{"id":194,"date":"2016-08-24T11:27:51","date_gmt":"2016-08-24T09:27:51","guid":{"rendered":"http:\/\/prienamed.de\/de\/?page_id=194"},"modified":"2024-02-09T10:33:59","modified_gmt":"2024-02-09T09:33:59","slug":"vitalfeld-technologie","status":"publish","type":"page","link":"https:\/\/prienamed.de\/de\/aerztezentrum-prien\/diagnostik-therapie\/naturheilkundlich-ganzheitsmedizinisch\/vitalfeld-technologie\/","title":{"rendered":"Vitalfeld Technologie"},"content":{"rendered":"<p><b>Informationen zur Behandlung mit Vitalfeld Technologie Ger\u00e4ten<\/b><\/p>\n<p>Die ganzheitliche Medizin betrachtet den K\u00f6rper als ein Gesamtsystem, das nur dann gut funktionieren kann, wenn alle Vorg\u00e4nge reibungslos ablaufen. Tritt eine St\u00f6rung an einem K\u00f6rperteil auf, sind unter dieser Betrachtungsweise mehr oder weniger alle K\u00f6rperfunktionen betroffen.<\/p>\n<p>Bei einer nur geringen St\u00f6rung schafft der K\u00f6rper im Zusammenspiel aller Kr\u00e4fte einen Ausgleich und behebt den Schaden wieder. Sind jedoch ein oder mehrere K\u00f6rperteile schon geschw\u00e4cht oder arbeiten nicht optimal, macht sich das nicht in jedem Fall sofort mit Schmerzen oder anderen Beschwerden bemerkbar. Bleibt diese k\u00f6rperliche St\u00f6rung weiterhin unbeachtet, kann das im Laufe der Zeit dazu f\u00fchren, dass die Belastbarkeit des gesamten K\u00f6rpers sinkt und, falls weiterhin nicht beachtet, sich auch an dieser oder einer ganz anderen Stelle unangenehme Symptome entwickeln.<\/p>\n<p>Es kann also manchmal von Vorteil sein, lange bevor es zu k\u00f6rperlichen Beschwerden kommt, vorbeugend zu handeln, anstatt auf Grund der Auswirkungen aufwendige Behandlungen in Kauf nehmen zu m\u00fcssen. In jedem Fall aber k\u00f6nnte, unter einem ganzheitlich betrachtenden Gesichtspunkt, eine Einsch\u00e4tzung \u00fcber die energetische Situation des K\u00f6rpers helfen, die richtigen Behandlungspriorit\u00e4ten einzusch\u00e4tzen.<\/p>\n<p>Global Diagnostics wurde als ein technischer Assistent entwickelt, um bei der Einsch\u00e4tzung von Vorbeugema\u00dfnahmen und Abhilfen zu helfen.<\/p>\n<p>Wir beraten Sie gerne. Bitte wenden Sie sich vertrauensvoll an uns. Wenn Sie Fragen haben, steht Ihnen unser kompetentes Team jederzeit gerne zur Verf\u00fcgung. Tel.: 08051-96550, <a href=\"mailto:kontakt@prienamed.de\">kontakt@prienamed.de <\/a><\/p>\n<p><b>VitalfeldTechnologie \u2013 Mehr Chancen auf Gesundheit bis ins hohe Alter. <a href=\"http:\/\/www.vitatec.com\/anwendung\/information-zur-behandlung-mit-vitalfeldtechnologie\/vitalfeld-analyse-global-diagnostics\" target=\"_blank\" rel=\"noopener\">Auf der Website von Vitatec k\u00f6nnen Sie sich ausf\u00fchrlich informieren.<\/a><\/b><\/p>\n","protected":false},"excerpt":{"rendered":"Informationen zur Behandlung mit Vitalfeld Technologie Ger\u00e4ten Die ganzheitliche Medizin betrachtet den K\u00f6rper als ein Gesamtsystem, das nur dann gut funktionieren kann, wenn alle Vorg\u00e4nge reibungslos ablaufen. Tritt eine St\u00f6rung an einem K\u00f6rperteil auf, sind unter dieser Betrachtungsweise mehr oder weniger alle K\u00f6rperfunktionen betroffen. Bei einer nur geringen St\u00f6rung schafft der K\u00f6rper im Zusammenspiel aller","protected":false},"author":2,"featured_media":0,"parent":37,"menu_order":0,"comment_status":"closed","ping_status":"closed","template":"page_priem.php","meta":{"footnotes":""},"class_list":["post-194","page","type-page","status-publish","hentry"],"_links":{"self":[{"href":"https:\/\/prienamed.de\/de\/wp-json\/wp\/v2\/pages\/194","targetHints":{"allow":["GET"]}}],"collection":[{"href":"https:\/\/prienamed.de\/de\/wp-json\/wp\/v2\/pages"}],"about":[{"href":"https:\/\/prienamed.de\/de\/wp-json\/wp\/v2\/types\/page"}],"author":[{"embeddable":true,"href":"https:\/\/prienamed.de\/de\/wp-json\/wp\/v2\/users\/2"}],"replies":[{"embeddable":true,"href":"https:\/\/prienamed.de\/de\/wp-json\/wp\/v2\/comments?post=194"}],"version-history":[{"count":3,"href":"https:\/\/prienamed.de\/de\/wp-json\/wp\/v2\/pages\/194\/revisions"}],"predecessor-version":[{"id":2302,"href":"https:\/\/prienamed.de\/de\/wp-json\/wp\/v2\/pages\/194\/revisions\/2302"}],"up":[{"embeddable":true,"href":"https:\/\/prienamed.de\/de\/wp-json\/wp\/v2\/pages\/37"}],"wp:attachment":[{"href":"https:\/\/prienamed.de\/de\/wp-json\/wp\/v2\/media?parent=194"}],"curies":[{"name":"wp","href":"https:\/\/api.w.org\/{rel}","templated":true}]}}