{"id":202,"date":"2016-08-24T12:10:23","date_gmt":"2016-08-24T10:10:23","guid":{"rendered":"http:\/\/prienamed.de\/de\/?page_id=202"},"modified":"2021-07-08T14:46:26","modified_gmt":"2021-07-08T12:46:26","slug":"allgemeinmedizin","status":"publish","type":"page","link":"https:\/\/prienamed.de\/de\/aerztezentrum-prien\/diagnostik-therapie\/fachspezifisch\/allgemeinmedizin\/","title":{"rendered":"Allgemeinmedizin"},"content":{"rendered":"<div id=\"contentContainer\" class=\"clearfix\">\n<div id=\"whiteBg\">\n<div id=\"content\">\n<div class=\"textItem\">\n<p>Allgemeinmedizin in unserem Hause bedeutet neben der klassischen schulmedizinischen Diagnostik und Therapie die ganzheitliche Begleitung unserer Patienten vom S\u00e4uglings- bis zum Greisenalter. Ziel unseres \u00e4rztlichen Handelns ist es, den Patienten als \u201eGanzheit\u201c zu sehen und m\u00f6glichst die Ursachen von St\u00f6rungen zu erkennen. Bei vielf\u00e4ltigen Beschwerden unter-schiedlichster Art wie z.B. Verdauungsbeschwerden, Energielosigkeit, Leistungsabfall, Kopfschmerzen oder Allergien finden wir h\u00e4ufig intestinale Dysbiosen (Darmpilz), Parasitosen, Nahrungsmittelunvertr\u00e4glichkeiten, Schwermetallbelastungen oder auch St\u00f6rherde. Hier kommen naturheilkundliche Verfahren, wie z.B. Akupunktur, Applied Kinesiology, Chirotherapie, Osteopathie, Hom\u00f6opathie, Orthomolekulare Medizin zum Einsatz. Oft ist auch eine enge Zusammenarbeit mit Orthop\u00e4den, Zahnarzt und Physiotherapeuten wichtig.<\/p>\n<p><b>Erfahren Sie mehr \u00fcber unser Zentrum f\u00fcr Integrative Innere Medizin und Allgemeinmedizin in unserer Brosch\u00fcre<\/b><\/p>\n<p><a href=\"http:\/\/prienamed.de\/de\/wp-content\/uploads\/sites\/2\/2017\/01\/Flyer_Zentrum_innere_Medizin-FS.pdf\" target=\"_blank\" rel=\"noopener\">Seite 1<\/a><\/p>\n<p><a href=\"http:\/\/prienamed.de\/de\/wp-content\/uploads\/sites\/2\/2017\/01\/Flyer_Zentrum_innere_Medizin-BS.pdf\" target=\"_blank\" rel=\"noopener\">Seite 2<\/a><\/p>\n<\/div>\n<\/div>\n<\/div>\n<\/div>\n","protected":false},"excerpt":{"rendered":"Allgemeinmedizin in unserem Hause bedeutet neben der klassischen schulmedizinischen Diagnostik und Therapie die ganzheitliche Begleitung unserer Patienten vom S\u00e4uglings- bis zum Greisenalter. Ziel unseres \u00e4rztlichen Handelns ist es, den Patienten als \u201eGanzheit\u201c zu sehen und m\u00f6glichst die Ursachen von St\u00f6rungen zu erkennen. Bei vielf\u00e4ltigen Beschwerden unter-schiedlichster Art wie z.B. Verdauungsbeschwerden, Energielosigkeit, Leistungsabfall, Kopfschmerzen oder Allergien","protected":false},"author":2,"featured_media":2107,"parent":417,"menu_order":0,"comment_status":"closed","ping_status":"closed","template":"page_priem.php","meta":{"footnotes":""},"class_list":["post-202","page","type-page","status-publish","has-post-thumbnail","hentry"],"_links":{"self":[{"href":"https:\/\/prienamed.de\/de\/wp-json\/wp\/v2\/pages\/202","targetHints":{"allow":["GET"]}}],"collection":[{"href":"https:\/\/prienamed.de\/de\/wp-json\/wp\/v2\/pages"}],"about":[{"href":"https:\/\/prienamed.de\/de\/wp-json\/wp\/v2\/types\/page"}],"author":[{"embeddable":true,"href":"https:\/\/prienamed.de\/de\/wp-json\/wp\/v2\/users\/2"}],"replies":[{"embeddable":true,"href":"https:\/\/prienamed.de\/de\/wp-json\/wp\/v2\/comments?post=202"}],"version-history":[{"count":3,"href":"https:\/\/prienamed.de\/de\/wp-json\/wp\/v2\/pages\/202\/revisions"}],"predecessor-version":[{"id":2128,"href":"https:\/\/prienamed.de\/de\/wp-json\/wp\/v2\/pages\/202\/revisions\/2128"}],"up":[{"embeddable":true,"href":"https:\/\/prienamed.de\/de\/wp-json\/wp\/v2\/pages\/417"}],"wp:featuredmedia":[{"embeddable":true,"href":"https:\/\/prienamed.de\/de\/wp-json\/wp\/v2\/media\/2107"}],"wp:attachment":[{"href":"https:\/\/prienamed.de\/de\/wp-json\/wp\/v2\/media?parent=202"}],"curies":[{"name":"wp","href":"https:\/\/api.w.org\/{rel}","templated":true}]}}