{"id":208,"date":"2016-08-24T12:13:41","date_gmt":"2016-08-24T10:13:41","guid":{"rendered":"http:\/\/prienamed.de\/de\/?page_id=208"},"modified":"2022-08-10T15:07:36","modified_gmt":"2022-08-10T13:07:36","slug":"augenheilkunde","status":"publish","type":"page","link":"https:\/\/prienamed.de\/de\/aerztezentrum-prien\/diagnostik-therapie\/fachspezifisch\/augenheilkunde\/","title":{"rendered":"Augenheilkunde"},"content":{"rendered":"<p>Das Fachgebiet der schulmedizinischen Augenheilkunde beinhaltet:<\/p>\n<ul>\n<li>Diagnostik und Therapie aller krankhaften, entz\u00fcndlichen, traumatischen, altersbedingten etc. Ver\u00e4nderungen der Augengewebe, der Augenh\u00f6hle, der Augenmuskeln sowie der Anhangsgebilde, Lider, Tr\u00e4nenwege etc.<\/li>\n<li>Korrektion von Fehlsichtigkeiten, Kurz-, Weit- und Stabsichtigkeit (Astigmatismus)<\/li>\n<li>Diagnostik und Therapie der Abweichungen vom normalen beid\u00e4ugigen Sehen, von latentem und manifestem Schielen bei Kindern und Erwachsenen sowie Prophylaxe von Schwachsichtigkeiten.<\/li>\n<li>Verschiedene lasertherapeutische Eingriffe<\/li>\n<li>Eventuell notwendige operative Ma\u00dfnahmen, z. B. beim grauen und sog. gr\u00fcnen Star, bei Netzhauterkrankungen, z. B. bei Netzhautabl\u00f6sungen, bei der sog. feuchten Makuladegeneration, sowie Operationen an den \u00e4u\u00dferen Augenmuskeln, z. B. bei Schielsyndromen und weitere operative Eingriffe werden in speziell daf\u00fcr eingerichteten Augenkliniken durchgef\u00fchrt.<\/li>\n<\/ul>\n<p>Augenheilkunde in unserem Hause soll neben der klassischen schulmedizinischen Diagnostik und konservativen Therapie eine ganzheitliche Begleitung unserer Patienten sein.<\/p>\n<p>Dabei werden naturheilkundliche Verfahren wie Akupunktur, Applied Kinesiology, Orthomolekulare Medizin etc. angewendet.<\/p>\n<p>Oft ist es auch wichtig und sinnvoll mit anderen Fachgebieten in unserem Hause zusammen zu arbeiten, um ganzheitliche therapeutische Ma\u00dfnahmen zu ergreifen.<\/p>\n","protected":false},"excerpt":{"rendered":"Das Fachgebiet der schulmedizinischen Augenheilkunde beinhaltet: Diagnostik und Therapie aller krankhaften, entz\u00fcndlichen, traumatischen, altersbedingten etc. Ver\u00e4nderungen der Augengewebe, der Augenh\u00f6hle, der Augenmuskeln sowie der Anhangsgebilde, Lider, Tr\u00e4nenwege etc. Korrektion von Fehlsichtigkeiten, Kurz-, Weit- und Stabsichtigkeit (Astigmatismus) Diagnostik und Therapie der Abweichungen vom normalen beid\u00e4ugigen Sehen, von latentem und manifestem Schielen bei Kindern und Erwachsenen sowie","protected":false},"author":2,"featured_media":2236,"parent":417,"menu_order":0,"comment_status":"closed","ping_status":"closed","template":"page_priem.php","meta":{"footnotes":""},"class_list":["post-208","page","type-page","status-publish","has-post-thumbnail","hentry"],"_links":{"self":[{"href":"https:\/\/prienamed.de\/de\/wp-json\/wp\/v2\/pages\/208","targetHints":{"allow":["GET"]}}],"collection":[{"href":"https:\/\/prienamed.de\/de\/wp-json\/wp\/v2\/pages"}],"about":[{"href":"https:\/\/prienamed.de\/de\/wp-json\/wp\/v2\/types\/page"}],"author":[{"embeddable":true,"href":"https:\/\/prienamed.de\/de\/wp-json\/wp\/v2\/users\/2"}],"replies":[{"embeddable":true,"href":"https:\/\/prienamed.de\/de\/wp-json\/wp\/v2\/comments?post=208"}],"version-history":[{"count":2,"href":"https:\/\/prienamed.de\/de\/wp-json\/wp\/v2\/pages\/208\/revisions"}],"predecessor-version":[{"id":1078,"href":"https:\/\/prienamed.de\/de\/wp-json\/wp\/v2\/pages\/208\/revisions\/1078"}],"up":[{"embeddable":true,"href":"https:\/\/prienamed.de\/de\/wp-json\/wp\/v2\/pages\/417"}],"wp:featuredmedia":[{"embeddable":true,"href":"https:\/\/prienamed.de\/de\/wp-json\/wp\/v2\/media\/2236"}],"wp:attachment":[{"href":"https:\/\/prienamed.de\/de\/wp-json\/wp\/v2\/media?parent=208"}],"curies":[{"name":"wp","href":"https:\/\/api.w.org\/{rel}","templated":true}]}}