{"id":212,"date":"2016-08-24T12:15:44","date_gmt":"2016-08-24T10:15:44","guid":{"rendered":"http:\/\/prienamed.de\/de\/?page_id=212"},"modified":"2022-11-25T22:57:14","modified_gmt":"2022-11-25T21:57:14","slug":"dermatologie","status":"publish","type":"page","link":"https:\/\/prienamed.de\/de\/aerztezentrum-prien\/diagnostik-therapie\/fachspezifisch\/dermatologie\/","title":{"rendered":"Dermatologie"},"content":{"rendered":"<p>Grunds\u00e4tzlich werden s\u00e4mtliche Hauterkrankungen ganzheitlich untersucht und behandelt:<\/p>\n<ul>\n<li><b>Allergologie\/Atopischer Formenkreis (Neurodermitis, Ekzeme, Heuschnupfen, Asthma bronchiale):<\/b> Durch individuelle Austestung von Nahrungsmittel-, Inhalations- und Kontaktallergien \u00fcber Applied Kinesiology bzw. erg\u00e4nzend durch Prick- oder Epicutantest und Laboruntersuchungen in Kombination mit Akupunktur, Orthomolekularer Therapie und Hom\u00f6opathie lassen sich in der Regel ohne Verwendung von Kortisonpr\u00e4paraten oder Antihistaminika deutliche Verbesserungen erzielen.<\/li>\n<li><b>Psoriasis (Schuppenflechte):<\/b> bei dieser Erkrankung lassen sich h\u00e4ufig \u00fcber eine Kombination von ausleitenden entgiftenden Verfahren, Sanierung von chronischen, stummen (bakteriellen) Entz\u00fcndungsherden im K\u00f6rper sowie orthomolekularer Medizin und Hom\u00f6opathie gute Erfolge erzielen.<\/li>\n<li><strong>Psychische und psychosoziale Aspekte bei Hauterkrankungen<\/strong><\/li>\n<li><strong>Dermatologische Immunologie<\/strong><\/li>\n<li><strong>Autoimmunerkrankungen<\/strong> (z.B. Lupus erythematodes, Alopezia areata)<\/li>\n<\/ul>\n<p>Klassische\/schulmedizinische Methoden werden soweit erforderlich als Erg\u00e4nzung oder sinnvolle Alternative bei o.g. Diagnosen eingesetzt, kommen dar\u00fcber hinaus vorwiegend in den folgenden Bereichen zur Anwendung:<\/p>\n<ul>\n<li><b>Computerassistierte Dermatologie:<\/b> Digitales Photodokumentationssystem zur Erfassung und Analyse von Pigmentmalen auf Gut- oder B\u00f6sartigkeit.<\/li>\n<li><b>Hautkrebsvorsorge:<\/b> klinisch dermatologische Kontrolle von Hauttumoren und ggf. Therapie.<\/li>\n<li><b>Phlebologie:<\/b> Untersuchung des Venensystems&nbsp;auf Krampfadern und Thrombosen mittels Ultraschall. Ver\u00f6dung von Besenreissern. Minimalinvasive Phlebektomien (Krampfadernentfernung mit winzigen Hautschnitten).<br \/>\n<strong>VNUS-Closure Verfahren<\/strong>: Behandlung von Krampfadern mittels Radiowellentherapie-eine effektive, schmerzfreie und ambulante Alternative zum schmerzhaften chirurgischen Venenstripping (siehe auch <a href=\"http:\/\/www.vnus.de\">www.vnus.de<\/a>).<\/li>\n<li><b>Ambulante Operationen:<\/b> Exzision von Pigmentmalen und Hauttumoren, Probebiopsien, Narbenkorrekturen, oberfl\u00e4chliche Shave-Exzisionen.<\/li>\n<li><b>Dermatologische Kosmetik:<\/b> Hauttypberatung, Peeling (u.a. Fruchts\u00e4ure, Kr\u00e4utertiefensch\u00e4lkur, TCA) bei Akne und alternder Haut. Unterspritzung mit Hyalurons\u00e4ure bei Faltenbildung. Mesotherapie mit Hyalurons\u00e4ure.&nbsp;Injektion von Botulinumtoxin bei Faltenbildung und \u00fcberm\u00e4\u00dfigem Schwitzen. Cellulitebehandlung. Kosmetische Akupunktur.<br \/>\nFaltengl\u00e4ttung und Verbesserung der Gesichtskonturen mit dem <strong>Thermage Verfahren, <\/strong>ein nicht &#8211; invasives Behandlungsverfahren zur Neubildung von Kollagen (siehe auch <a href=\"http:\/\/www.thermage.de\">www.thermage.de<\/a>).<\/li>\n<li><strong>VEGA &#8211; Test<\/strong>: Elektroakupunktur (diagnostisch\/therapeutisch)<\/li>\n<\/ul>\n","protected":false},"excerpt":{"rendered":"Grunds\u00e4tzlich werden s\u00e4mtliche Hauterkrankungen ganzheitlich untersucht und behandelt: Allergologie\/Atopischer Formenkreis (Neurodermitis, Ekzeme, Heuschnupfen, Asthma bronchiale): Durch individuelle Austestung von Nahrungsmittel-, Inhalations- und Kontaktallergien \u00fcber Applied Kinesiology bzw. erg\u00e4nzend durch Prick- oder Epicutantest und Laboruntersuchungen in Kombination mit Akupunktur, Orthomolekularer Therapie und Hom\u00f6opathie lassen sich in der Regel ohne Verwendung von Kortisonpr\u00e4paraten oder Antihistaminika deutliche Verbesserungen","protected":false},"author":2,"featured_media":2303,"parent":417,"menu_order":0,"comment_status":"closed","ping_status":"closed","template":"page_priem.php","meta":{"footnotes":""},"class_list":["post-212","page","type-page","status-publish","has-post-thumbnail","hentry"],"_links":{"self":[{"href":"https:\/\/prienamed.de\/de\/wp-json\/wp\/v2\/pages\/212","targetHints":{"allow":["GET"]}}],"collection":[{"href":"https:\/\/prienamed.de\/de\/wp-json\/wp\/v2\/pages"}],"about":[{"href":"https:\/\/prienamed.de\/de\/wp-json\/wp\/v2\/types\/page"}],"author":[{"embeddable":true,"href":"https:\/\/prienamed.de\/de\/wp-json\/wp\/v2\/users\/2"}],"replies":[{"embeddable":true,"href":"https:\/\/prienamed.de\/de\/wp-json\/wp\/v2\/comments?post=212"}],"version-history":[{"count":2,"href":"https:\/\/prienamed.de\/de\/wp-json\/wp\/v2\/pages\/212\/revisions"}],"predecessor-version":[{"id":2129,"href":"https:\/\/prienamed.de\/de\/wp-json\/wp\/v2\/pages\/212\/revisions\/2129"}],"up":[{"embeddable":true,"href":"https:\/\/prienamed.de\/de\/wp-json\/wp\/v2\/pages\/417"}],"wp:featuredmedia":[{"embeddable":true,"href":"https:\/\/prienamed.de\/de\/wp-json\/wp\/v2\/media\/2303"}],"wp:attachment":[{"href":"https:\/\/prienamed.de\/de\/wp-json\/wp\/v2\/media?parent=212"}],"curies":[{"name":"wp","href":"https:\/\/api.w.org\/{rel}","templated":true}]}}