{"id":216,"date":"2016-08-24T12:22:07","date_gmt":"2016-08-24T10:22:07","guid":{"rendered":"http:\/\/prienamed.de\/de\/?page_id=216"},"modified":"2022-08-10T15:09:14","modified_gmt":"2022-08-10T13:09:14","slug":"hals-nasen-ohrenheilkunde","status":"publish","type":"page","link":"https:\/\/prienamed.de\/de\/aerztezentrum-prien\/diagnostik-therapie\/fachspezifisch\/hals-nasen-ohrenheilkunde\/","title":{"rendered":"Hals-Nasen-Ohrenheilkunde"},"content":{"rendered":"<p>Selbstverst\u00e4ndlich d\u00fcrfen Sie die ganze Palette zeitgem\u00e4\u00dfer Diagnostik erwarten, die zur Kl\u00e4rung von Erkrankungen im HNO-Bereich unabdingbar ist, einschlie\u00dflich der Allergien der oberen Atemwege. Der HNO-Arzt ist aber mehr als nur ein Spezialist f\u00fcr Hals, Nase und Ohren, tats\u00e4chlich ist die HNO-Praxis eine \u201ePraxis der Sinne\u201c. Wird nicht ganz selbstverst\u00e4ndlich&nbsp;erwartet, dass unsere Sinnesleistungen wie Riechen, Schmecken, H\u00f6ren und das Halten des Gleichgewichts&nbsp;problemlos funktionieren? Wie wichtig diese Sinne im Alltag sind und wie wenig bewusst man sie beachtet,&nbsp;macht sich erst dann bemerkbar, wenn ihre Funktion eingeschr\u00e4nkt ist oder gar ganz ausf\u00e4llt.<br \/>\nWeitere Schwerpunkte der HNO-Praxis sind die Abkl\u00e4rung von Schnarchen und schlafbezogenen Atmungsst\u00f6rungen, von unklaren Schmerzsyndromen im Kopf- Halsbereich, sowie vor allem von H\u00f6rst\u00f6rungen, Ohrger\u00e4uschen und Schwindel. Bei diesen oft sehr belastenden Erkrankungsbildern ist ein \u00fcber die schulmedizinischen Grenzen hinausgehender, eben ganzheitlicher Blickwinkel n\u00f6tig, um erfolgreich behandeln zu k\u00f6nnen. Denn oft genug finden sich&nbsp;urs\u00e4chliche Erkrankungen au\u00dferhalb des Hals-Nasen-Ohrenbereichs, wie etwa Entz\u00fcndungsherde an den Z\u00e4hnen, St\u00f6rungen der Halswirbels\u00e4ule oder des Kiefergelenks, die vordringlich entdeckt und behandelt werden m\u00fcssen;&nbsp;wenn n\u00f6tig unter Hinzuziehung weiterer \u00c4rzte, die Facharztvielfalt des Prienamed \u00c4rztehauses bietet hierf\u00fcr hervorragende Bedingungen. Dementsprechend kommt der ganzheitliche Ansatz im HNO-Bereich&nbsp;auch in der Anwendung&nbsp; breitgef\u00e4cherter, alternativer Untersuchungs- und Behandlungstechniken zum Ausdruck: der Applied Kinesiology, der Osteopathischen Medizin und&nbsp;der Akupunktur, die nach den Regeln der Traditionellen Chinesischen Medizin ausge\u00fcbt werden.<br \/>\nIn der Zusammenschau ergeben sich L\u00f6sungen.<\/p>\n","protected":false},"excerpt":{"rendered":"Selbstverst\u00e4ndlich d\u00fcrfen Sie die ganze Palette zeitgem\u00e4\u00dfer Diagnostik erwarten, die zur Kl\u00e4rung von Erkrankungen im HNO-Bereich unabdingbar ist, einschlie\u00dflich der Allergien der oberen Atemwege. Der HNO-Arzt ist aber mehr als nur ein Spezialist f\u00fcr Hals, Nase und Ohren, tats\u00e4chlich ist die HNO-Praxis eine \u201ePraxis der Sinne\u201c. Wird nicht ganz selbstverst\u00e4ndlich&nbsp;erwartet, dass unsere Sinnesleistungen wie Riechen,","protected":false},"author":2,"featured_media":2104,"parent":417,"menu_order":0,"comment_status":"closed","ping_status":"closed","template":"page_priem.php","meta":{"footnotes":""},"class_list":["post-216","page","type-page","status-publish","has-post-thumbnail","hentry"],"_links":{"self":[{"href":"https:\/\/prienamed.de\/de\/wp-json\/wp\/v2\/pages\/216","targetHints":{"allow":["GET"]}}],"collection":[{"href":"https:\/\/prienamed.de\/de\/wp-json\/wp\/v2\/pages"}],"about":[{"href":"https:\/\/prienamed.de\/de\/wp-json\/wp\/v2\/types\/page"}],"author":[{"embeddable":true,"href":"https:\/\/prienamed.de\/de\/wp-json\/wp\/v2\/users\/2"}],"replies":[{"embeddable":true,"href":"https:\/\/prienamed.de\/de\/wp-json\/wp\/v2\/comments?post=216"}],"version-history":[{"count":2,"href":"https:\/\/prienamed.de\/de\/wp-json\/wp\/v2\/pages\/216\/revisions"}],"predecessor-version":[{"id":2130,"href":"https:\/\/prienamed.de\/de\/wp-json\/wp\/v2\/pages\/216\/revisions\/2130"}],"up":[{"embeddable":true,"href":"https:\/\/prienamed.de\/de\/wp-json\/wp\/v2\/pages\/417"}],"wp:featuredmedia":[{"embeddable":true,"href":"https:\/\/prienamed.de\/de\/wp-json\/wp\/v2\/media\/2104"}],"wp:attachment":[{"href":"https:\/\/prienamed.de\/de\/wp-json\/wp\/v2\/media?parent=216"}],"curies":[{"name":"wp","href":"https:\/\/api.w.org\/{rel}","templated":true}]}}