{"id":220,"date":"2016-08-24T12:25:59","date_gmt":"2016-08-24T10:25:59","guid":{"rendered":"http:\/\/prienamed.de\/de\/?page_id=220"},"modified":"2022-12-23T10:40:04","modified_gmt":"2022-12-23T09:40:04","slug":"innere-medizin","status":"publish","type":"page","link":"https:\/\/prienamed.de\/de\/aerztezentrum-prien\/diagnostik-therapie\/fachspezifisch\/innere-medizin\/","title":{"rendered":"Innere Medizin und Kardiologie"},"content":{"rendered":"<div id=\"contentContainer\" class=\"clearfix\">\n<div id=\"whiteBg\">\n<div id=\"content\">\n<div class=\"textItem\">\n<p><span class=\"arial\">Die Innere Medizin besch\u00e4ftigt sich mit Erkrankungen der inneren Organe und ihren Auswirkungen auf den Gesamtorganismus einschlie\u00dflich der Psyche des Menschen.<br \/>\nHierzu geh\u00f6ren neben den sogenannten Zivilisationskrankheiten (wie Zuckerkrankheit, Bluthochdruck, \u00dcbergewichtigkeit) Erkrankungen des Herz-Kreislaufsystems, der Atmungs- und Verdauungsorgane und der Nieren. Zudem befasst sich die Innere Medizin mit den Stoffwechselerkrankungen, der Ern\u00e4hrung und den Hormondysregulationen, der Rheumatologie sowie Erkrankungen des Blutbildes, des Immunsystems und des Lymphsystems. Aber auch Infektionskrankheiten, Krebserkrankungen und psychosomatische Krankheitsbilder sind Teilgebiete der Inneren Medizin.<br \/>\nMit Hilfe moderner Untersuchungsmethoden und Behandlungsmethoden, dem Wissen aus Schulmedizin und den naturheilkundlichen Verfahren und unserem ganzheitlichen Therapiekonzept entwickeln wir f\u00fcr jeden Patienten eine individuelle Behandlungsstrategie.<br \/>\nBesonderes Augenmerk gilt hier im Prienamed der Prophylaxe und Behandlung der oben aufgef\u00fchrten Krankheiten.<\/span><\/p>\n<\/div>\n<\/div>\n<\/div>\n<\/div>\n","protected":false},"excerpt":{"rendered":"Die Innere Medizin besch\u00e4ftigt sich mit Erkrankungen der inneren Organe und ihren Auswirkungen auf den Gesamtorganismus einschlie\u00dflich der Psyche des Menschen. Hierzu geh\u00f6ren neben den sogenannten Zivilisationskrankheiten (wie Zuckerkrankheit, Bluthochdruck, \u00dcbergewichtigkeit) Erkrankungen des Herz-Kreislaufsystems, der Atmungs- und Verdauungsorgane und der Nieren. Zudem befasst sich die Innere Medizin mit den Stoffwechselerkrankungen, der Ern\u00e4hrung und den Hormondysregulationen,","protected":false},"author":2,"featured_media":2279,"parent":417,"menu_order":0,"comment_status":"closed","ping_status":"closed","template":"page_priem.php","meta":{"footnotes":""},"class_list":["post-220","page","type-page","status-publish","has-post-thumbnail","hentry"],"_links":{"self":[{"href":"https:\/\/prienamed.de\/de\/wp-json\/wp\/v2\/pages\/220","targetHints":{"allow":["GET"]}}],"collection":[{"href":"https:\/\/prienamed.de\/de\/wp-json\/wp\/v2\/pages"}],"about":[{"href":"https:\/\/prienamed.de\/de\/wp-json\/wp\/v2\/types\/page"}],"author":[{"embeddable":true,"href":"https:\/\/prienamed.de\/de\/wp-json\/wp\/v2\/users\/2"}],"replies":[{"embeddable":true,"href":"https:\/\/prienamed.de\/de\/wp-json\/wp\/v2\/comments?post=220"}],"version-history":[{"count":4,"href":"https:\/\/prienamed.de\/de\/wp-json\/wp\/v2\/pages\/220\/revisions"}],"predecessor-version":[{"id":2333,"href":"https:\/\/prienamed.de\/de\/wp-json\/wp\/v2\/pages\/220\/revisions\/2333"}],"up":[{"embeddable":true,"href":"https:\/\/prienamed.de\/de\/wp-json\/wp\/v2\/pages\/417"}],"wp:featuredmedia":[{"embeddable":true,"href":"https:\/\/prienamed.de\/de\/wp-json\/wp\/v2\/media\/2279"}],"wp:attachment":[{"href":"https:\/\/prienamed.de\/de\/wp-json\/wp\/v2\/media?parent=220"}],"curies":[{"name":"wp","href":"https:\/\/api.w.org\/{rel}","templated":true}]}}