{"id":2285,"date":"2022-11-25T21:55:21","date_gmt":"2022-11-25T20:55:21","guid":{"rendered":"http:\/\/prienamed.de\/de\/?page_id=2285"},"modified":"2022-12-06T14:19:30","modified_gmt":"2022-12-06T13:19:30","slug":"dr-med-univ-banja-luka-amajla-kovacevic","status":"publish","type":"page","link":"https:\/\/prienamed.de\/de\/aerztezentrum-prien\/aerzte-der-praxisgemeinschaft\/dr-med-univ-banja-luka-amajla-kovacevic\/","title":{"rendered":"Dr. med. (Univ. Banja-Luka) Amajla Kovacevic"},"content":{"rendered":"\n<p><strong>Berufsbezeichnung:<\/strong> <br>Fach\u00e4rztin f\u00fcr Innere Medizin<\/p>\n\n\n\n<p><strong>Spezialgebiete:<\/strong><\/p>\n\n\n\n<ul class=\"wp-block-list\"><li>Abkl\u00e4rung von Bauchbeschwerden:<ul><li>Labordiagnostik<\/li><\/ul><ul><li>Abdominelle Ultraschalluntersuchung<\/li><\/ul><\/li><\/ul>\n\n\n\n<ul class=\"wp-block-list\"><li>Abkl\u00e4rung funktioneller und struktureller Schilddr\u00fcsenerkrankungen:<ul><li>Labordiagnostik inkl. Serologie<\/li><\/ul><ul><li>Ultraschalluntersuchung der Schilddr\u00fcse<\/li><\/ul><\/li><\/ul>\n\n\n\n<ul class=\"wp-block-list\"><li>Kardiologische Abkl\u00e4rung:<ul><li>Ruhe \u2013 EKG<\/li><\/ul><ul><li>Ergometrie<\/li><\/ul><ul><li>24 Stunden \u2013 EKG<\/li><\/ul><ul><li>24 Stunden \u2013 Blutdruckmessung inkl. medikament\u00f6ser Blutdruckeinstellung<\/li><\/ul><ul><li>Transthorakale Echokardiographie<\/li><\/ul><\/li><\/ul>\n\n\n\n<ul class=\"wp-block-list\"><li>Abkl\u00e4rung Gef\u00e4\u00dfstatus und Schlaganfallrisiko:<ul><li>Duplexsonographie der hirnversorgenden Gef\u00e4\u00dfe<\/li><\/ul><ul><li>Ultraschalluntersuchung der Aorta<\/li><\/ul><\/li><\/ul>\n\n\n\n<ul class=\"wp-block-list\"><li>Abkl\u00e4rung Atemwegsbeschwerden:<ul><li>Labordiagnostik<\/li><\/ul><ul><li>Lungenfunktionspr\u00fcfung<\/li><\/ul><\/li><\/ul>\n\n\n\n<ul class=\"wp-block-list\"><li>Immunsystem und Infektionskrankheiten:<ul><li>Ozontherapie<\/li><\/ul><ul><li>Nosoden und Hom\u00f6opathika<\/li><\/ul><\/li><\/ul>\n\n\n\n<ul class=\"wp-block-list\"><li>Funktionelle Myodiagnostik (Applied Kinesiology)<ul><li>Ganzk\u00f6rperuntersuchung bei Verdacht auf Regulationsst\u00f6rungen sowie Herd- und St\u00f6rfeldsuche und erg\u00e4nzende Infektdiagnostik (insbesondere Parasiten \u2013 und Pilzbefall des Darms)<\/li><\/ul><\/li><\/ul>\n\n\n\n<ul class=\"wp-block-list\"><li>Akupunktur<\/li><li>Psychosomatische Grundversorgung<\/li><\/ul>\n\n\n\n<p>Termine nur nach Vereinbarung<\/p>\n\n\n\n<p><\/p>\n","protected":false},"excerpt":{"rendered":"Berufsbezeichnung: Fach\u00e4rztin f\u00fcr Innere Medizin Spezialgebiete: Abkl\u00e4rung von Bauchbeschwerden: Labordiagnostik Abdominelle Ultraschalluntersuchung Abkl\u00e4rung funktioneller und struktureller Schilddr\u00fcsenerkrankungen: Labordiagnostik inkl. Serologie Ultraschalluntersuchung der Schilddr\u00fcse Kardiologische Abkl\u00e4rung: Ruhe \u2013 EKG Ergometrie 24 Stunden \u2013 EKG 24 Stunden \u2013 Blutdruckmessung inkl. medikament\u00f6ser Blutdruckeinstellung Transthorakale Echokardiographie Abkl\u00e4rung Gef\u00e4\u00dfstatus und Schlaganfallrisiko: Duplexsonographie der hirnversorgenden Gef\u00e4\u00dfe Ultraschalluntersuchung der Aorta Abkl\u00e4rung Atemwegsbeschwerden:","protected":false},"author":2,"featured_media":2326,"parent":23,"menu_order":0,"comment_status":"closed","ping_status":"closed","template":"page_doctor_priem.php","meta":{"footnotes":""},"class_list":["post-2285","page","type-page","status-publish","has-post-thumbnail","hentry"],"_links":{"self":[{"href":"https:\/\/prienamed.de\/de\/wp-json\/wp\/v2\/pages\/2285","targetHints":{"allow":["GET"]}}],"collection":[{"href":"https:\/\/prienamed.de\/de\/wp-json\/wp\/v2\/pages"}],"about":[{"href":"https:\/\/prienamed.de\/de\/wp-json\/wp\/v2\/types\/page"}],"author":[{"embeddable":true,"href":"https:\/\/prienamed.de\/de\/wp-json\/wp\/v2\/users\/2"}],"replies":[{"embeddable":true,"href":"https:\/\/prienamed.de\/de\/wp-json\/wp\/v2\/comments?post=2285"}],"version-history":[{"count":10,"href":"https:\/\/prienamed.de\/de\/wp-json\/wp\/v2\/pages\/2285\/revisions"}],"predecessor-version":[{"id":2323,"href":"https:\/\/prienamed.de\/de\/wp-json\/wp\/v2\/pages\/2285\/revisions\/2323"}],"up":[{"embeddable":true,"href":"https:\/\/prienamed.de\/de\/wp-json\/wp\/v2\/pages\/23"}],"wp:featuredmedia":[{"embeddable":true,"href":"https:\/\/prienamed.de\/de\/wp-json\/wp\/v2\/media\/2326"}],"wp:attachment":[{"href":"https:\/\/prienamed.de\/de\/wp-json\/wp\/v2\/media?parent=2285"}],"curies":[{"name":"wp","href":"https:\/\/api.w.org\/{rel}","templated":true}]}}