{"id":236,"date":"2016-08-24T12:47:56","date_gmt":"2016-08-24T10:47:56","guid":{"rendered":"http:\/\/prienamed.de\/de\/?page_id=236"},"modified":"2021-07-08T14:54:59","modified_gmt":"2021-07-08T12:54:59","slug":"medizinische-standarddiagnostik","status":"publish","type":"page","link":"https:\/\/prienamed.de\/de\/aerztezentrum-prien\/diagnostik-therapie\/fachspezifisch\/medizinische-standarddiagnostik\/","title":{"rendered":"Medizinische Standarddiagnostik"},"content":{"rendered":"<div id=\"contentContainer\" class=\"clearfix\">\n<div id=\"whiteBg\">\n<div id=\"content\">\n<div class=\"textItem\">\n<ul>\n<li>EKG<\/li>\n<li>Belastungs-EKG<\/li>\n<li>Lungenfunktionspr\u00fcfung (Spirometrie)<\/li>\n<li>Gastroskopie<\/li>\n<li>Koloskopie<\/li>\n<li>R\u00f6ntgen<\/li>\n<li>Labor mit vielen Spezialuntersuchungen<\/li>\n<li>Tonschwellen H\u00f6rtest<\/li>\n<li>Akustisch evozierte Hirnpotentiale<\/li>\n<li>Tympanometrie<\/li>\n<li>Endoskopie von Nebenh\u00f6hlen und Kehlkopf<\/li>\n<li>Ohrmikroskopie<\/li>\n<\/ul>\n<\/div>\n<\/div>\n<\/div>\n<\/div>\n","protected":false},"excerpt":{"rendered":"EKG Belastungs-EKG Lungenfunktionspr\u00fcfung (Spirometrie) Gastroskopie Koloskopie R\u00f6ntgen Labor mit vielen Spezialuntersuchungen Tonschwellen H\u00f6rtest Akustisch evozierte Hirnpotentiale Tympanometrie Endoskopie von Nebenh\u00f6hlen und Kehlkopf Ohrmikroskopie","protected":false},"author":2,"featured_media":2097,"parent":417,"menu_order":0,"comment_status":"closed","ping_status":"closed","template":"page_priem.php","meta":{"footnotes":""},"class_list":["post-236","page","type-page","status-publish","has-post-thumbnail","hentry"],"_links":{"self":[{"href":"https:\/\/prienamed.de\/de\/wp-json\/wp\/v2\/pages\/236","targetHints":{"allow":["GET"]}}],"collection":[{"href":"https:\/\/prienamed.de\/de\/wp-json\/wp\/v2\/pages"}],"about":[{"href":"https:\/\/prienamed.de\/de\/wp-json\/wp\/v2\/types\/page"}],"author":[{"embeddable":true,"href":"https:\/\/prienamed.de\/de\/wp-json\/wp\/v2\/users\/2"}],"replies":[{"embeddable":true,"href":"https:\/\/prienamed.de\/de\/wp-json\/wp\/v2\/comments?post=236"}],"version-history":[{"count":1,"href":"https:\/\/prienamed.de\/de\/wp-json\/wp\/v2\/pages\/236\/revisions"}],"predecessor-version":[{"id":239,"href":"https:\/\/prienamed.de\/de\/wp-json\/wp\/v2\/pages\/236\/revisions\/239"}],"up":[{"embeddable":true,"href":"https:\/\/prienamed.de\/de\/wp-json\/wp\/v2\/pages\/417"}],"wp:featuredmedia":[{"embeddable":true,"href":"https:\/\/prienamed.de\/de\/wp-json\/wp\/v2\/media\/2097"}],"wp:attachment":[{"href":"https:\/\/prienamed.de\/de\/wp-json\/wp\/v2\/media?parent=236"}],"curies":[{"name":"wp","href":"https:\/\/api.w.org\/{rel}","templated":true}]}}