{"id":2510,"date":"2024-06-28T09:16:56","date_gmt":"2024-06-28T07:16:56","guid":{"rendered":"http:\/\/prienamed.de\/de\/?page_id=2510"},"modified":"2024-10-22T14:59:34","modified_gmt":"2024-10-22T12:59:34","slug":"dr-med-yvonne-darlong","status":"publish","type":"page","link":"https:\/\/prienamed.de\/de\/dr-med-yvonne-darlong\/","title":{"rendered":"Dr. med. Yvonne Darlong"},"content":{"rendered":"\n<p>\u00c4rztin<\/p>\n\n\n\n<p><strong>Besondere Untersuchungs- und Behandlungsmethoden:<\/strong><\/p>\n\n\n\n<div class=\"wp-block-group\"><div class=\"wp-block-group__inner-container is-layout-flow wp-block-group-is-layout-flow\">\n<ul class=\"wp-block-list\"><li>Manualmedizinische\/chirotherapeutische Behandlung<\/li><li>Osteopathische Behandlung<\/li><li>Akupunktur (A-Diplom)<\/li><li>Infiltrationsbehandlung<\/li><\/ul>\n<\/div><\/div>\n\n\n\n<p>Dr. Yvonne Darlong bietet ganzheitliche Medizin f\u00fcr Beschwerden des Bewegungsapparates, insbesondere auch f\u00fcr Kinder.<\/p>\n\n\n\n<p>Sie verbindet ihr schulmedizinisch-orthop\u00e4disches Wissen und ihre manualmedizinischen F\u00e4higkeiten mit Methoden aus der Alternativen Medizin. Hierzu geh\u00f6ren Elemente der traditionell chinesischen Medizin, wie z.B. Akupunktur und naturheilkundliche Ans\u00e4tze.<\/p>\n\n\n\n<p>Aus ihren bisherigen T\u00e4tigkeiten bringt sie viel Erfahrung im Bereich der Kinderorthop\u00e4die mit. Zudem befasst sie sich intensiv mit orthop\u00e4disch bedingten, frauenspezifischen Beschwerden.<\/p>\n\n\n\n<p>Dr. Darlong nimmt sich gerne viel Zeit f\u00fcr ihre Patienten, denn eine umfassende Anamnese und differenzierte k\u00f6rperliche Untersuchung sind unmittelbare Voraussetzung f\u00fcr die ganzheitliche Betrachtungsweise.<\/p>\n\n\n\n<p>Ihr Behandlungsstil ist von einem empathischen und wertsch\u00e4tzenden Umgang gepr\u00e4gt. Sie wird ihre Patienten bei der Linderung ihrer Beschwerden bzw. der Verbesserung ihres Wohlbefindens bestm\u00f6glich begleiten.<\/p>\n\n\n\n<p>Termine nur nach telefonischer Vereinbarung.<\/p>\n\n\n\n<p>Anmeldung unter: 089\/6202199-0, Fax: -99<\/p>\n\n\n\n<p><a href=\"https:\/\/www.ganzheitsmedizin-darlong.de\" target=\"_blank\" rel=\"noreferrer noopener\">https:\/\/www.ganzheitsmedizin-darlong.de<\/a><\/p>\n","protected":false},"excerpt":{"rendered":"\u00c4rztin Besondere Untersuchungs- und Behandlungsmethoden: Manualmedizinische\/chirotherapeutische Behandlung Osteopathische Behandlung Akupunktur (A-Diplom) Infiltrationsbehandlung Dr. Yvonne Darlong bietet ganzheitliche Medizin f\u00fcr Beschwerden des Bewegungsapparates, insbesondere auch f\u00fcr Kinder. Sie verbindet ihr schulmedizinisch-orthop\u00e4disches Wissen und ihre manualmedizinischen F\u00e4higkeiten mit Methoden aus der Alternativen Medizin. Hierzu geh\u00f6ren Elemente der traditionell chinesischen Medizin, wie z.B. Akupunktur und naturheilkundliche Ans\u00e4tze. Aus","protected":false},"author":2,"featured_media":2512,"parent":0,"menu_order":0,"comment_status":"closed","ping_status":"closed","template":"page_doctor_munich.php","meta":{"footnotes":""},"class_list":["post-2510","page","type-page","status-publish","has-post-thumbnail","hentry"],"_links":{"self":[{"href":"https:\/\/prienamed.de\/de\/wp-json\/wp\/v2\/pages\/2510","targetHints":{"allow":["GET"]}}],"collection":[{"href":"https:\/\/prienamed.de\/de\/wp-json\/wp\/v2\/pages"}],"about":[{"href":"https:\/\/prienamed.de\/de\/wp-json\/wp\/v2\/types\/page"}],"author":[{"embeddable":true,"href":"https:\/\/prienamed.de\/de\/wp-json\/wp\/v2\/users\/2"}],"replies":[{"embeddable":true,"href":"https:\/\/prienamed.de\/de\/wp-json\/wp\/v2\/comments?post=2510"}],"version-history":[{"count":8,"href":"https:\/\/prienamed.de\/de\/wp-json\/wp\/v2\/pages\/2510\/revisions"}],"predecessor-version":[{"id":2550,"href":"https:\/\/prienamed.de\/de\/wp-json\/wp\/v2\/pages\/2510\/revisions\/2550"}],"wp:featuredmedia":[{"embeddable":true,"href":"https:\/\/prienamed.de\/de\/wp-json\/wp\/v2\/media\/2512"}],"wp:attachment":[{"href":"https:\/\/prienamed.de\/de\/wp-json\/wp\/v2\/media?parent=2510"}],"curies":[{"name":"wp","href":"https:\/\/api.w.org\/{rel}","templated":true}]}}