{"id":26,"date":"2016-07-04T17:51:35","date_gmt":"2016-07-04T15:51:35","guid":{"rendered":"http:\/\/prienamed.de\/de\/?page_id=26"},"modified":"2023-10-18T16:38:30","modified_gmt":"2023-10-18T14:38:30","slug":"prof-prof-h-c-shanghai-dr-harald-gumbiller","status":"publish","type":"page","link":"https:\/\/prienamed.de\/de\/aerztezentrum-prien\/aerzte-der-praxisgemeinschaft\/prof-prof-h-c-shanghai-dr-harald-gumbiller\/","title":{"rendered":"Prof. Prof. h.c. (Shanghai) Dr. TCM Dr. med. Harald Gumbiller"},"content":{"rendered":"<p>Gastprofessor des Huashan Hospitals der Fudan University in Shanghai<br \/>\nEhrenprofessor des Departements f\u00fcr Integrative Medizin am Shanghai Medical College der Fudan University<\/p>\n<p>&nbsp;<\/p>\n<p><strong><br \/>\nBerufsbezeichnung:<\/strong> Facharzt f\u00fcr Orthop\u00e4die<br \/>\n<strong>Zusatzbezeichnung:<\/strong> Chirotherapie, Sportmedizin, Akupunktur<br \/>\n<strong>Spezialgebiete:<\/strong> Osteopathische Medizin, Applied Kinesiology, Herd- und St\u00f6rfeldsuche, ganzheitliche Schmerztherapie<\/p>\n<p><strong>Lehrt\u00e4tigkeit:<\/strong> Dozent f\u00fcr Chirotherapie \/ Manuelle Medizin bei der Deutschen Gesellschaft f\u00fcr muskuloskeletale Medizin,<br \/>\nDozent f\u00fcr Osteopathische Medizin bei der Deutschen Gesellschaft f\u00fcr Osteopathische Medizin.<\/p>\n<p>Dozent f\u00fcr Manuelle Medizin \/ Osteopathie f\u00fcr Zahnmediziner.<\/p>\n<p>Pr\u00e4sident und Dozent f\u00fcr Traditionelle Chinesische Medizin bei der Deutschen Au\u00dfenstelle f\u00fcr Akupunktur der Fudan University e.V., mit offiziellem Lehrauftrag der Fudan University Shanghai, China.<br \/>\nVizepr\u00e4sident der EATCM (Europ\u00e4ische&nbsp;Akademie f\u00fcr Traditionelle Chinesische Medizin)<br \/>\nAbendtermine sind m\u00f6glich.<br \/>\nTermine nur nach telefonischer Vereinbarung.<br \/>\n<strong>Anmeldung unter: 08051 \/ 9655-0, Fax: -110<\/strong><\/p>\n","protected":false},"excerpt":{"rendered":"Gastprofessor des Huashan Hospitals der Fudan University in Shanghai Ehrenprofessor des Departements f\u00fcr Integrative Medizin am Shanghai Medical College der Fudan University &nbsp; Berufsbezeichnung: Facharzt f\u00fcr Orthop\u00e4die Zusatzbezeichnung: Chirotherapie, Sportmedizin, Akupunktur Spezialgebiete: Osteopathische Medizin, Applied Kinesiology, Herd- und St\u00f6rfeldsuche, ganzheitliche Schmerztherapie Lehrt\u00e4tigkeit: Dozent f\u00fcr Chirotherapie \/ Manuelle Medizin bei der Deutschen Gesellschaft f\u00fcr muskuloskeletale Medizin,","protected":false},"author":1,"featured_media":2014,"parent":23,"menu_order":0,"comment_status":"closed","ping_status":"closed","template":"page_doctor_priem.php","meta":{"footnotes":""},"class_list":["post-26","page","type-page","status-publish","has-post-thumbnail","hentry"],"_links":{"self":[{"href":"https:\/\/prienamed.de\/de\/wp-json\/wp\/v2\/pages\/26","targetHints":{"allow":["GET"]}}],"collection":[{"href":"https:\/\/prienamed.de\/de\/wp-json\/wp\/v2\/pages"}],"about":[{"href":"https:\/\/prienamed.de\/de\/wp-json\/wp\/v2\/types\/page"}],"author":[{"embeddable":true,"href":"https:\/\/prienamed.de\/de\/wp-json\/wp\/v2\/users\/1"}],"replies":[{"embeddable":true,"href":"https:\/\/prienamed.de\/de\/wp-json\/wp\/v2\/comments?post=26"}],"version-history":[{"count":9,"href":"https:\/\/prienamed.de\/de\/wp-json\/wp\/v2\/pages\/26\/revisions"}],"predecessor-version":[{"id":2416,"href":"https:\/\/prienamed.de\/de\/wp-json\/wp\/v2\/pages\/26\/revisions\/2416"}],"up":[{"embeddable":true,"href":"https:\/\/prienamed.de\/de\/wp-json\/wp\/v2\/pages\/23"}],"wp:featuredmedia":[{"embeddable":true,"href":"https:\/\/prienamed.de\/de\/wp-json\/wp\/v2\/media\/2014"}],"wp:attachment":[{"href":"https:\/\/prienamed.de\/de\/wp-json\/wp\/v2\/media?parent=26"}],"curies":[{"name":"wp","href":"https:\/\/api.w.org\/{rel}","templated":true}]}}