{"id":279,"date":"2016-08-24T14:09:23","date_gmt":"2016-08-24T12:09:23","guid":{"rendered":"http:\/\/prienamed.de\/de\/?page_id=279"},"modified":"2026-01-13T15:01:01","modified_gmt":"2026-01-13T14:01:01","slug":"der-prienamed-mega-check","status":"publish","type":"page","link":"https:\/\/prienamed.de\/de\/der-prienamed-mega-check\/","title":{"rendered":"Der Prienamed MEGA Check"},"content":{"rendered":"<p><strong>ME<\/strong>DIZINISCHER <strong><strong>GA<\/strong><\/strong>NZHEITSCHECK AN EINEM TAG<\/p>\r\n<p>Der Prienamed MEGA Check\u00a0&#8211; der ganzheitliche Check, um \u201egesund alt zu werden\u201c, stellt ein bisher in Deutschland einzigartiges Konzept dar. Hierbei verbinden sich komplement\u00e4r neueste schulmedizinische Diagnosemethoden mit dem Erfahrungsschatz der Naturheilkunde.<br \/>Die Gesamtheit der Untersuchungen bei verschiedenen Fach\u00e4rzten soll Ihnen dabei helfen, gesundheitliche St\u00f6rungen fr\u00fchzeitig zu erkennen und zu behandeln, mit dem Ziel, Ihre Gesundheit zu erhalten. <strong>Vertragspartner f\u00fcr Sie als Patientin und Patient sind die jeweiligen privat niedergelassenen Fach\u00e4rzte und Therapeuten<\/strong>.<br \/>Betrachten Sie uns als langfristigen Partner f\u00fcr Ihre Gesundheit.<\/p>\r\n<p>Gerne k\u00f6nnen Sie Ihren Termin direkt online vereinbaren, lassen Sie sich jedoch von den Uhrzeiten nicht irritieren, der Check up beginnt morgens um 07:00 und endet um ca. 18:45. W\u00e4hlen Sie einfach eine Uhrzeit an dem f\u00fcr Sie passenden Tag aus.<\/p>\r\n<p>Ihr\u00a0Prienamed MEGA Check\u00a0&#8211; Team<\/p>\r\n<p><a class=\"button button--red\" href=\"https:\/\/webtermin.medatixx.de\/#\/e9af90bb-db1b-476a-88b3-5eac94723d96\" target=\"_blank\" rel=\"noopener\">Online Terminbuchung MEGA Check<\/a><\/p>\r\n<p>25.02.2026<\/p>\r\n<p>18.03.2026<\/p>\r\n<p>22.04.2026<\/p>\r\n<p>20.05.2026<\/p>\r\n<p>24.06.2026<\/p>\r\n<p>22.07.2026<\/p>\r\n<p>23.09.2026<\/p>\r\n<p>21.10.2026<\/p>\r\n<p>18.11.2026<\/p>\r\n<p><a href=\"https:\/\/webtermin.medatixx.de\/#\/e9af90bb-db1b-476a-88b3-5eac94723d96\">Interessieren Sie sich f\u00fcr unser Check Up Angebot, m\u00f6chten Sie sich anmelden, haben Sie Fragen, dann kontaktieren Sie uns unter <\/a><a href=\"mailto:kontakt@prienamed.de\">kontakt@prienamed.de<\/a><br \/><b>Ihr Ansprechpartner:<\/b> Rezeption Prienamed \u00c4rztehaus, Tel.: 08051-9655-0<\/p>\r\n<p>Weitere Informationen bieten wir Ihnen in unserem Flyer zum <a href=\"http:\/\/prienamed.de\/de\/wp-content\/uploads\/sites\/2\/2016\/08\/PP-Check-Informationen.pdf\" target=\"_blank\" rel=\"noopener\">Downloaden<\/a><\/p>\r\n<p><strong>\u00a0<\/strong><\/p>\r\n\r\n<p>&nbsp;<\/p>\r\n","protected":false},"excerpt":{"rendered":"MEDIZINISCHER GANZHEITSCHECK AN EINEM TAG Der Prienamed MEGA Check\u00a0&#8211; der ganzheitliche Check, um \u201egesund alt zu werden\u201c, stellt ein bisher in Deutschland einzigartiges Konzept dar. Hierbei verbinden sich komplement\u00e4r neueste schulmedizinische Diagnosemethoden mit dem Erfahrungsschatz der Naturheilkunde.Die Gesamtheit der Untersuchungen bei verschiedenen Fach\u00e4rzten soll Ihnen dabei helfen, gesundheitliche St\u00f6rungen fr\u00fchzeitig zu erkennen und zu behandeln,","protected":false},"author":2,"featured_media":280,"parent":0,"menu_order":0,"comment_status":"closed","ping_status":"closed","template":"page_priem.php","meta":{"footnotes":""},"class_list":["post-279","page","type-page","status-publish","has-post-thumbnail","hentry"],"_links":{"self":[{"href":"https:\/\/prienamed.de\/de\/wp-json\/wp\/v2\/pages\/279","targetHints":{"allow":["GET"]}}],"collection":[{"href":"https:\/\/prienamed.de\/de\/wp-json\/wp\/v2\/pages"}],"about":[{"href":"https:\/\/prienamed.de\/de\/wp-json\/wp\/v2\/types\/page"}],"author":[{"embeddable":true,"href":"https:\/\/prienamed.de\/de\/wp-json\/wp\/v2\/users\/2"}],"replies":[{"embeddable":true,"href":"https:\/\/prienamed.de\/de\/wp-json\/wp\/v2\/comments?post=279"}],"version-history":[{"count":62,"href":"https:\/\/prienamed.de\/de\/wp-json\/wp\/v2\/pages\/279\/revisions"}],"predecessor-version":[{"id":2756,"href":"https:\/\/prienamed.de\/de\/wp-json\/wp\/v2\/pages\/279\/revisions\/2756"}],"wp:featuredmedia":[{"embeddable":true,"href":"https:\/\/prienamed.de\/de\/wp-json\/wp\/v2\/media\/280"}],"wp:attachment":[{"href":"https:\/\/prienamed.de\/de\/wp-json\/wp\/v2\/media?parent=279"}],"curies":[{"name":"wp","href":"https:\/\/api.w.org\/{rel}","templated":true}]}}