{"id":289,"date":"2016-08-24T14:27:21","date_gmt":"2016-08-24T12:27:21","guid":{"rendered":"http:\/\/prienamed.de\/de\/?page_id=289"},"modified":"2018-08-27T11:52:45","modified_gmt":"2018-08-27T09:52:45","slug":"aerztezentrum-muenchen","status":"publish","type":"page","link":"https:\/\/prienamed.de\/de\/aerztezentrum-muenchen\/","title":{"rendered":"\u00c4rztezentrum M\u00fcnchen"},"content":{"rendered":"<h1>Im Prienamed M\u00fcnchen haben wir folgende Fachgruppen unter einem Dach vereint:<\/h1>\n<p>Allgemeinmedizin, Orthop\u00e4die, Physikalische und Rehabilitative Medizin, Dermatologie, Innere Medizin, Kardiologie, Leistungsdiagnostik und Physiotherapie.<\/p>\n<p>Unter dem Motto \u201eGemeinsam sind wir st\u00e4rker\u201c sprechen wir<br \/>\nfach\u00fcbergreifend die gemeinsame Sprache der Ganzheitsmedizin.<\/p>\n<p>Unter Ganzheitsmedizin verstehen wir die Verbindung neuester schulmedizinischer Methoden mit dem Erfahrungsschatz der Naturheilkunde. Dabei stehen Sie als Patient mit Ihrem<br \/>\nindividuellen k\u00f6rperlichen, geistigen und seelischen Befinden im Mittelpunkt unserer Arbeit.<br \/>\nUnser Team will ein individuell auf Sie zugeschnittenes Behandlungs- und Gesundheitskonzept finden, denn jeder Mensch ist anders und bedarf spezifischer Therapiekombinationen.<br \/>\nUnser fach\u00fcbergreifender Ansatz ist kein \u201eEntweder-oder\u201c, sondern ein \u201eSowohl-als-auch\u201c.<br \/>\nUnser Ziel ist ein maximaler Behandlungseffekt f\u00fcr Sie durch die Kombination verschiedenster Verfahren und Therapieformen.<\/p>\n<p><a href=\"http:\/\/prienamed.de\/de\/wp-content\/uploads\/sites\/2\/2017\/03\/hausprospekt_muenchen_web.pdf\" target=\"_blank\" rel=\"noopener\">Hausprospekt als Download<\/a><\/p>\n","protected":false},"excerpt":{"rendered":"Im Prienamed M\u00fcnchen haben wir folgende Fachgruppen unter einem Dach vereint: Allgemeinmedizin, Orthop\u00e4die, Physikalische und Rehabilitative Medizin, Dermatologie, Innere Medizin, Kardiologie, Leistungsdiagnostik und Physiotherapie. Unter dem Motto \u201eGemeinsam sind wir st\u00e4rker\u201c sprechen wir fach\u00fcbergreifend die gemeinsame Sprache der Ganzheitsmedizin. Unter Ganzheitsmedizin verstehen wir die Verbindung neuester schulmedizinischer Methoden mit dem Erfahrungsschatz der Naturheilkunde. Dabei stehen","protected":false},"author":2,"featured_media":290,"parent":0,"menu_order":0,"comment_status":"closed","ping_status":"closed","template":"page_munich.php","meta":{"footnotes":""},"class_list":["post-289","page","type-page","status-publish","has-post-thumbnail","hentry"],"_links":{"self":[{"href":"https:\/\/prienamed.de\/de\/wp-json\/wp\/v2\/pages\/289","targetHints":{"allow":["GET"]}}],"collection":[{"href":"https:\/\/prienamed.de\/de\/wp-json\/wp\/v2\/pages"}],"about":[{"href":"https:\/\/prienamed.de\/de\/wp-json\/wp\/v2\/types\/page"}],"author":[{"embeddable":true,"href":"https:\/\/prienamed.de\/de\/wp-json\/wp\/v2\/users\/2"}],"replies":[{"embeddable":true,"href":"https:\/\/prienamed.de\/de\/wp-json\/wp\/v2\/comments?post=289"}],"version-history":[{"count":5,"href":"https:\/\/prienamed.de\/de\/wp-json\/wp\/v2\/pages\/289\/revisions"}],"predecessor-version":[{"id":1437,"href":"https:\/\/prienamed.de\/de\/wp-json\/wp\/v2\/pages\/289\/revisions\/1437"}],"wp:featuredmedia":[{"embeddable":true,"href":"https:\/\/prienamed.de\/de\/wp-json\/wp\/v2\/media\/290"}],"wp:attachment":[{"href":"https:\/\/prienamed.de\/de\/wp-json\/wp\/v2\/media?parent=289"}],"curies":[{"name":"wp","href":"https:\/\/api.w.org\/{rel}","templated":true}]}}