{"id":34,"date":"2016-07-06T17:32:18","date_gmt":"2016-07-06T15:32:18","guid":{"rendered":"http:\/\/prienamed.de\/de\/?page_id=34"},"modified":"2022-11-25T23:06:13","modified_gmt":"2022-11-25T22:06:13","slug":"diagnostik-therapie","status":"publish","type":"page","link":"https:\/\/prienamed.de\/de\/aerztezentrum-prien\/diagnostik-therapie\/","title":{"rendered":"Diagnostik &amp; Therapie"},"content":{"rendered":"<p>Entsprechend unserem Motto, <strong>\u201eHeilen mit Herz und Hand, Erfahrung und Verstand\u201c <\/strong>sprechen unsere \u00c4rzte die gemeinsame Sprache der Ganzheitsmedizin. Durch die <strong>Kombination von fortschrittlicher Schulmedizin mit dem Erfahrungsschatz der Naturheilkunde <\/strong>k\u00f6nnen wir zum Wohle unserer Patienten anhaltende Erfolge in der Diagnostik und Therapie erzielen. Der interdisziplin\u00e4re Austausch und unser Behandlungskonzept, Medizin eben anders, fach\u00fcbergreifend und ganzheitlich zu betreiben, lassen uns positiv in die Zukunft blicken.<\/p>\n<p>Prienamed, hier geht es um Ihre Gesundheit<\/p>\n<ul>\n<li>Naturheilkundlich\/Ganzheitsmedizinische Diagnostik und Therapie<\/li>\n<li>Fachspezifische Diagnostik und Therapie<\/li>\n<\/ul>\n<p>&nbsp;<\/p>\n","protected":false},"excerpt":{"rendered":"Entsprechend unserem Motto, \u201eHeilen mit Herz und Hand, Erfahrung und Verstand\u201c sprechen unsere \u00c4rzte die gemeinsame Sprache der Ganzheitsmedizin. Durch die Kombination von fortschrittlicher Schulmedizin mit dem Erfahrungsschatz der Naturheilkunde k\u00f6nnen wir zum Wohle unserer Patienten anhaltende Erfolge in der Diagnostik und Therapie erzielen. Der interdisziplin\u00e4re Austausch und unser Behandlungskonzept, Medizin eben anders, fach\u00fcbergreifend und","protected":false},"author":1,"featured_media":2268,"parent":17,"menu_order":0,"comment_status":"closed","ping_status":"closed","template":"page_priem.php","meta":{"footnotes":""},"class_list":["post-34","page","type-page","status-publish","has-post-thumbnail","hentry"],"_links":{"self":[{"href":"https:\/\/prienamed.de\/de\/wp-json\/wp\/v2\/pages\/34","targetHints":{"allow":["GET"]}}],"collection":[{"href":"https:\/\/prienamed.de\/de\/wp-json\/wp\/v2\/pages"}],"about":[{"href":"https:\/\/prienamed.de\/de\/wp-json\/wp\/v2\/types\/page"}],"author":[{"embeddable":true,"href":"https:\/\/prienamed.de\/de\/wp-json\/wp\/v2\/users\/1"}],"replies":[{"embeddable":true,"href":"https:\/\/prienamed.de\/de\/wp-json\/wp\/v2\/comments?post=34"}],"version-history":[{"count":4,"href":"https:\/\/prienamed.de\/de\/wp-json\/wp\/v2\/pages\/34\/revisions"}],"predecessor-version":[{"id":732,"href":"https:\/\/prienamed.de\/de\/wp-json\/wp\/v2\/pages\/34\/revisions\/732"}],"up":[{"embeddable":true,"href":"https:\/\/prienamed.de\/de\/wp-json\/wp\/v2\/pages\/17"}],"wp:featuredmedia":[{"embeddable":true,"href":"https:\/\/prienamed.de\/de\/wp-json\/wp\/v2\/media\/2268"}],"wp:attachment":[{"href":"https:\/\/prienamed.de\/de\/wp-json\/wp\/v2\/media?parent=34"}],"curies":[{"name":"wp","href":"https:\/\/api.w.org\/{rel}","templated":true}]}}