{"id":37,"date":"2016-07-06T17:38:49","date_gmt":"2016-07-06T15:38:49","guid":{"rendered":"http:\/\/prienamed.de\/de\/?page_id=37"},"modified":"2024-02-09T10:32:19","modified_gmt":"2024-02-09T09:32:19","slug":"naturheilkundlich-ganzheitsmedizinisch","status":"publish","type":"page","link":"https:\/\/prienamed.de\/de\/aerztezentrum-prien\/diagnostik-therapie\/naturheilkundlich-ganzheitsmedizinisch\/","title":{"rendered":"Naturheilkundlich \/ Ganzheitsmedizinisch"},"content":{"rendered":"<h1>Unter Naturheilverfahren versteht man:<\/h1>\n<div class=\"textItem\">\n<p><i>Alle Ma\u00dfnahmen, die mit nat\u00fcrlichen Mitteln als therapeutische Reize auf eine Beteiligung und Nutzung selbstregulierender Prozesse des Menschen in Richtung Gesundheit zielen. (Melchart)<\/i><\/p>\n<p>Alle Naturheilverfahren folgen dem Reiz-Reaktions-Prinzip! Das hei\u00dft, wenn wir einen entsprechenden Reiz am oder im K\u00f6rper eines Patienten setzen, wird er entsprechend reagieren. Wie stark und wie schnell die Reaktion des Organismus ausf\u00e4llt ist bei jedem Menschen unterschiedlich. Die Wirkung der Naturheilverfahren geht im Gegensatz zur Schulmedizin \u00fcber die Anwendungszeit z.B. einer Tablette hinaus und wirkt auch nach dem Ende der Therapie noch weiter.<br \/>\nDie Naturheilverfahren haben ein extrem gro\u00dfes Anwendungsgebiet, sind l\u00e4nger anhaltend, schonender und zudem oft preiswerter als die Schulmedizin.<br \/>\nIn unserer Praxis bieten wir Ihnen eine Vielzahl von Naturheilverfahren an, die wir genau f\u00fcr Ihre Bed\u00fcrfnisse zusammenstellen.<\/p>\n<\/div>\n","protected":false},"excerpt":{"rendered":"Unter Naturheilverfahren versteht man: Alle Ma\u00dfnahmen, die mit nat\u00fcrlichen Mitteln als therapeutische Reize auf eine Beteiligung und Nutzung selbstregulierender Prozesse des Menschen in Richtung Gesundheit zielen. (Melchart) Alle Naturheilverfahren folgen dem Reiz-Reaktions-Prinzip! Das hei\u00dft, wenn wir einen entsprechenden Reiz am oder im K\u00f6rper eines Patienten setzen, wird er entsprechend reagieren. Wie stark und wie schnell","protected":false},"author":1,"featured_media":0,"parent":34,"menu_order":0,"comment_status":"closed","ping_status":"closed","template":"page_priem.php","meta":{"footnotes":""},"class_list":["post-37","page","type-page","status-publish","hentry"],"_links":{"self":[{"href":"https:\/\/prienamed.de\/de\/wp-json\/wp\/v2\/pages\/37","targetHints":{"allow":["GET"]}}],"collection":[{"href":"https:\/\/prienamed.de\/de\/wp-json\/wp\/v2\/pages"}],"about":[{"href":"https:\/\/prienamed.de\/de\/wp-json\/wp\/v2\/types\/page"}],"author":[{"embeddable":true,"href":"https:\/\/prienamed.de\/de\/wp-json\/wp\/v2\/users\/1"}],"replies":[{"embeddable":true,"href":"https:\/\/prienamed.de\/de\/wp-json\/wp\/v2\/comments?post=37"}],"version-history":[{"count":3,"href":"https:\/\/prienamed.de\/de\/wp-json\/wp\/v2\/pages\/37\/revisions"}],"predecessor-version":[{"id":868,"href":"https:\/\/prienamed.de\/de\/wp-json\/wp\/v2\/pages\/37\/revisions\/868"}],"up":[{"embeddable":true,"href":"https:\/\/prienamed.de\/de\/wp-json\/wp\/v2\/pages\/34"}],"wp:attachment":[{"href":"https:\/\/prienamed.de\/de\/wp-json\/wp\/v2\/media?parent=37"}],"curies":[{"name":"wp","href":"https:\/\/api.w.org\/{rel}","templated":true}]}}