{"id":377,"date":"2016-08-26T07:17:32","date_gmt":"2016-08-26T05:17:32","guid":{"rendered":"http:\/\/prienamed.de\/de\/?page_id=377"},"modified":"2022-09-14T14:27:14","modified_gmt":"2022-09-14T12:27:14","slug":"dr-med-frank-kuhlmann","status":"publish","type":"page","link":"https:\/\/prienamed.de\/de\/aerztezentrum-muenchen\/aerzte-der-praxisgemeinschaft\/dr-med-frank-kuhlmann\/","title":{"rendered":"Dr. med. Frank Kuhlmann"},"content":{"rendered":"<div><b>Berufsbezeichnung:<\/b><\/div>\n<div><\/div>\n<div>Facharzt f\u00fcr Innere Medizin<br \/>\nFacharzt f\u00fcr Kardiologie<br \/>\n<b><\/b><\/div>\n<div><\/div>\n<div><b>Besondere Untersuchungs- und Behandlungsgebiete: <\/b><\/div>\n<ul>\n<li>Ganzheitliche Medizin<\/li>\n<li>Naturheilverfahren &#8211; Phytotherapie<\/li>\n<li>Herz- Kreislauferkrankungen<\/li>\n<li>Sport- und Leistungsdiagnostik<\/li>\n<li>Vegetative Ersch\u00f6pfungssyndrome &#8211; Neurostressdiagnostik &#8211; Burn-out-Therapie<\/li>\n<li>Darmsymbioselenkung &#8211; Nahrungsunvertr\u00e4glichkeiten<\/li>\n<li>Funktionelle Magen- Darmbeschwerden<\/li>\n<li>Ern\u00e4hrungsberatung &#8211; Stoffwechselerkrankungen<\/li>\n<li>Allergieausleitung<\/li>\n<li>Immunmodulation zur Infekt- und Tumorabwehr<\/li>\n<li>Pilz-, Parasiten-, Schwermetallausleitung<\/li>\n<li>Migr\u00e4ne, Tinnitus, Tics, Neuralgien<\/li>\n<li>Applied Kinesiology<\/li>\n<li>Traditionelle Chinesische Akupunktur<\/li>\n<\/ul>\n<div><\/div>\n<div>&nbsp;<b> Ganzheitliche Medizin<\/b> unter Integration &amp; Symbiose von<\/div>\n<ul>\n<li><b>Moderner Kardiologie und Innerer Medizin<\/b> in Verbindung mit<\/li>\n<li><b>Naturheilverfahren, Traditioneller Chinesischer Akupunktur und Applied Kinesiology.<\/b><\/li>\n<li>Mit dem Ziel, <b>Ihre k\u00f6rperliche Vitalit\u00e4t &amp; geistige Frische zu erhalten und zu steigern.<\/b><\/li>\n<\/ul>\n<p><b>Nach dem Prinzip: <\/b><b>Gesundheit &amp; Vitalit\u00e4t erhalten, vorsorglich Leben gestalten.<\/b><\/p>\n<p><b>Insbesondere:<\/b><\/p>\n<ul>\n<li><b>Moderner kardiologischer\/internistischer Gesamt-Cheque-up<\/b> mit individueller kardiovaskul\u00e4rer Risikoanalyse, Fitness- und Leistungsdiagnostik, u.a. mit der Bestimmung Ihrer anaeroben Schwelle, Ihrer optimalen Fettverbrennungs- und Ausdauertrainingsherzfrequenz zur effizienten Bewegungstherapieplanung.<\/li>\n<li><b>Individuelle Ern\u00e4hrungsberatung und Darm-Symbioselenkung<\/b> zur Optimierung der Darmflora mit Beseitigung vielschichtiger Magen-Darm-Beschwerden und Minderung von Nahrungsmittelunvertr\u00e4glichkeiten.<\/li>\n<li><b>Professionelle Neurostressdiagnostik zur Steigerung Ihrer geistigen Frische, Ihrer individuellen Hirnleistungsf\u00e4higkeit und mentalen St\u00e4rke.<\/b> Ganzheitliche &amp; physiologische Therapie von chronischen Stress- und Ersch\u00f6pfungssyndromen (Burn-Out-Syndrom) von h\u00f6chster Effizienz und anhaltendem Erfolg.<\/li>\n<li><b>St\u00e4rkung Ihres Immunsystems<\/b> zur akuten und dauerhaften Steigerung Ihrer Widerstandskraft gegen akute und chronische Infekte, Umweltnoxen und potentieller Tumorerkrankungen.<\/li>\n<li><b>nat\u00fcrliche Ausleitungsverfahren<\/b> zur schonenden und nachhaltigen Pilz-, Parasiten- und Schwermetallausleitung.<\/li>\n<\/ul>\n<p><b>Angewandte Verfahren:<\/b><\/p>\n<ul>\n<li><b>Moderne internistisch\/kardiologische Diagnostik &amp; Therapie<\/b><\/li>\n<li><b>Naturheilverfahren &amp; Pflanzenheilkunde\/Phytotherapie<\/b><\/li>\n<li><b>Orthomolekulare Therapie<\/b><\/li>\n<li><b>Traditionelle Chinesische Akupunktur<\/b><\/li>\n<li><b>Applied Kinesiology<\/b><\/li>\n<\/ul>\n<div>Termine nur nach telefonischer Vereinbarung:<\/div>\n<div><b>Anmeldung unter: 089\/6202199-0, Fax: -99<\/b><\/div>\n","protected":false},"excerpt":{"rendered":"Berufsbezeichnung: Facharzt f\u00fcr Innere Medizin Facharzt f\u00fcr Kardiologie Besondere Untersuchungs- und Behandlungsgebiete: Ganzheitliche Medizin Naturheilverfahren &#8211; Phytotherapie Herz- Kreislauferkrankungen Sport- und Leistungsdiagnostik Vegetative Ersch\u00f6pfungssyndrome &#8211; Neurostressdiagnostik &#8211; Burn-out-Therapie Darmsymbioselenkung &#8211; Nahrungsunvertr\u00e4glichkeiten Funktionelle Magen- Darmbeschwerden Ern\u00e4hrungsberatung &#8211; Stoffwechselerkrankungen Allergieausleitung Immunmodulation zur Infekt- und Tumorabwehr Pilz-, Parasiten-, Schwermetallausleitung Migr\u00e4ne, Tinnitus, Tics, Neuralgien Applied Kinesiology Traditionelle Chinesische Akupunktur","protected":false},"author":2,"featured_media":1882,"parent":364,"menu_order":0,"comment_status":"closed","ping_status":"closed","template":"page_doctor_munich.php","meta":{"footnotes":""},"class_list":["post-377","page","type-page","status-publish","has-post-thumbnail","hentry"],"_links":{"self":[{"href":"https:\/\/prienamed.de\/de\/wp-json\/wp\/v2\/pages\/377","targetHints":{"allow":["GET"]}}],"collection":[{"href":"https:\/\/prienamed.de\/de\/wp-json\/wp\/v2\/pages"}],"about":[{"href":"https:\/\/prienamed.de\/de\/wp-json\/wp\/v2\/types\/page"}],"author":[{"embeddable":true,"href":"https:\/\/prienamed.de\/de\/wp-json\/wp\/v2\/users\/2"}],"replies":[{"embeddable":true,"href":"https:\/\/prienamed.de\/de\/wp-json\/wp\/v2\/comments?post=377"}],"version-history":[{"count":5,"href":"https:\/\/prienamed.de\/de\/wp-json\/wp\/v2\/pages\/377\/revisions"}],"predecessor-version":[{"id":1883,"href":"https:\/\/prienamed.de\/de\/wp-json\/wp\/v2\/pages\/377\/revisions\/1883"}],"up":[{"embeddable":true,"href":"https:\/\/prienamed.de\/de\/wp-json\/wp\/v2\/pages\/364"}],"wp:featuredmedia":[{"embeddable":true,"href":"https:\/\/prienamed.de\/de\/wp-json\/wp\/v2\/media\/1882"}],"wp:attachment":[{"href":"https:\/\/prienamed.de\/de\/wp-json\/wp\/v2\/media?parent=377"}],"curies":[{"name":"wp","href":"https:\/\/api.w.org\/{rel}","templated":true}]}}