{"id":380,"date":"2016-08-26T07:20:45","date_gmt":"2016-08-26T05:20:45","guid":{"rendered":"http:\/\/prienamed.de\/de\/?page_id=380"},"modified":"2022-09-14T14:27:09","modified_gmt":"2022-09-14T12:27:09","slug":"dr-med-dirk-polonius","status":"publish","type":"page","link":"https:\/\/prienamed.de\/de\/aerztezentrum-muenchen\/aerzte-der-praxisgemeinschaft\/dr-med-dirk-polonius\/","title":{"rendered":"Dr. med. Dirk Polonius"},"content":{"rendered":"<p><b>Berufsbezeichnung:<\/b> Facharzt f\u00fcr Physikalische und Rehabilitative Medizin<br \/>\n<b>Zusatzbezeichnungen:<\/b> Naturheilverfahren, Chirotherapie, Akupunktur<br \/>\n<b>Spezialgebiete: <\/b>Applied Kinesiology, Hom\u00f6opathie, Osteopathie, orthomolekulare Medizin<\/p>\n<p><a title=\"\u00c4rzteverzeichnis der Stiftung Gesundheit\" href=\"https:\/\/www.arzt-auskunft.de\/\" target=\"_blank\" rel=\"noopener\"><img decoding=\"async\" style=\"border: none\" title=\"\u00c4rzteverzeichnis der Stiftung Gesundheit\" src=\"https:\/\/www.stiftung-gesundheit.de\/presseservice\/experten-kreis-gesundheit_web.png\" alt=\"\u00c4rzteverzeichnis der Stiftung Gesundheit\"><\/a><br \/>\n<b>Lehrt\u00e4tigkeit:<\/b> Dozent f\u00fcr Chirotherapie \/ Manuelle Medizin bei der<br \/>\nDeutschen Gesellschaft f\u00fcr muskuloskeletale Medizin (DGMSM)<br \/>\nDozent f\u00fcr Naturheilverfahren beim \u201eM\u00fcnchner Modell\u201c an der TU-M\u00fcnchen<br \/>\n1. Vorsitzender des Bayerischen Landesverbandes der Deutschen Gesellschaft f\u00fcr Manuelle Medizin (DGMM)<br \/>\nVorstandsmitglied und Dozent f\u00fcr Traditionelle Chinesische Medizin bei der<br \/>\nAu\u00dfenstelle f\u00fcr Akupunktur der Fudan University Shanghai, mit offiziellem<br \/>\nLehrauftrag der Fudan University Shanghai, China.<br \/>\nLehrbeauftragter der Medizinischen Universit\u00e4t Innsbruck beim Masterstudium f\u00fcr craniomandibul\u00e4re Dysfunktion<br \/>\nManuelle Medizin \/ Osteopathie f\u00fcr Kieferorthop\u00e4den<br \/>\nManuelle Medizin \/ Osteopathie f\u00fcr HNO-\u00c4rzte<br \/>\nManuelle Medizin \/ Osteopathie f\u00fcr Zahnmediziner<br \/>\n<b>B\u00fccher: <\/b>Co-Autor bei folgenden medizinischen B\u00fcchern:<br \/>\nNaturheilverfahren (Melchart Hrsg.) \u2013 Leitfaden f\u00fcr die \u00e4rztliche Aus-, Fort- und Weiterbildung \u2013 Schattauerverlag 2002<br \/>\nDas gro\u00dfe Lexikon der modernen Medizin (v. Keudell Hrsg.) \u2013 Lingen-Verlag<br \/>\nDie neuen Zivilisationskrankheiten (v. Keudell Hrsg.) \u2013 Honos-Verlag<\/p>\n<p>Abendtermine sind m\u00f6glich.<br \/>\nTermine Montag und Dienstag nach telefonischer Vereinbarung.<br \/>\n<b>Anmeldung unter:&nbsp;089-6202199-0, Fax: -99&nbsp;<\/b><\/p>\n","protected":false},"excerpt":{"rendered":"Berufsbezeichnung: Facharzt f\u00fcr Physikalische und Rehabilitative Medizin Zusatzbezeichnungen: Naturheilverfahren, Chirotherapie, Akupunktur Spezialgebiete: Applied Kinesiology, Hom\u00f6opathie, Osteopathie, orthomolekulare Medizin Lehrt\u00e4tigkeit: Dozent f\u00fcr Chirotherapie \/ Manuelle Medizin bei der Deutschen Gesellschaft f\u00fcr muskuloskeletale Medizin (DGMSM) Dozent f\u00fcr Naturheilverfahren beim \u201eM\u00fcnchner Modell\u201c an der TU-M\u00fcnchen 1. Vorsitzender des Bayerischen Landesverbandes der Deutschen Gesellschaft f\u00fcr Manuelle Medizin (DGMM) Vorstandsmitglied","protected":false},"author":2,"featured_media":2022,"parent":364,"menu_order":0,"comment_status":"closed","ping_status":"closed","template":"page_doctor_munich.php","meta":{"footnotes":""},"class_list":["post-380","page","type-page","status-publish","has-post-thumbnail","hentry"],"_links":{"self":[{"href":"https:\/\/prienamed.de\/de\/wp-json\/wp\/v2\/pages\/380","targetHints":{"allow":["GET"]}}],"collection":[{"href":"https:\/\/prienamed.de\/de\/wp-json\/wp\/v2\/pages"}],"about":[{"href":"https:\/\/prienamed.de\/de\/wp-json\/wp\/v2\/types\/page"}],"author":[{"embeddable":true,"href":"https:\/\/prienamed.de\/de\/wp-json\/wp\/v2\/users\/2"}],"replies":[{"embeddable":true,"href":"https:\/\/prienamed.de\/de\/wp-json\/wp\/v2\/comments?post=380"}],"version-history":[{"count":4,"href":"https:\/\/prienamed.de\/de\/wp-json\/wp\/v2\/pages\/380\/revisions"}],"predecessor-version":[{"id":2025,"href":"https:\/\/prienamed.de\/de\/wp-json\/wp\/v2\/pages\/380\/revisions\/2025"}],"up":[{"embeddable":true,"href":"https:\/\/prienamed.de\/de\/wp-json\/wp\/v2\/pages\/364"}],"wp:featuredmedia":[{"embeddable":true,"href":"https:\/\/prienamed.de\/de\/wp-json\/wp\/v2\/media\/2022"}],"wp:attachment":[{"href":"https:\/\/prienamed.de\/de\/wp-json\/wp\/v2\/media?parent=380"}],"curies":[{"name":"wp","href":"https:\/\/api.w.org\/{rel}","templated":true}]}}