{"id":392,"date":"2016-08-26T07:44:05","date_gmt":"2016-08-26T05:44:05","guid":{"rendered":"http:\/\/prienamed.de\/de\/?page_id=392"},"modified":"2022-09-14T14:27:29","modified_gmt":"2022-09-14T12:27:29","slug":"dr-med-tanja-palladino","status":"publish","type":"page","link":"https:\/\/prienamed.de\/de\/aerztezentrum-muenchen\/aerzte-der-praxisgemeinschaft\/dr-med-tanja-palladino\/","title":{"rendered":"Dr. med. Tanja Palladino"},"content":{"rendered":"<p><strong>Berufsbezeichnung: <\/strong>Fach\u00e4rztin f\u00fcr Allgemeinmedizin<\/p>\n<p><strong>Besondere Untersuchungs- und&nbsp;Behandlungsmethoden:<\/strong><br \/>\nganzheitliche \u00e4rztliche Behandlung, Hom\u00f6opathie, Trad. Chin. Akupunktur (CAN), Neuraltherpie, Applied Kinesiology, Hypnotherapie (DGH)<\/p>\n<p><strong>Spezialgebiete:<\/strong><br \/>\nganzheitliche allgemein\u00e4rztliche Behandlung, Hormon-\/ Stress-Diagnostik und Behandlung, Burn-out-Therapie, Psychosomatik, Darmsanierung,&nbsp;Ern\u00e4hrungsmedizin, Allergien<\/p>\n<p>Weitere Informationen erhalten Sie auf meiner Homepage<\/p>\n<p><a href=\"http:\/\/www.tanjapalladino.de\">www.tanjapalladino.de<\/a><\/p>\n<p>Abendtermine sind m\u00f6glich.<br \/>\nTermine nur nach telefonischer Vereinbarung.<br \/>\n<strong>Anmeldung unter:&nbsp;089-6202199-0, Fax: -99 <\/strong><\/p>\n","protected":false},"excerpt":{"rendered":"Berufsbezeichnung: Fach\u00e4rztin f\u00fcr Allgemeinmedizin Besondere Untersuchungs- und&nbsp;Behandlungsmethoden: ganzheitliche \u00e4rztliche Behandlung, Hom\u00f6opathie, Trad. Chin. Akupunktur (CAN), Neuraltherpie, Applied Kinesiology, Hypnotherapie (DGH) Spezialgebiete: ganzheitliche allgemein\u00e4rztliche Behandlung, Hormon-\/ Stress-Diagnostik und Behandlung, Burn-out-Therapie, Psychosomatik, Darmsanierung,&nbsp;Ern\u00e4hrungsmedizin, Allergien Weitere Informationen erhalten Sie auf meiner Homepage www.tanjapalladino.de Abendtermine sind m\u00f6glich. Termine nur nach telefonischer Vereinbarung. Anmeldung unter:&nbsp;089-6202199-0, Fax: -99","protected":false},"author":2,"featured_media":394,"parent":364,"menu_order":0,"comment_status":"closed","ping_status":"closed","template":"page_doctor_munich.php","meta":{"footnotes":""},"class_list":["post-392","page","type-page","status-publish","has-post-thumbnail","hentry"],"_links":{"self":[{"href":"https:\/\/prienamed.de\/de\/wp-json\/wp\/v2\/pages\/392","targetHints":{"allow":["GET"]}}],"collection":[{"href":"https:\/\/prienamed.de\/de\/wp-json\/wp\/v2\/pages"}],"about":[{"href":"https:\/\/prienamed.de\/de\/wp-json\/wp\/v2\/types\/page"}],"author":[{"embeddable":true,"href":"https:\/\/prienamed.de\/de\/wp-json\/wp\/v2\/users\/2"}],"replies":[{"embeddable":true,"href":"https:\/\/prienamed.de\/de\/wp-json\/wp\/v2\/comments?post=392"}],"version-history":[{"count":3,"href":"https:\/\/prienamed.de\/de\/wp-json\/wp\/v2\/pages\/392\/revisions"}],"predecessor-version":[{"id":2250,"href":"https:\/\/prienamed.de\/de\/wp-json\/wp\/v2\/pages\/392\/revisions\/2250"}],"up":[{"embeddable":true,"href":"https:\/\/prienamed.de\/de\/wp-json\/wp\/v2\/pages\/364"}],"wp:featuredmedia":[{"embeddable":true,"href":"https:\/\/prienamed.de\/de\/wp-json\/wp\/v2\/media\/394"}],"wp:attachment":[{"href":"https:\/\/prienamed.de\/de\/wp-json\/wp\/v2\/media?parent=392"}],"curies":[{"name":"wp","href":"https:\/\/api.w.org\/{rel}","templated":true}]}}