{"id":398,"date":"2016-08-26T07:52:58","date_gmt":"2016-08-26T05:52:58","guid":{"rendered":"http:\/\/prienamed.de\/de\/?page_id=398"},"modified":"2020-07-03T10:22:50","modified_gmt":"2020-07-03T08:22:50","slug":"jonas-putzhammer","status":"publish","type":"page","link":"https:\/\/prienamed.de\/de\/aerztezentrum-muenchen\/aerzte-der-praxisgemeinschaft\/jonas-putzhammer\/","title":{"rendered":"Dr. med. Jonas Putzhammer"},"content":{"rendered":"<p>Arzt<\/p>\n<p><strong>Besondere Untersuchungs- und Behandlungsmethoden:<\/strong><\/p>\n<ul>\n<li>Chirotherapeutische Behandlung<\/li>\n<li>Osteopathische Behandlung<\/li>\n<li>Minimalinvasive Wirbels\u00e4ulenbehandlung<\/li>\n<\/ul>\n<p>Er verbindet idealerweise das Wissen der Schulmediziner mit den F\u00e4higkeiten der Manuellen Medizin. Zus\u00e4tzlich verf\u00fcgt er \u00fcber ein breites Spektrum osteopathischer Behandlungsmethoden. Bisherige T\u00e4tigkeit in Orthop\u00e4die und Wirbels\u00e4ulenchirurgie.<\/p>\n<p>Der Behandlungsschwerpunkt liegt im Bereich von R\u00fccken-, Nacken-, und Beckenbeschwerden mit besonderem Augenmerk auf der ganzheitlichen Betrachtung von Krankheiten und Funktionsst\u00f6rungen im Sinne der Prienamed-Philosophie.<\/p>\n<p>Er wird Sie gerne mit h\u00f6chster fachlicher Kompetenz und bestem Einf\u00fchlungsverm\u00f6gen betreuen.<br \/>Abendtermine sind m\u00f6glich.<br \/>Termine nur nach telefonischer Vereinbarung.<br \/><strong>Anmeldung unter:\u00a0089-6202199-0, Fax: -99 <\/strong><\/p>\n<p><a href=\"https:\/\/www.jonasputzhammer.de\/\" target=\"_blank\" rel=\"noopener noreferrer\">https:\/\/www.jonasputzhammer.de\/<\/a><\/p>\n\n\n<p><\/p>\n","protected":false},"excerpt":{"rendered":"Arzt Besondere Untersuchungs- und Behandlungsmethoden: Chirotherapeutische Behandlung Osteopathische Behandlung Minimalinvasive Wirbels\u00e4ulenbehandlung Er verbindet idealerweise das Wissen der Schulmediziner mit den F\u00e4higkeiten der Manuellen Medizin. Zus\u00e4tzlich verf\u00fcgt er \u00fcber ein breites Spektrum osteopathischer Behandlungsmethoden. Bisherige T\u00e4tigkeit in Orthop\u00e4die und Wirbels\u00e4ulenchirurgie. Der Behandlungsschwerpunkt liegt im Bereich von R\u00fccken-, Nacken-, und Beckenbeschwerden mit besonderem Augenmerk auf der ganzheitlichen","protected":false},"author":2,"featured_media":1290,"parent":364,"menu_order":0,"comment_status":"closed","ping_status":"closed","template":"page_doctor_munich.php","meta":{"footnotes":""},"class_list":["post-398","page","type-page","status-publish","has-post-thumbnail","hentry"],"_links":{"self":[{"href":"https:\/\/prienamed.de\/de\/wp-json\/wp\/v2\/pages\/398","targetHints":{"allow":["GET"]}}],"collection":[{"href":"https:\/\/prienamed.de\/de\/wp-json\/wp\/v2\/pages"}],"about":[{"href":"https:\/\/prienamed.de\/de\/wp-json\/wp\/v2\/types\/page"}],"author":[{"embeddable":true,"href":"https:\/\/prienamed.de\/de\/wp-json\/wp\/v2\/users\/2"}],"replies":[{"embeddable":true,"href":"https:\/\/prienamed.de\/de\/wp-json\/wp\/v2\/comments?post=398"}],"version-history":[{"count":6,"href":"https:\/\/prienamed.de\/de\/wp-json\/wp\/v2\/pages\/398\/revisions"}],"predecessor-version":[{"id":1776,"href":"https:\/\/prienamed.de\/de\/wp-json\/wp\/v2\/pages\/398\/revisions\/1776"}],"up":[{"embeddable":true,"href":"https:\/\/prienamed.de\/de\/wp-json\/wp\/v2\/pages\/364"}],"wp:featuredmedia":[{"embeddable":true,"href":"https:\/\/prienamed.de\/de\/wp-json\/wp\/v2\/media\/1290"}],"wp:attachment":[{"href":"https:\/\/prienamed.de\/de\/wp-json\/wp\/v2\/media?parent=398"}],"curies":[{"name":"wp","href":"https:\/\/api.w.org\/{rel}","templated":true}]}}