{"id":414,"date":"2016-08-26T08:25:34","date_gmt":"2016-08-26T06:25:34","guid":{"rendered":"http:\/\/prienamed.de\/de\/?page_id=414"},"modified":"2021-07-08T14:32:34","modified_gmt":"2021-07-08T12:32:34","slug":"applied-kinesiology","status":"publish","type":"page","link":"https:\/\/prienamed.de\/de\/aerztezentrum-muenchen\/diagnostik-therapie\/naturheilkundlichganzheitsmedizinisch\/applied-kinesiology\/","title":{"rendered":"Applied Kinesiology"},"content":{"rendered":"<p>Es handelt sich um eine vorwiegend diagnostische Methode, die den manuellen Muskeltest benutzt, um Reaktionen des lebenden Organismus auf verschiedene diagnostische Reize zu beurteilen.<\/p>\n<p>Mit Hilfe der AK kann man verschiedenste Krankheitsursachen, emotionale und strukturelle St\u00f6rungen des Organismus sowie stoffliche Dysbalancen entdecken und die passende Therapie finden. Die AK wird u.a. zur Diagnostik folgender St\u00f6rungen eingesetzt:<\/p>\n<ul>\n<li>Histaminintoleranzen und Allergien (Asthma bronchiale, Neurodermitis, Allergische Rhinitis (Heuschnupfen)<\/li>\n<li>Nahrungsmittelunvertr\u00e4glichkeiten<\/li>\n<li>Dysbiosen, insbesondere Candidadysbiosen (Darmpilz), Parasitosen (z.B. Wurmbefall)<\/li>\n<li>Schwermetallbelastung<\/li>\n<li>\u00dcbers\u00e4uerung<\/li>\n<li>Herddiagnostik (z.B. Zahnherde) und St\u00f6rfelder (z.B. Narbenst\u00f6rfelder)<\/li>\n<li>Kiefergelenksfunktionsst\u00f6rungen und Folgeketten im Bewegungssystem<\/li>\n<li>Testung von Zahnmaterialien<\/li>\n<li>Mineralstoffdefizite<\/li>\n<li>Abwehrschw\u00e4che<\/li>\n<li>Strukturelle sowie funktionelle St\u00f6rungen und vieles mehr<\/li>\n<\/ul>\n<p>Auf diesen Gebieten ist die AK als eine Erweiterung der herk\u00f6mmlichen schulmedizinischen Diagnostik zu sehen.<br \/>\nDas Herausragende an der Applied Kinesiology ist die M\u00f6glichkeit, Zusammenh\u00e4nge zwischen verschiedenen St\u00f6rungen am K\u00f6rper aufzudecken (z.B. Mandelentz\u00fcndungen mit chronischen Knieschmerzen).<\/p>\n<p>Nach der AK-Diagnostik kommt therapeutisch eine Kombination unterschiedlicher Naturheilverfahren zum Einsatz (Akupunktur, Orthomolekulare Medizin, Manuelle Medizin, Hom\u00f6opathie, Osteopathie).<\/p>\n","protected":false},"excerpt":{"rendered":"Es handelt sich um eine vorwiegend diagnostische Methode, die den manuellen Muskeltest benutzt, um Reaktionen des lebenden Organismus auf verschiedene diagnostische Reize zu beurteilen. Mit Hilfe der AK kann man verschiedenste Krankheitsursachen, emotionale und strukturelle St\u00f6rungen des Organismus sowie stoffliche Dysbalancen entdecken und die passende Therapie finden. Die AK wird u.a. zur Diagnostik folgender St\u00f6rungen","protected":false},"author":2,"featured_media":2111,"parent":412,"menu_order":0,"comment_status":"closed","ping_status":"closed","template":"page_munich.php","meta":{"footnotes":""},"class_list":["post-414","page","type-page","status-publish","has-post-thumbnail","hentry"],"_links":{"self":[{"href":"https:\/\/prienamed.de\/de\/wp-json\/wp\/v2\/pages\/414","targetHints":{"allow":["GET"]}}],"collection":[{"href":"https:\/\/prienamed.de\/de\/wp-json\/wp\/v2\/pages"}],"about":[{"href":"https:\/\/prienamed.de\/de\/wp-json\/wp\/v2\/types\/page"}],"author":[{"embeddable":true,"href":"https:\/\/prienamed.de\/de\/wp-json\/wp\/v2\/users\/2"}],"replies":[{"embeddable":true,"href":"https:\/\/prienamed.de\/de\/wp-json\/wp\/v2\/comments?post=414"}],"version-history":[{"count":1,"href":"https:\/\/prienamed.de\/de\/wp-json\/wp\/v2\/pages\/414\/revisions"}],"predecessor-version":[{"id":415,"href":"https:\/\/prienamed.de\/de\/wp-json\/wp\/v2\/pages\/414\/revisions\/415"}],"up":[{"embeddable":true,"href":"https:\/\/prienamed.de\/de\/wp-json\/wp\/v2\/pages\/412"}],"wp:featuredmedia":[{"embeddable":true,"href":"https:\/\/prienamed.de\/de\/wp-json\/wp\/v2\/media\/2111"}],"wp:attachment":[{"href":"https:\/\/prienamed.de\/de\/wp-json\/wp\/v2\/media?parent=414"}],"curies":[{"name":"wp","href":"https:\/\/api.w.org\/{rel}","templated":true}]}}