{"id":417,"date":"2016-08-26T08:54:35","date_gmt":"2016-08-26T06:54:35","guid":{"rendered":"http:\/\/prienamed.de\/de\/?page_id=417"},"modified":"2021-07-08T14:46:01","modified_gmt":"2021-07-08T12:46:01","slug":"fachspezifisch","status":"publish","type":"page","link":"https:\/\/prienamed.de\/de\/aerztezentrum-prien\/diagnostik-therapie\/fachspezifisch\/","title":{"rendered":"Fachspezifisch"},"content":{"rendered":"<div id=\"c450\" class=\"csc-default\">\n<div class=\"csc-header csc-header-n1\">\n<p class=\"csc-firstHeader\"><strong>Fachspezifische Diagnostik und Therapie auf h\u00f6chstem Niveau<\/strong><\/p>\n<p class=\"csc-firstHeader\">Die Fach\u00e4rzte im Prienamed bieten eine spezifische Diagnostik und Therapie auf h\u00f6chstem Niveau f\u00fcr die jeweiligen Indikationen.<\/p>\n<p class=\"bodytext\">Hochspezialisierte Untersuchungsger\u00e4te und -verfahren erlauben eine detaillierte und ganzheitliche Diagnostik. Darauf aufbauend werden von unseren interdisziplin\u00e4r arbeitenden \u00c4rzten individuelle Behandlungskonzepte erarbeitet. Die enge Kooperation aller Fach\u00e4rzte und die kontinuierliche Anpassung an den Therapiefortschritt erm\u00f6glichen optimale Behandlungsresultate zum Wohle des Patienten.<\/p>\n<p class=\"bodytext\">\n<\/div>\n<\/div>\n","protected":false},"excerpt":{"rendered":"Fachspezifische Diagnostik und Therapie auf h\u00f6chstem Niveau Die Fach\u00e4rzte im Prienamed bieten eine spezifische Diagnostik und Therapie auf h\u00f6chstem Niveau f\u00fcr die jeweiligen Indikationen. Hochspezialisierte Untersuchungsger\u00e4te und -verfahren erlauben eine detaillierte und ganzheitliche Diagnostik. Darauf aufbauend werden von unseren interdisziplin\u00e4r arbeitenden \u00c4rzten individuelle Behandlungskonzepte erarbeitet. Die enge Kooperation aller Fach\u00e4rzte und die kontinuierliche Anpassung an","protected":false},"author":2,"featured_media":2092,"parent":34,"menu_order":0,"comment_status":"closed","ping_status":"closed","template":"page_priem.php","meta":{"footnotes":""},"class_list":["post-417","page","type-page","status-publish","has-post-thumbnail","hentry"],"_links":{"self":[{"href":"https:\/\/prienamed.de\/de\/wp-json\/wp\/v2\/pages\/417","targetHints":{"allow":["GET"]}}],"collection":[{"href":"https:\/\/prienamed.de\/de\/wp-json\/wp\/v2\/pages"}],"about":[{"href":"https:\/\/prienamed.de\/de\/wp-json\/wp\/v2\/types\/page"}],"author":[{"embeddable":true,"href":"https:\/\/prienamed.de\/de\/wp-json\/wp\/v2\/users\/2"}],"replies":[{"embeddable":true,"href":"https:\/\/prienamed.de\/de\/wp-json\/wp\/v2\/comments?post=417"}],"version-history":[{"count":3,"href":"https:\/\/prienamed.de\/de\/wp-json\/wp\/v2\/pages\/417\/revisions"}],"predecessor-version":[{"id":735,"href":"https:\/\/prienamed.de\/de\/wp-json\/wp\/v2\/pages\/417\/revisions\/735"}],"up":[{"embeddable":true,"href":"https:\/\/prienamed.de\/de\/wp-json\/wp\/v2\/pages\/34"}],"wp:featuredmedia":[{"embeddable":true,"href":"https:\/\/prienamed.de\/de\/wp-json\/wp\/v2\/media\/2092"}],"wp:attachment":[{"href":"https:\/\/prienamed.de\/de\/wp-json\/wp\/v2\/media?parent=417"}],"curies":[{"name":"wp","href":"https:\/\/api.w.org\/{rel}","templated":true}]}}