{"id":501,"date":"2016-08-26T13:46:36","date_gmt":"2016-08-26T11:46:36","guid":{"rendered":"http:\/\/prienamed.de\/de\/?page_id=501"},"modified":"2024-02-09T10:37:02","modified_gmt":"2024-02-09T09:37:02","slug":"chirotherapie","status":"publish","type":"page","link":"https:\/\/prienamed.de\/de\/aerztezentrum-muenchen\/diagnostik-therapie\/naturheilkundlichganzheitsmedizinisch\/chirotherapie\/","title":{"rendered":"Chirotherapie"},"content":{"rendered":"<div id=\"contentContainer\" class=\"clearfix\">\n<div id=\"whiteBg\">\n<div id=\"content\">\n<div class=\"textItem\">Chirotherapie \u2013 wissenschaftlich Manuelle Medizin genannt- ist eine uralte Methode und wurde bereits von Hippokrates (400 v. Ch.) angewandt. Es lassen sich zwei Bereiche unterscheiden: Die Manuelle Diagnostik, bei der der Therapeut mit seinen H\u00e4nden \u00fcber hochsensible Techniken Struktur- und Funktionsst\u00f6rungen erkennen kann und die Manuelle Therapie, \u00fcber die die gefundenen St\u00f6rungen mit spezifischen Verfahren behandelt werden.<br \/>\nManuelle Therapie zielt in erster Linie auf Funktionsst\u00f6rungen ab, die die Ver\u00e4nderungen in der Beweglichkeit von Gelenken der Gliedma\u00dfen und der Wirbels\u00e4ule beeintr\u00e4chtigen, aber nicht durch Strukturzerst\u00f6rung hervorgerufen werden. Folgen solcher Funktionsst\u00f6rungen k\u00f6nnen Schmerzen und Bewegungseinschr\u00e4nkungen an der Wirbels\u00e4ule und den Gliedma\u00dfen, Kribbelgef\u00fchle verschiedenster Ausdehnung, Kopf- und Nackenschmerzen, Schwindel, Schluck- und Schlafst\u00f6rungen, aber auch funktionelle St\u00f6rungen der inneren Organe sein.<br \/>\nDie Manuelle Medizin kann daher auch bei schmerzfreien Patienten angewendet werden, bei denen z.B. asymptomatische Funktionsst\u00f6rungen des Bewegungsapparates Auswirkungen auf innere Organe haben und deren Funktion behindern.<\/div>\n<\/div>\n<\/div>\n<\/div>\n","protected":false},"excerpt":{"rendered":"Chirotherapie \u2013 wissenschaftlich Manuelle Medizin genannt- ist eine uralte Methode und wurde bereits von Hippokrates (400 v. Ch.) angewandt. Es lassen sich zwei Bereiche unterscheiden: Die Manuelle Diagnostik, bei der der Therapeut mit seinen H\u00e4nden \u00fcber hochsensible Techniken Struktur- und Funktionsst\u00f6rungen erkennen kann und die Manuelle Therapie, \u00fcber die die gefundenen St\u00f6rungen mit spezifischen Verfahren","protected":false},"author":2,"featured_media":0,"parent":412,"menu_order":0,"comment_status":"closed","ping_status":"closed","template":"page_munich.php","meta":{"footnotes":""},"class_list":["post-501","page","type-page","status-publish","hentry"],"_links":{"self":[{"href":"https:\/\/prienamed.de\/de\/wp-json\/wp\/v2\/pages\/501","targetHints":{"allow":["GET"]}}],"collection":[{"href":"https:\/\/prienamed.de\/de\/wp-json\/wp\/v2\/pages"}],"about":[{"href":"https:\/\/prienamed.de\/de\/wp-json\/wp\/v2\/types\/page"}],"author":[{"embeddable":true,"href":"https:\/\/prienamed.de\/de\/wp-json\/wp\/v2\/users\/2"}],"replies":[{"embeddable":true,"href":"https:\/\/prienamed.de\/de\/wp-json\/wp\/v2\/comments?post=501"}],"version-history":[{"count":1,"href":"https:\/\/prienamed.de\/de\/wp-json\/wp\/v2\/pages\/501\/revisions"}],"predecessor-version":[{"id":502,"href":"https:\/\/prienamed.de\/de\/wp-json\/wp\/v2\/pages\/501\/revisions\/502"}],"up":[{"embeddable":true,"href":"https:\/\/prienamed.de\/de\/wp-json\/wp\/v2\/pages\/412"}],"wp:attachment":[{"href":"https:\/\/prienamed.de\/de\/wp-json\/wp\/v2\/media?parent=501"}],"curies":[{"name":"wp","href":"https:\/\/api.w.org\/{rel}","templated":true}]}}