{"id":509,"date":"2016-08-26T13:51:41","date_gmt":"2016-08-26T11:51:41","guid":{"rendered":"http:\/\/prienamed.de\/de\/?page_id=509"},"modified":"2016-08-26T13:51:41","modified_gmt":"2016-08-26T11:51:41","slug":"eigenbluttherapie-immunmodulation","status":"publish","type":"page","link":"https:\/\/prienamed.de\/de\/aerztezentrum-muenchen\/diagnostik-therapie\/naturheilkundlichganzheitsmedizinisch\/eigenbluttherapie-immunmodulation\/","title":{"rendered":"Eigenbluttherapie (Immunmodulation)"},"content":{"rendered":"<div id=\"contentContainer\" class=\"clearfix\">\n<div id=\"whiteBg\">\n<div id=\"content\">\n<div class=\"textItem\"><span class=\"arial\">Entnahme und Reinjektion von eigenem Blut zum Zweck der Umstellung des Immunsystems.<br \/>\nDurch intramuskul\u00e4re Injektionen kommt es zur systemischen Vermehrung wei\u00dfer Blutk\u00f6rperchen, Erh\u00f6hung der Temperatur, Steigerung des Stoffwechsels, Immunreaktion, vegetative Umstimmung. Wichtige Einsatzgebiete:<\/p>\n<p><\/span><\/p>\n<ul>\n<li><span class=\"arial\">Allergien<\/span><\/li>\n<li><span class=\"arial\">Rezidivierende Infekte<\/span><\/li>\n<li><span class=\"arial\">Neurodermitis<\/span><\/li>\n<li><span class=\"arial\">Akne<\/span><\/li>\n<\/ul>\n<\/div>\n<\/div>\n<\/div>\n<\/div>\n","protected":false},"excerpt":{"rendered":"Entnahme und Reinjektion von eigenem Blut zum Zweck der Umstellung des Immunsystems. Durch intramuskul\u00e4re Injektionen kommt es zur systemischen Vermehrung wei\u00dfer Blutk\u00f6rperchen, Erh\u00f6hung der Temperatur, Steigerung des Stoffwechsels, Immunreaktion, vegetative Umstimmung. Wichtige Einsatzgebiete: Allergien Rezidivierende Infekte Neurodermitis Akne","protected":false},"author":2,"featured_media":146,"parent":412,"menu_order":0,"comment_status":"closed","ping_status":"closed","template":"page_munich.php","meta":{"footnotes":""},"class_list":["post-509","page","type-page","status-publish","has-post-thumbnail","hentry"],"_links":{"self":[{"href":"https:\/\/prienamed.de\/de\/wp-json\/wp\/v2\/pages\/509","targetHints":{"allow":["GET"]}}],"collection":[{"href":"https:\/\/prienamed.de\/de\/wp-json\/wp\/v2\/pages"}],"about":[{"href":"https:\/\/prienamed.de\/de\/wp-json\/wp\/v2\/types\/page"}],"author":[{"embeddable":true,"href":"https:\/\/prienamed.de\/de\/wp-json\/wp\/v2\/users\/2"}],"replies":[{"embeddable":true,"href":"https:\/\/prienamed.de\/de\/wp-json\/wp\/v2\/comments?post=509"}],"version-history":[{"count":2,"href":"https:\/\/prienamed.de\/de\/wp-json\/wp\/v2\/pages\/509\/revisions"}],"predecessor-version":[{"id":511,"href":"https:\/\/prienamed.de\/de\/wp-json\/wp\/v2\/pages\/509\/revisions\/511"}],"up":[{"embeddable":true,"href":"https:\/\/prienamed.de\/de\/wp-json\/wp\/v2\/pages\/412"}],"wp:featuredmedia":[{"embeddable":true,"href":"https:\/\/prienamed.de\/de\/wp-json\/wp\/v2\/media\/146"}],"wp:attachment":[{"href":"https:\/\/prienamed.de\/de\/wp-json\/wp\/v2\/media?parent=509"}],"curies":[{"name":"wp","href":"https:\/\/api.w.org\/{rel}","templated":true}]}}