{"id":528,"date":"2016-08-26T14:04:49","date_gmt":"2016-08-26T12:04:49","guid":{"rendered":"http:\/\/prienamed.de\/de\/?page_id=528"},"modified":"2016-08-26T14:04:49","modified_gmt":"2016-08-26T12:04:49","slug":"orthomolekulare-therapie","status":"publish","type":"page","link":"https:\/\/prienamed.de\/de\/aerztezentrum-muenchen\/diagnostik-therapie\/naturheilkundlichganzheitsmedizinisch\/orthomolekulare-therapie\/","title":{"rendered":"Orthomolekulare Therapie"},"content":{"rendered":"<div id=\"contentContainer\" class=\"clearfix\">\n<div id=\"whiteBg\">\n<div id=\"content\">\n<div class=\"textItem\">Orthomolekulare Substanzen, das sind Vitamine, Spurenelemente und Mineralstoffe, werden f\u00fcr s\u00e4mtliche Stoffwechselvorg\u00e4nge im Organismus ben\u00f6tigt. Das Fehlen solcher Substanzen kann zu den verschiedensten Erkrankungen wie z.B. Kr\u00e4mpfen, Entz\u00fcndungen, Arteriosklerose usw. f\u00fchren. Die fehlenden Vitamine, Spurenelemente, Mineralstoffe werden Ihnen nach Testung oder Laborbestimmung individuell verordnet.<\/div>\n<\/div>\n<\/div>\n<\/div>\n","protected":false},"excerpt":{"rendered":"Orthomolekulare Substanzen, das sind Vitamine, Spurenelemente und Mineralstoffe, werden f\u00fcr s\u00e4mtliche Stoffwechselvorg\u00e4nge im Organismus ben\u00f6tigt. Das Fehlen solcher Substanzen kann zu den verschiedensten Erkrankungen wie z.B. Kr\u00e4mpfen, Entz\u00fcndungen, Arteriosklerose usw. f\u00fchren. Die fehlenden Vitamine, Spurenelemente, Mineralstoffe werden Ihnen nach Testung oder Laborbestimmung individuell verordnet.","protected":false},"author":2,"featured_media":168,"parent":412,"menu_order":0,"comment_status":"closed","ping_status":"closed","template":"page_munich.php","meta":{"footnotes":""},"class_list":["post-528","page","type-page","status-publish","has-post-thumbnail","hentry"],"_links":{"self":[{"href":"https:\/\/prienamed.de\/de\/wp-json\/wp\/v2\/pages\/528","targetHints":{"allow":["GET"]}}],"collection":[{"href":"https:\/\/prienamed.de\/de\/wp-json\/wp\/v2\/pages"}],"about":[{"href":"https:\/\/prienamed.de\/de\/wp-json\/wp\/v2\/types\/page"}],"author":[{"embeddable":true,"href":"https:\/\/prienamed.de\/de\/wp-json\/wp\/v2\/users\/2"}],"replies":[{"embeddable":true,"href":"https:\/\/prienamed.de\/de\/wp-json\/wp\/v2\/comments?post=528"}],"version-history":[{"count":2,"href":"https:\/\/prienamed.de\/de\/wp-json\/wp\/v2\/pages\/528\/revisions"}],"predecessor-version":[{"id":530,"href":"https:\/\/prienamed.de\/de\/wp-json\/wp\/v2\/pages\/528\/revisions\/530"}],"up":[{"embeddable":true,"href":"https:\/\/prienamed.de\/de\/wp-json\/wp\/v2\/pages\/412"}],"wp:featuredmedia":[{"embeddable":true,"href":"https:\/\/prienamed.de\/de\/wp-json\/wp\/v2\/media\/168"}],"wp:attachment":[{"href":"https:\/\/prienamed.de\/de\/wp-json\/wp\/v2\/media?parent=528"}],"curies":[{"name":"wp","href":"https:\/\/api.w.org\/{rel}","templated":true}]}}