{"id":546,"date":"2016-08-26T14:22:05","date_gmt":"2016-08-26T12:22:05","guid":{"rendered":"http:\/\/prienamed.de\/de\/?page_id=546"},"modified":"2024-02-09T10:39:30","modified_gmt":"2024-02-09T09:39:30","slug":"symbioselenkung-mikrobiologische-therapie","status":"publish","type":"page","link":"https:\/\/prienamed.de\/de\/aerztezentrum-muenchen\/diagnostik-therapie\/naturheilkundlichganzheitsmedizinisch\/symbioselenkung-mikrobiologische-therapie\/","title":{"rendered":"Symbioselenkung (mikrobiologische Therapie)"},"content":{"rendered":"<div id=\"contentContainer\" class=\"clearfix\">\n<div id=\"whiteBg\">\n<div id=\"content\">\n<div class=\"textItem\">Regelung der mikrobiologischen Besiedelung besonders des Darms und dadurch Verbesserung der immunologischen Abwehr, z.B. nach Antibiotikatherapie oder bei Fehlbesiedelung des Darmes mit entsprechenden Beschwerden. H\u00e4ufige Beschwerden bei Dysbiosen z.B. Darmpilzinfektionen sind: Bl\u00e4hungen, V\u00f6llegef\u00fchl, M\u00fcdigkeit, Bauchschmerzen, Antriebslosigkeit, Infektanf\u00e4lligkeit und vieles mehr. Besonders geeignet ist die Symbioselenkung bei Erkrankungen der Lunge (z.B. Asthma), des Darms (Nahrungsmittelunvertr\u00e4glichkeiten), der Harnwege (Blasenentz\u00fcndungen) und allgemeiner Immunschw\u00e4che.<\/div>\n<\/div>\n<\/div>\n<\/div>\n","protected":false},"excerpt":{"rendered":"Regelung der mikrobiologischen Besiedelung besonders des Darms und dadurch Verbesserung der immunologischen Abwehr, z.B. nach Antibiotikatherapie oder bei Fehlbesiedelung des Darmes mit entsprechenden Beschwerden. H\u00e4ufige Beschwerden bei Dysbiosen z.B. Darmpilzinfektionen sind: Bl\u00e4hungen, V\u00f6llegef\u00fchl, M\u00fcdigkeit, Bauchschmerzen, Antriebslosigkeit, Infektanf\u00e4lligkeit und vieles mehr. Besonders geeignet ist die Symbioselenkung bei Erkrankungen der Lunge (z.B. Asthma), des Darms (Nahrungsmittelunvertr\u00e4glichkeiten), der","protected":false},"author":2,"featured_media":0,"parent":412,"menu_order":0,"comment_status":"closed","ping_status":"closed","template":"page_munich.php","meta":{"footnotes":""},"class_list":["post-546","page","type-page","status-publish","hentry"],"_links":{"self":[{"href":"https:\/\/prienamed.de\/de\/wp-json\/wp\/v2\/pages\/546","targetHints":{"allow":["GET"]}}],"collection":[{"href":"https:\/\/prienamed.de\/de\/wp-json\/wp\/v2\/pages"}],"about":[{"href":"https:\/\/prienamed.de\/de\/wp-json\/wp\/v2\/types\/page"}],"author":[{"embeddable":true,"href":"https:\/\/prienamed.de\/de\/wp-json\/wp\/v2\/users\/2"}],"replies":[{"embeddable":true,"href":"https:\/\/prienamed.de\/de\/wp-json\/wp\/v2\/comments?post=546"}],"version-history":[{"count":2,"href":"https:\/\/prienamed.de\/de\/wp-json\/wp\/v2\/pages\/546\/revisions"}],"predecessor-version":[{"id":1617,"href":"https:\/\/prienamed.de\/de\/wp-json\/wp\/v2\/pages\/546\/revisions\/1617"}],"up":[{"embeddable":true,"href":"https:\/\/prienamed.de\/de\/wp-json\/wp\/v2\/pages\/412"}],"wp:attachment":[{"href":"https:\/\/prienamed.de\/de\/wp-json\/wp\/v2\/media?parent=546"}],"curies":[{"name":"wp","href":"https:\/\/api.w.org\/{rel}","templated":true}]}}