{"id":569,"date":"2016-08-26T14:50:48","date_gmt":"2016-08-26T12:50:48","guid":{"rendered":"http:\/\/prienamed.de\/de\/?page_id=569"},"modified":"2024-02-09T10:41:45","modified_gmt":"2024-02-09T09:41:45","slug":"dermatologie","status":"publish","type":"page","link":"https:\/\/prienamed.de\/de\/aerztezentrum-muenchen\/diagnostik-therapie\/fachspezifisch\/dermatologie\/","title":{"rendered":"Dermatologie"},"content":{"rendered":"<p>Grunds\u00e4tzlich werden s\u00e4mtliche Hauterkrankungen von Haarausfall bis Fu\u00dfpilz, schwerpunktm\u00e4\u00dfig jedoch Erkrankungen aus den folgenden Bereichen ganzheitlich untersucht und behandelt:<\/p>\n<ul>\n<li><b>Allergologie\/Atopischer Formenkreis (Neurodermitis, Ekzeme, Heuschnupfen, Asthma bronchiale):<\/b> Durch individuelle Austestung von Nahrungsmittel-, Inhalations- und Kontaktallergien \u00fcber Applied Kinesiology bzw. erg\u00e4nzend durch Prick- oder Epicutantest und Laboruntersuchungen in Kombination mit Akupunktur, Orthomolekularer Therapie und Hom\u00f6opathie lassen sich in der Regel ohne Verwendung von Kortisonpr\u00e4paraten oder Antihistaminika deutliche Verbesserungen erzielen.<\/li>\n<li><b>Psoriasis (Schuppenflechte):<\/b> bei dieser Erkrankung lassen sich h\u00e4ufig \u00fcber eine Kombination von ausleitenden entgiftenden Verfahren, Sanierung von chronischen, stummen (bakteriellen) Entz\u00fcndungsherden im K\u00f6rper sowie orthomolekularer Medizin und Hom\u00f6opathie gute Erfolge erzielen.<\/li>\n<\/ul>\n<p>Klassische\/schulmedizinische Methoden werden soweit erforderlich als Erg\u00e4nzung oder sinnvolle Alternative bei o.g. Diagnosen eingesetzt, kommen dar\u00fcber hinaus vorwiegend in den folgenden Bereichen zur Anwendung:<\/p>\n<ul>\n<li><b>Computerassistierte Dermatologie:<\/b> Digitales Photodokumentationssystem zur Erfassung und Analyse von Pigmentmalen auf Gut- oder B\u00f6sartigkeit.<\/li>\n<li><b>Hautkrebsvorsorge:<\/b> klinisch dermatologische Kontrolle von Hauttumoren und ggf. Therapie.<\/li>\n<li><b>Phlebologie:<\/b> Untersuchung der Venen auf Krampfadern und Thrombosen mittels Ultraschall; Ver\u00f6dung von Besenreisern und kleineren Krampfadern, Ulcusbehandlung, Kompressionstherapie.<\/li>\n<li><b>Ambulante Operationen:<\/b> Exzision von Pigmentmalen und Hauttumoren, Probebiopsien, Narbenkorrekturen, oberfl\u00e4chliche Shave-Exzisionen.<\/li>\n<li><b>Dermatologische Kosmetik:<\/b> Hauttypberatung, Peeling (Fruchts\u00e4ure, Kr\u00e4utertiefensch\u00e4lkur) bei Akne und alternder Haut, Unterspritzung mit Hyalurons\u00e4urepr\u00e4paraten bei Falten; Injektion von Botulinumtoxin bei Falten und \u00fcberm\u00e4\u00dfigem Schwitzen, Cellulitebehandlung.<\/li>\n<\/ul>\n","protected":false},"excerpt":{"rendered":"Grunds\u00e4tzlich werden s\u00e4mtliche Hauterkrankungen von Haarausfall bis Fu\u00dfpilz, schwerpunktm\u00e4\u00dfig jedoch Erkrankungen aus den folgenden Bereichen ganzheitlich untersucht und behandelt: Allergologie\/Atopischer Formenkreis (Neurodermitis, Ekzeme, Heuschnupfen, Asthma bronchiale): Durch individuelle Austestung von Nahrungsmittel-, Inhalations- und Kontaktallergien \u00fcber Applied Kinesiology bzw. erg\u00e4nzend durch Prick- oder Epicutantest und Laboruntersuchungen in Kombination mit Akupunktur, Orthomolekularer Therapie und Hom\u00f6opathie lassen sich","protected":false},"author":2,"featured_media":2303,"parent":562,"menu_order":0,"comment_status":"closed","ping_status":"closed","template":"page_munich.php","meta":{"footnotes":""},"class_list":["post-569","page","type-page","status-publish","has-post-thumbnail","hentry"],"_links":{"self":[{"href":"https:\/\/prienamed.de\/de\/wp-json\/wp\/v2\/pages\/569","targetHints":{"allow":["GET"]}}],"collection":[{"href":"https:\/\/prienamed.de\/de\/wp-json\/wp\/v2\/pages"}],"about":[{"href":"https:\/\/prienamed.de\/de\/wp-json\/wp\/v2\/types\/page"}],"author":[{"embeddable":true,"href":"https:\/\/prienamed.de\/de\/wp-json\/wp\/v2\/users\/2"}],"replies":[{"embeddable":true,"href":"https:\/\/prienamed.de\/de\/wp-json\/wp\/v2\/comments?post=569"}],"version-history":[{"count":2,"href":"https:\/\/prienamed.de\/de\/wp-json\/wp\/v2\/pages\/569\/revisions"}],"predecessor-version":[{"id":764,"href":"https:\/\/prienamed.de\/de\/wp-json\/wp\/v2\/pages\/569\/revisions\/764"}],"up":[{"embeddable":true,"href":"https:\/\/prienamed.de\/de\/wp-json\/wp\/v2\/pages\/562"}],"wp:featuredmedia":[{"embeddable":true,"href":"https:\/\/prienamed.de\/de\/wp-json\/wp\/v2\/media\/2303"}],"wp:attachment":[{"href":"https:\/\/prienamed.de\/de\/wp-json\/wp\/v2\/media?parent=569"}],"curies":[{"name":"wp","href":"https:\/\/api.w.org\/{rel}","templated":true}]}}