{"id":57,"date":"2016-07-25T15:29:35","date_gmt":"2016-07-25T13:29:35","guid":{"rendered":"http:\/\/prienamed.de\/de\/?page_id=57"},"modified":"2021-08-09T14:55:35","modified_gmt":"2021-08-09T12:55:35","slug":"dr-med-julia-gumbiller","status":"publish","type":"page","link":"https:\/\/prienamed.de\/de\/aerztezentrum-prien\/aerzte-der-praxisgemeinschaft\/dr-med-julia-gumbiller\/","title":{"rendered":"Dr. med. Julia Gumbiller"},"content":{"rendered":"<p><b>Berufsbezeichnung:<\/b> Fach\u00e4rztin f\u00fcr Allgemeinmedizin<br \/>\n<b>Zusatzbezeichnung:<\/b> Naturheilverfahren, Chirotherapie, Akupunktur<br \/>\n<b>Spezialgebiete:<\/b> Diplomate ICAK in Applied Kinesiology<br \/>\n<b>Lehrt\u00e4tigkeit:<\/b> Dozentin f\u00fcr Traditionelle Chinesische Medizin bei der Deutschen Au\u00dfenstelle f\u00fcr Akupunktur der Fudan -University e.V., mit offiziellem Lehrauftrag der Fudan-University Shanghai, China<br \/>\nLehrerin f\u00fcr Applied Kinesiology<\/p>\n<p>Termine nur nach telefonischer Vereinbarung.<br \/>\n<b>Anmeldung unter: 08051 \/ 9655-0, Fax: -110<\/b><\/p>\n","protected":false},"excerpt":{"rendered":"Berufsbezeichnung: Fach\u00e4rztin f\u00fcr Allgemeinmedizin Zusatzbezeichnung: Naturheilverfahren, Chirotherapie, Akupunktur Spezialgebiete: Diplomate ICAK in Applied Kinesiology Lehrt\u00e4tigkeit: Dozentin f\u00fcr Traditionelle Chinesische Medizin bei der Deutschen Au\u00dfenstelle f\u00fcr Akupunktur der Fudan -University e.V., mit offiziellem Lehrauftrag der Fudan-University Shanghai, China Lehrerin f\u00fcr Applied Kinesiology Termine nur nach telefonischer Vereinbarung. Anmeldung unter: 08051 \/ 9655-0, Fax: -110","protected":false},"author":2,"featured_media":2156,"parent":23,"menu_order":0,"comment_status":"closed","ping_status":"closed","template":"page_doctor_priem.php","meta":{"footnotes":""},"class_list":["post-57","page","type-page","status-publish","has-post-thumbnail","hentry"],"_links":{"self":[{"href":"https:\/\/prienamed.de\/de\/wp-json\/wp\/v2\/pages\/57","targetHints":{"allow":["GET"]}}],"collection":[{"href":"https:\/\/prienamed.de\/de\/wp-json\/wp\/v2\/pages"}],"about":[{"href":"https:\/\/prienamed.de\/de\/wp-json\/wp\/v2\/types\/page"}],"author":[{"embeddable":true,"href":"https:\/\/prienamed.de\/de\/wp-json\/wp\/v2\/users\/2"}],"replies":[{"embeddable":true,"href":"https:\/\/prienamed.de\/de\/wp-json\/wp\/v2\/comments?post=57"}],"version-history":[{"count":6,"href":"https:\/\/prienamed.de\/de\/wp-json\/wp\/v2\/pages\/57\/revisions"}],"predecessor-version":[{"id":331,"href":"https:\/\/prienamed.de\/de\/wp-json\/wp\/v2\/pages\/57\/revisions\/331"}],"up":[{"embeddable":true,"href":"https:\/\/prienamed.de\/de\/wp-json\/wp\/v2\/pages\/23"}],"wp:featuredmedia":[{"embeddable":true,"href":"https:\/\/prienamed.de\/de\/wp-json\/wp\/v2\/media\/2156"}],"wp:attachment":[{"href":"https:\/\/prienamed.de\/de\/wp-json\/wp\/v2\/media?parent=57"}],"curies":[{"name":"wp","href":"https:\/\/api.w.org\/{rel}","templated":true}]}}