{"id":580,"date":"2016-08-29T09:02:29","date_gmt":"2016-08-29T07:02:29","guid":{"rendered":"http:\/\/prienamed.de\/de\/?page_id=580"},"modified":"2024-02-09T10:42:38","modified_gmt":"2024-02-09T09:42:38","slug":"physikalische-und-rehabilitative-medizin","status":"publish","type":"page","link":"https:\/\/prienamed.de\/de\/aerztezentrum-muenchen\/diagnostik-therapie\/fachspezifisch\/physikalische-und-rehabilitative-medizin\/","title":{"rendered":"Physikalische und Rehabilitative Medizin"},"content":{"rendered":"<p>Was macht ein Facharzt f\u00fcr Physikalische und Rehabilitative Medizin?<br \/>\nEin FA f\u00fcr Physikalische und Rehabilitative Medizin wird in f\u00fcnf Fachrichtungen ausgebildet: Orthop\u00e4die, Chirurgie, Innere, Neurologie, Physikalische und Rehabilitative Medizin. Wesentlicher Schwerpunkt ist dabei die konservative, also nicht-operative Therapie, von Erkrankungen aller Art aus den o.a. Fachgebieten. Dabei arbeitet der Arzt im Wesentlichen mit den Methoden der Physikalischen Medizin&nbsp;z.B. Chirotherapie, Osteopathie, Krankengymnastik, W\u00e4rme, K\u00e4lte, Massagen,&nbsp;Elektrotherapie z.B. Reizstrom&nbsp;usw. und den Verfahren der Naturheilkunde. Nach dem Motto: \u201eSo wenig Schulmedizin wie n\u00f6tig, so viel Naturheilkunde wie m\u00f6glich\u201c. Der Arzt arbeitet eng mit der Physiotherapie unseres Hauses zusammen und stimmt alle Therapien optimal auf Sie ab. Besonders wichtig ist dies auch bei der Rehabilitation nach Verletzungen und operativen Eingriffen, bei orthop\u00e4dischen Erkrankungen wie Verschlei\u00dferscheinungen (Arthrose) und Schmerzen, Atemwegserkrankungen, neurologischen z.B. Schlaganfall und internistischen Erkrankungen z.B. Herz-Kreislauferkrankungen usw., um Ihre volle Leistungs- und Bewegungsf\u00e4higkeit wiederherzustellen.<br \/>\nNeben der Kneipp-Therapie, die ebenfalls Bestandteil der Physikalischen und Rehabilitativen Medizin ist, geh\u00f6rt dazu auch die Ern\u00e4hrungstherapie, die Ordnungstherapie und die Behandlung von Allergien z.B. durch Abh\u00e4rtung oder Heilfasten.<br \/>\nDazu werden noch Naturheilverfahren wie Akupunktur mit Moxibustion, Hom\u00f6opathie, Bachbl\u00fcten, Orthomolekulare Medizin, blutiges Schr\u00f6pfen und unblutiges Schr\u00f6pfen u.v.m. damit kombiniert.<br \/>\nDieser FA ist schon aufgrund seiner Ausbildung ganzheitlich orientiert und versucht Ihren K\u00f6rper, Ihre Seele, Ihren Geist und Ihr soziales Umfeld in der Therapie mit zu ber\u00fccksichtigen. Im Vordergrund seiner therapeutischen Bem\u00fchungen steht, Sie als ganzen Menschen nebenwirkungsarm und hoch effektiv zu behandeln, damit Sie Ihr Leben wieder in allen Facetten voll genie\u00dfen k\u00f6nnen.<\/p>\n","protected":false},"excerpt":{"rendered":"Was macht ein Facharzt f\u00fcr Physikalische und Rehabilitative Medizin? Ein FA f\u00fcr Physikalische und Rehabilitative Medizin wird in f\u00fcnf Fachrichtungen ausgebildet: Orthop\u00e4die, Chirurgie, Innere, Neurologie, Physikalische und Rehabilitative Medizin. Wesentlicher Schwerpunkt ist dabei die konservative, also nicht-operative Therapie, von Erkrankungen aller Art aus den o.a. Fachgebieten. Dabei arbeitet der Arzt im Wesentlichen mit den Methoden","protected":false},"author":2,"featured_media":0,"parent":562,"menu_order":0,"comment_status":"closed","ping_status":"closed","template":"page_munich.php","meta":{"footnotes":""},"class_list":["post-580","page","type-page","status-publish","hentry"],"_links":{"self":[{"href":"https:\/\/prienamed.de\/de\/wp-json\/wp\/v2\/pages\/580","targetHints":{"allow":["GET"]}}],"collection":[{"href":"https:\/\/prienamed.de\/de\/wp-json\/wp\/v2\/pages"}],"about":[{"href":"https:\/\/prienamed.de\/de\/wp-json\/wp\/v2\/types\/page"}],"author":[{"embeddable":true,"href":"https:\/\/prienamed.de\/de\/wp-json\/wp\/v2\/users\/2"}],"replies":[{"embeddable":true,"href":"https:\/\/prienamed.de\/de\/wp-json\/wp\/v2\/comments?post=580"}],"version-history":[{"count":2,"href":"https:\/\/prienamed.de\/de\/wp-json\/wp\/v2\/pages\/580\/revisions"}],"predecessor-version":[{"id":2475,"href":"https:\/\/prienamed.de\/de\/wp-json\/wp\/v2\/pages\/580\/revisions\/2475"}],"up":[{"embeddable":true,"href":"https:\/\/prienamed.de\/de\/wp-json\/wp\/v2\/pages\/562"}],"wp:attachment":[{"href":"https:\/\/prienamed.de\/de\/wp-json\/wp\/v2\/media?parent=580"}],"curies":[{"name":"wp","href":"https:\/\/api.w.org\/{rel}","templated":true}]}}