{"id":583,"date":"2016-08-29T09:11:20","date_gmt":"2016-08-29T07:11:20","guid":{"rendered":"http:\/\/prienamed.de\/de\/?page_id=583"},"modified":"2021-07-02T14:50:46","modified_gmt":"2021-07-02T12:50:46","slug":"sonographische-diagnostik","status":"publish","type":"page","link":"https:\/\/prienamed.de\/de\/aerztezentrum-muenchen\/diagnostik-therapie\/fachspezifisch\/sonographische-diagnostik\/","title":{"rendered":"Sonographische Diagnostik"},"content":{"rendered":"<div id=\"contentContainer\" class=\"clearfix\">\n<div id=\"whiteBg\">\n<div id=\"content\">\n<div class=\"textItem\">Durchf\u00fchrung sonographischer Organ- und Gef\u00e4\u00dfdiagnostik, Diagnostik des Bewegungsapparates sowie sonographische Fehlbildungsdiagnostik in der Schwangerschaft.<\/p>\n<ul>\n<li>Schilddr\u00fcse<\/li>\n<li>Gef\u00e4\u00dfe z.B. Schlagadern<\/li>\n<li>Herz<\/li>\n<li>Bauchraum<\/li>\n<li>Gelenke<\/li>\n<li>Muskeln und Weichteile<\/li>\n<li>innere Genitale und Brust<\/li>\n<li>Nasennebenh\u00f6hlen<\/li>\n<\/ul>\n<p>k\u00f6nnen von uns mit der Sonographie untersucht werden. Dazu geh\u00f6ren auch die Herzechokardiographie, farbkodierte Duplexsonographie und Dopplersonographie.<\/p>\n<\/div>\n<\/div>\n<\/div>\n<\/div>\n","protected":false},"excerpt":{"rendered":"Durchf\u00fchrung sonographischer Organ- und Gef\u00e4\u00dfdiagnostik, Diagnostik des Bewegungsapparates sowie sonographische Fehlbildungsdiagnostik in der Schwangerschaft. Schilddr\u00fcse Gef\u00e4\u00dfe z.B. Schlagadern Herz Bauchraum Gelenke Muskeln und Weichteile innere Genitale und Brust Nasennebenh\u00f6hlen k\u00f6nnen von uns mit der Sonographie untersucht werden. Dazu geh\u00f6ren auch die Herzechokardiographie, farbkodierte Duplexsonographie und Dopplersonographie.","protected":false},"author":2,"featured_media":2073,"parent":562,"menu_order":0,"comment_status":"closed","ping_status":"closed","template":"page_munich.php","meta":{"footnotes":""},"class_list":["post-583","page","type-page","status-publish","has-post-thumbnail","hentry"],"_links":{"self":[{"href":"https:\/\/prienamed.de\/de\/wp-json\/wp\/v2\/pages\/583","targetHints":{"allow":["GET"]}}],"collection":[{"href":"https:\/\/prienamed.de\/de\/wp-json\/wp\/v2\/pages"}],"about":[{"href":"https:\/\/prienamed.de\/de\/wp-json\/wp\/v2\/types\/page"}],"author":[{"embeddable":true,"href":"https:\/\/prienamed.de\/de\/wp-json\/wp\/v2\/users\/2"}],"replies":[{"embeddable":true,"href":"https:\/\/prienamed.de\/de\/wp-json\/wp\/v2\/comments?post=583"}],"version-history":[{"count":2,"href":"https:\/\/prienamed.de\/de\/wp-json\/wp\/v2\/pages\/583\/revisions"}],"predecessor-version":[{"id":2114,"href":"https:\/\/prienamed.de\/de\/wp-json\/wp\/v2\/pages\/583\/revisions\/2114"}],"up":[{"embeddable":true,"href":"https:\/\/prienamed.de\/de\/wp-json\/wp\/v2\/pages\/562"}],"wp:featuredmedia":[{"embeddable":true,"href":"https:\/\/prienamed.de\/de\/wp-json\/wp\/v2\/media\/2073"}],"wp:attachment":[{"href":"https:\/\/prienamed.de\/de\/wp-json\/wp\/v2\/media?parent=583"}],"curies":[{"name":"wp","href":"https:\/\/api.w.org\/{rel}","templated":true}]}}