{"id":592,"date":"2016-08-29T09:22:58","date_gmt":"2016-08-29T07:22:58","guid":{"rendered":"http:\/\/prienamed.de\/de\/?page_id=592"},"modified":"2024-02-09T10:45:27","modified_gmt":"2024-02-09T09:45:27","slug":"individueller-medizinischer-ganzheitscheck-in-muenchen","status":"publish","type":"page","link":"https:\/\/prienamed.de\/de\/aerztezentrum-muenchen\/individueller-medizinischer-ganzheitscheck-in-muenchen\/","title":{"rendered":"Individueller Medizinischer Ganzheitscheck in M\u00fcnchen"},"content":{"rendered":"<div class=\"textItem\">\n<p align=\"left\"><b>Der Prienamed Gesundheitscheck &#8211;<br \/>\nIndividueller Medizinischer Ganzheitscheck<\/b><\/p>\n<p align=\"left\">Im Sinne einer Ganzheitlichen Medizin bieten wir Ihnen im Prienamed M\u00fcnchen einen Medizinischen Gesundheitscheck an. Dieser Ganzheitscheck setzt sich aus folgenden drei Bausteinen zusammen:<br \/>\n<b>I. Ganzheitlicher Internistischer Check-up<br \/>\nII. Ganzheitlicher Orthop\u00e4discher Check-up<br \/>\nIII. Ganzheitlicher Zahn- und Kiefer Check-up<br \/>\n<\/b>Die drei Bausteine k\u00f6nnen ganz nach Ihren Bed\u00fcrfnissen und Ihrer verf\u00fcgbaren Zeit terminiert werden. So k\u00f6nnen Sie z.B. gerne alle drei Check-ups an nur einem Tag absolvieren oder aber Sie verteilen diese, nach eigenem Belieben, auf verschiedene Tage.<br \/>\nIn diesem Falle gibt es folgende Empfehlung:<br \/>\n\u2022 Termine der einzelnen Check-ups innerhalb einer Zeitspanne von 10-14 Tagen<br \/>\n\u2022 Kombination von Orthop\u00e4dischem und Zahn-\/Kiefer- Check-up an einem Tag<br \/>\n\u2022 Ganzheitlicher Internistischer Check-up, eher 2 x 3h als 1 x 5h<br \/>\nAlles im Sinne einer ganzheitlichen Vorsorge \u2013 mit dem Ziel, Ihre Gesundheit und Vitalit\u00e4t in geistiger Frische auf nat\u00fcrliche Weise zu erhalten, um m\u00f6glichst gesund und fit zu bleiben.<\/p>\n<p align=\"left\"><a href=\"http:\/\/prienamed.de\/de\/wp-content\/uploads\/sites\/2\/2017\/01\/Flyer_Ganzheitschecks_Mnchen.pdf\" target=\"_blank\" rel=\"noopener\">Flyer<\/a><\/p>\n<\/div>\n","protected":false},"excerpt":{"rendered":"Der Prienamed Gesundheitscheck &#8211; Individueller Medizinischer Ganzheitscheck Im Sinne einer Ganzheitlichen Medizin bieten wir Ihnen im Prienamed M\u00fcnchen einen Medizinischen Gesundheitscheck an. Dieser Ganzheitscheck setzt sich aus folgenden drei Bausteinen zusammen: I. Ganzheitlicher Internistischer Check-up II. Ganzheitlicher Orthop\u00e4discher Check-up III. Ganzheitlicher Zahn- und Kiefer Check-up Die drei Bausteine k\u00f6nnen ganz nach Ihren Bed\u00fcrfnissen und Ihrer","protected":false},"author":2,"featured_media":0,"parent":289,"menu_order":0,"comment_status":"closed","ping_status":"closed","template":"page_munich.php","meta":{"footnotes":""},"class_list":["post-592","page","type-page","status-publish","hentry"],"_links":{"self":[{"href":"https:\/\/prienamed.de\/de\/wp-json\/wp\/v2\/pages\/592","targetHints":{"allow":["GET"]}}],"collection":[{"href":"https:\/\/prienamed.de\/de\/wp-json\/wp\/v2\/pages"}],"about":[{"href":"https:\/\/prienamed.de\/de\/wp-json\/wp\/v2\/types\/page"}],"author":[{"embeddable":true,"href":"https:\/\/prienamed.de\/de\/wp-json\/wp\/v2\/users\/2"}],"replies":[{"embeddable":true,"href":"https:\/\/prienamed.de\/de\/wp-json\/wp\/v2\/comments?post=592"}],"version-history":[{"count":5,"href":"https:\/\/prienamed.de\/de\/wp-json\/wp\/v2\/pages\/592\/revisions"}],"predecessor-version":[{"id":2476,"href":"https:\/\/prienamed.de\/de\/wp-json\/wp\/v2\/pages\/592\/revisions\/2476"}],"up":[{"embeddable":true,"href":"https:\/\/prienamed.de\/de\/wp-json\/wp\/v2\/pages\/289"}],"wp:attachment":[{"href":"https:\/\/prienamed.de\/de\/wp-json\/wp\/v2\/media?parent=592"}],"curies":[{"name":"wp","href":"https:\/\/api.w.org\/{rel}","templated":true}]}}