{"id":605,"date":"2016-08-29T09:37:49","date_gmt":"2016-08-29T07:37:49","guid":{"rendered":"http:\/\/prienamed.de\/de\/?page_id=605"},"modified":"2024-02-09T10:43:17","modified_gmt":"2024-02-09T09:43:17","slug":"orthopaedie","status":"publish","type":"page","link":"https:\/\/prienamed.de\/de\/aerztezentrum-muenchen\/diagnostik-therapie\/fachspezifisch\/orthopaedie\/","title":{"rendered":"Orthop\u00e4die"},"content":{"rendered":"<div id=\"contentContainer\" class=\"clearfix\">\n<div id=\"whiteBg\">\n<div id=\"content\">\n<div class=\"textItem\">Orthop\u00e4die ist die Behandlung von Erkrankungen und Verletzungen des St\u00fctz- und Bewegungsapparates. Erkrankungsursachen sind Verletzungen, Fehlbildungen, \u00dcberlastungen, Entz\u00fcndungen, Systemerkrankungen wie z.B. rheumatische Erkrankungen, Tumore und Funktionsst\u00f6rungen des Nervensystems.<br \/>\nNach der kompletten operativen Ausbildung im Rahmen der Facharztausbildung haben wir uns auf die konservative Therapie orthop\u00e4discher Erkrankungen spezialisiert.<br \/>\nEntscheidend ist das Erkennen der Ursachen von Erkrankungen des St\u00fctz- und Bewegungsapparates, die oft weit entfernt von den schmerzhaften Stellen am K\u00f6rper, oft sogar au\u00dferhalb der Orthop\u00e4die liegen.<br \/>\nSo ist die Kiefergelenksfunktionsst\u00f6rung in ca. 60% der F\u00e4lle mitverantwortlich f\u00fcr den chronischen R\u00fcckenschmerz. Zahnst\u00f6rfelder haben enge Beziehungen zu s\u00e4mtlichen Gelenken, die chronische Mandelentz\u00fcndung kann massive Knieschmerzen ausl\u00f6sen und Allergien\/Unvertr\u00e4glichkeiten k\u00f6nnen zu wiederkehrenden St\u00f6rungen der Wirbels\u00e4ule f\u00fchren. Selbstverst\u00e4ndlich k\u00f6nnen auch Funktionsst\u00f6rungen der Wirbels\u00e4ule St\u00f6rungen der inneren Organe ausl\u00f6sen wie z.B. Schmerzen beim Atmen, Herzklopfen, Magenschmerzen oder \u00e4hnliche Symptome.<br \/>\nDiese oft sehr komplexen Zusammenh\u00e4nge zu erkennen und dann gezielt mit verschiedensten Therapieformen zu behandeln ist unsere Aufgabe. Eine enge Zusammenarbeit mit einem ganzheitlichen Zahnarzt und den \u00c4rzten anderer Fachrichtungen ist in schwierigen F\u00e4llen entscheidend.<\/div>\n<\/div>\n<\/div>\n<\/div>\n","protected":false},"excerpt":{"rendered":"Orthop\u00e4die ist die Behandlung von Erkrankungen und Verletzungen des St\u00fctz- und Bewegungsapparates. Erkrankungsursachen sind Verletzungen, Fehlbildungen, \u00dcberlastungen, Entz\u00fcndungen, Systemerkrankungen wie z.B. rheumatische Erkrankungen, Tumore und Funktionsst\u00f6rungen des Nervensystems. Nach der kompletten operativen Ausbildung im Rahmen der Facharztausbildung haben wir uns auf die konservative Therapie orthop\u00e4discher Erkrankungen spezialisiert. Entscheidend ist das Erkennen der Ursachen von Erkrankungen","protected":false},"author":2,"featured_media":2280,"parent":562,"menu_order":0,"comment_status":"closed","ping_status":"closed","template":"page_munich.php","meta":{"footnotes":""},"class_list":["post-605","page","type-page","status-publish","has-post-thumbnail","hentry"],"_links":{"self":[{"href":"https:\/\/prienamed.de\/de\/wp-json\/wp\/v2\/pages\/605","targetHints":{"allow":["GET"]}}],"collection":[{"href":"https:\/\/prienamed.de\/de\/wp-json\/wp\/v2\/pages"}],"about":[{"href":"https:\/\/prienamed.de\/de\/wp-json\/wp\/v2\/types\/page"}],"author":[{"embeddable":true,"href":"https:\/\/prienamed.de\/de\/wp-json\/wp\/v2\/users\/2"}],"replies":[{"embeddable":true,"href":"https:\/\/prienamed.de\/de\/wp-json\/wp\/v2\/comments?post=605"}],"version-history":[{"count":1,"href":"https:\/\/prienamed.de\/de\/wp-json\/wp\/v2\/pages\/605\/revisions"}],"predecessor-version":[{"id":606,"href":"https:\/\/prienamed.de\/de\/wp-json\/wp\/v2\/pages\/605\/revisions\/606"}],"up":[{"embeddable":true,"href":"https:\/\/prienamed.de\/de\/wp-json\/wp\/v2\/pages\/562"}],"wp:featuredmedia":[{"embeddable":true,"href":"https:\/\/prienamed.de\/de\/wp-json\/wp\/v2\/media\/2280"}],"wp:attachment":[{"href":"https:\/\/prienamed.de\/de\/wp-json\/wp\/v2\/media?parent=605"}],"curies":[{"name":"wp","href":"https:\/\/api.w.org\/{rel}","templated":true}]}}