{"id":613,"date":"2016-08-29T09:45:54","date_gmt":"2016-08-29T07:45:54","guid":{"rendered":"http:\/\/prienamed.de\/de\/?page_id=613"},"modified":"2024-05-15T17:05:50","modified_gmt":"2024-05-15T15:05:50","slug":"kontaktlage","status":"publish","type":"page","link":"https:\/\/prienamed.de\/de\/kontaktlage\/","title":{"rendered":"Kontakt\/Lage"},"content":{"rendered":"<h1>Das Prienamed \u00c4rztehaus M\u00fcnchen<\/h1>\n<div class=\"textItem\">\n<p><b>Prienamed \u00c4rztezentrum M\u00fcnchen<\/b><br \/>Hansastra\u00dfe 27e<br \/>81373 M\u00fcnchen<br \/>Tel: 089\/620 21 99-0<br \/>Fax: 089\/620 21 99-99<br \/>Email: <a href=\"mailto:mail@prienamed.de\">mail@prienamed.de<\/a><\/p>\n<p><b>So erreichen Sie uns:<\/b><\/p>\n<p><b>U-Bahnen:<br \/><\/b>U4 und U5 Station Heimeranplatz, Aufgang Hansastra\u00dfe<\/p>\n<p><b>S-Bahn:<br \/><\/b>S7 Station Heimeranplatz, Aufgang Hansastra\u00dfe<\/p>\n<p><b>Auto:<br \/><\/b>Parkpl\u00e4tze sind vorhanden, Einfahrt in die Tiefgarage \u00fcber die Garmischer Strasse (erste Einfahrt).<br \/>Bei Prienamed klingeln, Ihnen wird dann unverz\u00fcglich ge\u00f6ffnet.<\/p>\n<p><b><a href=\"https:\/\/www.mvv-muenchen.de\" target=\"_blank\" rel=\"noopener noreferrer\">Fahrplanauskunft<\/a><\/b><\/p>\n<\/div>\n\n\n<p><\/p>\n","protected":false},"excerpt":{"rendered":"Das Prienamed \u00c4rztehaus M\u00fcnchen Prienamed \u00c4rztezentrum M\u00fcnchenHansastra\u00dfe 27e81373 M\u00fcnchenTel: 089\/620 21 99-0Fax: 089\/620 21 99-99Email: mail@prienamed.de So erreichen Sie uns: U-Bahnen:U4 und U5 Station Heimeranplatz, Aufgang Hansastra\u00dfe S-Bahn:S7 Station Heimeranplatz, Aufgang Hansastra\u00dfe Auto:Parkpl\u00e4tze sind vorhanden, Einfahrt in die Tiefgarage \u00fcber die Garmischer Strasse (erste Einfahrt).Bei Prienamed klingeln, Ihnen wird dann unverz\u00fcglich ge\u00f6ffnet. Fahrplanauskunft","protected":false},"author":2,"featured_media":614,"parent":0,"menu_order":0,"comment_status":"closed","ping_status":"closed","template":"","meta":{"footnotes":""},"class_list":["post-613","page","type-page","status-publish","has-post-thumbnail","hentry"],"_links":{"self":[{"href":"https:\/\/prienamed.de\/de\/wp-json\/wp\/v2\/pages\/613","targetHints":{"allow":["GET"]}}],"collection":[{"href":"https:\/\/prienamed.de\/de\/wp-json\/wp\/v2\/pages"}],"about":[{"href":"https:\/\/prienamed.de\/de\/wp-json\/wp\/v2\/types\/page"}],"author":[{"embeddable":true,"href":"https:\/\/prienamed.de\/de\/wp-json\/wp\/v2\/users\/2"}],"replies":[{"embeddable":true,"href":"https:\/\/prienamed.de\/de\/wp-json\/wp\/v2\/comments?post=613"}],"version-history":[{"count":5,"href":"https:\/\/prienamed.de\/de\/wp-json\/wp\/v2\/pages\/613\/revisions"}],"predecessor-version":[{"id":2508,"href":"https:\/\/prienamed.de\/de\/wp-json\/wp\/v2\/pages\/613\/revisions\/2508"}],"wp:featuredmedia":[{"embeddable":true,"href":"https:\/\/prienamed.de\/de\/wp-json\/wp\/v2\/media\/614"}],"wp:attachment":[{"href":"https:\/\/prienamed.de\/de\/wp-json\/wp\/v2\/media?parent=613"}],"curies":[{"name":"wp","href":"https:\/\/api.w.org\/{rel}","templated":true}]}}