{"id":618,"date":"2016-08-29T09:50:06","date_gmt":"2016-08-29T07:50:06","guid":{"rendered":"http:\/\/prienamed.de\/de\/?page_id=618"},"modified":"2024-11-20T11:02:50","modified_gmt":"2024-11-20T10:02:50","slug":"kontakt-lage-aerztehaus-prien","status":"publish","type":"page","link":"https:\/\/prienamed.de\/de\/kontakt-lage-aerztehaus-prien\/","title":{"rendered":"Kontakt\/Lage"},"content":{"rendered":"<h1>Das Prienamed \u00c4rztehaus Prien<\/h1>\n<div class=\"textItem\">\n<p>Sie finden uns am Hafen in Prien-Stock, gegen\u00fcber des Parkplatzes der Bootsanlegestelle.<br \/>\nIhnen stehen unsere hauseigenen Parkpl\u00e4tze zur Verf\u00fcgung, die Schranke \u00f6ffnet sich automatisch.<\/p>\n<p><b>Unsere Adresse:<\/b><br \/>\nHarrasser Stra\u00dfe 6<br \/>\n83209 Prien am Chiemsee<br \/>\nTel.: 08051 \/ 9655-0<br \/>\nFax: 08051 \/ 9655-110<br \/>\n<a href=\"mailto:kontakt@prienamed.de\">Email: kontakt@prienamed.de <\/a><\/p>\n<p><a href=\"https:\/\/www.google.de\/maps\/place\/Prienamed,+Zentrum+f%C3%BCr+Ganzheitsmedizin\/@47.8596068,12.3614801,17z\/data=!3m2!4b1!5s0x477612db3f87be61:0x82ab67314ac9636!4m6!3m5!1s0x477612db4076372f:0x628615849cee8579!8m2!3d47.8596032!4d12.364055!16s%2Fg%2F1thd5hrd?e\">zur Routenplanung<\/a><\/p>\n<\/div>\n","protected":false},"excerpt":{"rendered":"Das Prienamed \u00c4rztehaus Prien Sie finden uns am Hafen in Prien-Stock, gegen\u00fcber des Parkplatzes der Bootsanlegestelle. Ihnen stehen unsere hauseigenen Parkpl\u00e4tze zur Verf\u00fcgung, die Schranke \u00f6ffnet sich automatisch. Unsere Adresse: Harrasser Stra\u00dfe 6 83209 Prien am Chiemsee Tel.: 08051 \/ 9655-0 Fax: 08051 \/ 9655-110 Email: kontakt@prienamed.de zur Routenplanung","protected":false},"author":2,"featured_media":621,"parent":0,"menu_order":0,"comment_status":"closed","ping_status":"closed","template":"page_priem.php","meta":{"footnotes":""},"class_list":["post-618","page","type-page","status-publish","has-post-thumbnail","hentry"],"_links":{"self":[{"href":"https:\/\/prienamed.de\/de\/wp-json\/wp\/v2\/pages\/618","targetHints":{"allow":["GET"]}}],"collection":[{"href":"https:\/\/prienamed.de\/de\/wp-json\/wp\/v2\/pages"}],"about":[{"href":"https:\/\/prienamed.de\/de\/wp-json\/wp\/v2\/types\/page"}],"author":[{"embeddable":true,"href":"https:\/\/prienamed.de\/de\/wp-json\/wp\/v2\/users\/2"}],"replies":[{"embeddable":true,"href":"https:\/\/prienamed.de\/de\/wp-json\/wp\/v2\/comments?post=618"}],"version-history":[{"count":5,"href":"https:\/\/prienamed.de\/de\/wp-json\/wp\/v2\/pages\/618\/revisions"}],"predecessor-version":[{"id":2592,"href":"https:\/\/prienamed.de\/de\/wp-json\/wp\/v2\/pages\/618\/revisions\/2592"}],"wp:featuredmedia":[{"embeddable":true,"href":"https:\/\/prienamed.de\/de\/wp-json\/wp\/v2\/media\/621"}],"wp:attachment":[{"href":"https:\/\/prienamed.de\/de\/wp-json\/wp\/v2\/media?parent=618"}],"curies":[{"name":"wp","href":"https:\/\/api.w.org\/{rel}","templated":true}]}}