{"id":63,"date":"2016-07-25T15:28:54","date_gmt":"2016-07-25T13:28:54","guid":{"rendered":"http:\/\/prienamed.de\/de\/?page_id=63"},"modified":"2021-06-25T10:03:34","modified_gmt":"2021-06-25T08:03:34","slug":"dr-med-dirk-polonius","status":"publish","type":"page","link":"https:\/\/prienamed.de\/de\/aerztezentrum-prien\/aerzte-der-praxisgemeinschaft\/dr-med-dirk-polonius\/","title":{"rendered":"Dr. med. Dirk Polonius"},"content":{"rendered":"<p><b>Berufsbezeichnung:<\/b> Facharzt f\u00fcr Physikalische und<br \/>\nRehabilitative Medizin<\/p>\n<p><b>Zusatzbezeichnungen:<\/b> Naturheilverfahren, Chirotherapie, Akupunktur<br \/>\n<b>Spezialgebiete: <\/b>Applied Kinesiology, Hom\u00f6opathie, orthomolekulare Medizin<\/p>\n<p><a title=\"\u00c4rzteverzeichnis der Stiftung Gesundheit\" href=\"https:\/\/www.arzt-auskunft.de\/\" target=\"_blank\" rel=\"noopener\"><img decoding=\"async\" style=\"border: none\" title=\"\u00c4rzteverzeichnis der Stiftung Gesundheit\" src=\"https:\/\/www.stiftung-gesundheit.de\/presseservice\/experten-kreis-gesundheit_web.png\" alt=\"\u00c4rzteverzeichnis der Stiftung Gesundheit\"><\/a><\/p>\n<p><b>Lehrt\u00e4tigkeit:<\/b> Dozent f\u00fcr Chirotherapie \/ Manuelle Medizin bei der<br \/>\nDeutschen Gesellschaft f\u00fcr muskuloskeletale Medizin (DGMSM)<br \/>\nDozent f\u00fcr Naturheilverfahren beim \u201eM\u00fcnchner Modell\u201c an der TU-M\u00fcnchen<br \/>\n1. Vorsitzender des Landesverbandes Bayern der Deutschen Gesellschaft f\u00fcr Manuelle Medizin (DGMM)<br \/>\nVorstandsmitglied und Dozent f\u00fcr Traditionelle Chinesische Medizin bei der<br \/>\nAu\u00dfenstelle f\u00fcr Akupunktur der Fudan University Shanghai, mit offiziellem<br \/>\nLehrauftrag der Fudan University Shanghai, China<br \/>\nLehrbeauftragter der Medizinischen Universit\u00e4t Innsbruck beim Masterstudium f\u00fcr craniomandibul\u00e4re Dysfunktion<br \/>\nManuelle Medizin \/ Osteopathie f\u00fcr Kieferorthop\u00e4den<br \/>\nManuelle Medizin \/ Osteopathie f\u00fcr HNO-\u00c4rzte<br \/>\nManuelle Medizin \/ Osteopathie f\u00fcr Zahnmediziner<\/p>\n<p><b>B\u00fccher: <\/b>Co-Autor bei folgenden medizinischen B\u00fcchern:<br \/>\nNaturheilverfahren (Melchart Hrsg.) \u2013 Leitfaden f\u00fcr die \u00e4rztliche Aus-, Fort- und Weiterbildung \u2013 Schattauerverlag 2002<br \/>\nDas gro\u00dfe Lexikon der modernen Medizin (v. Keudell Hrsg.) \u2013 Lingen-Verlag<br \/>\nDie neuen Zivilisationskrankheiten (v. Keudell Hrsg.) \u2013 Honos-Verlag<\/p>\n<p>Abendtermine sind m\u00f6glich.<br \/>\nTermine Donnerstag und Freitag nur nach telefonischer Vereinbarung.<br \/>\n<b>Anmeldung unter: 08051 \/ 9655-0, Fax: -110 <\/b><\/p>\n","protected":false},"excerpt":{"rendered":"Berufsbezeichnung: Facharzt f\u00fcr Physikalische und Rehabilitative Medizin Zusatzbezeichnungen: Naturheilverfahren, Chirotherapie, Akupunktur Spezialgebiete: Applied Kinesiology, Hom\u00f6opathie, orthomolekulare Medizin Lehrt\u00e4tigkeit: Dozent f\u00fcr Chirotherapie \/ Manuelle Medizin bei der Deutschen Gesellschaft f\u00fcr muskuloskeletale Medizin (DGMSM) Dozent f\u00fcr Naturheilverfahren beim \u201eM\u00fcnchner Modell\u201c an der TU-M\u00fcnchen 1. Vorsitzender des Landesverbandes Bayern der Deutschen Gesellschaft f\u00fcr Manuelle Medizin (DGMM) Vorstandsmitglied und","protected":false},"author":2,"featured_media":2022,"parent":23,"menu_order":0,"comment_status":"closed","ping_status":"closed","template":"page_doctor_priem.php","meta":{"footnotes":""},"class_list":["post-63","page","type-page","status-publish","has-post-thumbnail","hentry"],"_links":{"self":[{"href":"https:\/\/prienamed.de\/de\/wp-json\/wp\/v2\/pages\/63","targetHints":{"allow":["GET"]}}],"collection":[{"href":"https:\/\/prienamed.de\/de\/wp-json\/wp\/v2\/pages"}],"about":[{"href":"https:\/\/prienamed.de\/de\/wp-json\/wp\/v2\/types\/page"}],"author":[{"embeddable":true,"href":"https:\/\/prienamed.de\/de\/wp-json\/wp\/v2\/users\/2"}],"replies":[{"embeddable":true,"href":"https:\/\/prienamed.de\/de\/wp-json\/wp\/v2\/comments?post=63"}],"version-history":[{"count":6,"href":"https:\/\/prienamed.de\/de\/wp-json\/wp\/v2\/pages\/63\/revisions"}],"predecessor-version":[{"id":2024,"href":"https:\/\/prienamed.de\/de\/wp-json\/wp\/v2\/pages\/63\/revisions\/2024"}],"up":[{"embeddable":true,"href":"https:\/\/prienamed.de\/de\/wp-json\/wp\/v2\/pages\/23"}],"wp:featuredmedia":[{"embeddable":true,"href":"https:\/\/prienamed.de\/de\/wp-json\/wp\/v2\/media\/2022"}],"wp:attachment":[{"href":"https:\/\/prienamed.de\/de\/wp-json\/wp\/v2\/media?parent=63"}],"curies":[{"name":"wp","href":"https:\/\/api.w.org\/{rel}","templated":true}]}}