{"id":657,"date":"2016-09-01T09:33:47","date_gmt":"2016-09-01T07:33:47","guid":{"rendered":"http:\/\/prienamed.de\/de\/?page_id=657"},"modified":"2021-07-08T14:56:34","modified_gmt":"2021-07-08T12:56:34","slug":"arterien-starre-index-asi","status":"publish","type":"page","link":"https:\/\/prienamed.de\/de\/aerztezentrum-prien\/diagnostik-therapie\/fachspezifisch\/spezielle-untersuchungsmethoden\/arterien-starre-index-asi\/","title":{"rendered":"Arterien-Starre-Index (ASI)"},"content":{"rendered":"<p>Mit dem Ger\u00e4t CardioVision MS-2000 k\u00f6nnen v\u00f6llig neue Aspekte festgestellt werden. Es wird die Elastizit\u00e4t der Armarterie zur Erkennung der Funktionst\u00fcchtigkeit der arteriellen Gef\u00e4\u00dfwand bestimmt.<br \/>\nDer ASI ist erh\u00f6ht bei vorhandener Arteriosklerose insbesondere der Herzkranzgef\u00e4\u00dfe. Je h\u00f6her der ASI-Wert ausf\u00e4llt, desto st\u00e4rker ist die Arterienverh\u00e4rtung und damit die Verkalkung der arteriellen Gef\u00e4\u00dfe.<\/p>\n","protected":false},"excerpt":{"rendered":"Mit dem Ger\u00e4t CardioVision MS-2000 k\u00f6nnen v\u00f6llig neue Aspekte festgestellt werden. Es wird die Elastizit\u00e4t der Armarterie zur Erkennung der Funktionst\u00fcchtigkeit der arteriellen Gef\u00e4\u00dfwand bestimmt. Der ASI ist erh\u00f6ht bei vorhandener Arteriosklerose insbesondere der Herzkranzgef\u00e4\u00dfe. Je h\u00f6her der ASI-Wert ausf\u00e4llt, desto st\u00e4rker ist die Arterienverh\u00e4rtung und damit die Verkalkung der arteriellen Gef\u00e4\u00dfe.","protected":false},"author":2,"featured_media":2080,"parent":231,"menu_order":0,"comment_status":"closed","ping_status":"closed","template":"page_priem.php","meta":{"footnotes":""},"class_list":["post-657","page","type-page","status-publish","has-post-thumbnail","hentry"],"_links":{"self":[{"href":"https:\/\/prienamed.de\/de\/wp-json\/wp\/v2\/pages\/657","targetHints":{"allow":["GET"]}}],"collection":[{"href":"https:\/\/prienamed.de\/de\/wp-json\/wp\/v2\/pages"}],"about":[{"href":"https:\/\/prienamed.de\/de\/wp-json\/wp\/v2\/types\/page"}],"author":[{"embeddable":true,"href":"https:\/\/prienamed.de\/de\/wp-json\/wp\/v2\/users\/2"}],"replies":[{"embeddable":true,"href":"https:\/\/prienamed.de\/de\/wp-json\/wp\/v2\/comments?post=657"}],"version-history":[{"count":1,"href":"https:\/\/prienamed.de\/de\/wp-json\/wp\/v2\/pages\/657\/revisions"}],"predecessor-version":[{"id":658,"href":"https:\/\/prienamed.de\/de\/wp-json\/wp\/v2\/pages\/657\/revisions\/658"}],"up":[{"embeddable":true,"href":"https:\/\/prienamed.de\/de\/wp-json\/wp\/v2\/pages\/231"}],"wp:featuredmedia":[{"embeddable":true,"href":"https:\/\/prienamed.de\/de\/wp-json\/wp\/v2\/media\/2080"}],"wp:attachment":[{"href":"https:\/\/prienamed.de\/de\/wp-json\/wp\/v2\/media?parent=657"}],"curies":[{"name":"wp","href":"https:\/\/api.w.org\/{rel}","templated":true}]}}