{"id":66,"date":"2016-07-25T15:29:17","date_gmt":"2016-07-25T13:29:17","guid":{"rendered":"http:\/\/prienamed.de\/de\/?page_id=66"},"modified":"2024-04-19T10:46:12","modified_gmt":"2024-04-19T08:46:12","slug":"dr-med-jens-huebner","status":"publish","type":"page","link":"https:\/\/prienamed.de\/de\/aerztezentrum-prien\/aerzte-der-praxisgemeinschaft\/dr-med-jens-huebner\/","title":{"rendered":"Dr. med. Jens H\u00fcbner"},"content":{"rendered":"<div id=\"contentContainer\" class=\"clearfix\">\n<div id=\"whiteBg\">\n<div id=\"content\">\n<div class=\"textItem\">\n<p><b>Berufsbezeichnung:<\/b> Facharzt f\u00fcr Orthop\u00e4die und Unfallchirurgie<\/p>\n<p><b>Spezialgebiete:<\/b> Chirotherapie\/Manuelle Medizin, Chinesische Akupunktur, Applied Kinesiology<br \/>\nHerd- und St\u00f6rfeldsuche, ganzheitliche Schmerztherapie<\/p>\n<p>Weiterbildung in mehrw\u00f6chigen Aufenthalten an der renommierten Academy of Traditional Chinese Medicine China Beijing, Collaborating Center der WHO f\u00fcr Traditionelle Chinesische Medizin.<\/p>\n<p><b>Mitgliedschaften:<\/b><\/p>\n<ul>\n<li>Deutsche Gesellschaft f\u00fcr Muskuloskeletale Medizin<\/li>\n<li>Traditionelle Chinesische Akupunkturpraxis e. V.<\/li>\n<\/ul>\n<p>&nbsp;<\/p>\n<p>Abendtermine sind m\u00f6glich<br \/>\nTermine nur nach telefonischer Vereinbarung<br \/>\n<b>Anmeldung unter: 08051-9655-0, Fax: -110<\/b><\/p>\n<\/div>\n<\/div>\n<\/div>\n<\/div>\n","protected":false},"excerpt":{"rendered":"Berufsbezeichnung: Facharzt f\u00fcr Orthop\u00e4die und Unfallchirurgie Spezialgebiete: Chirotherapie\/Manuelle Medizin, Chinesische Akupunktur, Applied Kinesiology Herd- und St\u00f6rfeldsuche, ganzheitliche Schmerztherapie Weiterbildung in mehrw\u00f6chigen Aufenthalten an der renommierten Academy of Traditional Chinese Medicine China Beijing, Collaborating Center der WHO f\u00fcr Traditionelle Chinesische Medizin. Mitgliedschaften: Deutsche Gesellschaft f\u00fcr Muskuloskeletale Medizin Traditionelle Chinesische Akupunkturpraxis e. V. &nbsp; Abendtermine sind m\u00f6glich","protected":false},"author":2,"featured_media":2491,"parent":23,"menu_order":0,"comment_status":"closed","ping_status":"closed","template":"page_doctor_priem.php","meta":{"footnotes":""},"class_list":["post-66","page","type-page","status-publish","has-post-thumbnail","hentry"],"_links":{"self":[{"href":"https:\/\/prienamed.de\/de\/wp-json\/wp\/v2\/pages\/66","targetHints":{"allow":["GET"]}}],"collection":[{"href":"https:\/\/prienamed.de\/de\/wp-json\/wp\/v2\/pages"}],"about":[{"href":"https:\/\/prienamed.de\/de\/wp-json\/wp\/v2\/types\/page"}],"author":[{"embeddable":true,"href":"https:\/\/prienamed.de\/de\/wp-json\/wp\/v2\/users\/2"}],"replies":[{"embeddable":true,"href":"https:\/\/prienamed.de\/de\/wp-json\/wp\/v2\/comments?post=66"}],"version-history":[{"count":7,"href":"https:\/\/prienamed.de\/de\/wp-json\/wp\/v2\/pages\/66\/revisions"}],"predecessor-version":[{"id":1394,"href":"https:\/\/prienamed.de\/de\/wp-json\/wp\/v2\/pages\/66\/revisions\/1394"}],"up":[{"embeddable":true,"href":"https:\/\/prienamed.de\/de\/wp-json\/wp\/v2\/pages\/23"}],"wp:featuredmedia":[{"embeddable":true,"href":"https:\/\/prienamed.de\/de\/wp-json\/wp\/v2\/media\/2491"}],"wp:attachment":[{"href":"https:\/\/prienamed.de\/de\/wp-json\/wp\/v2\/media?parent=66"}],"curies":[{"name":"wp","href":"https:\/\/api.w.org\/{rel}","templated":true}]}}