{"id":661,"date":"2016-09-01T09:37:19","date_gmt":"2016-09-01T07:37:19","guid":{"rendered":"http:\/\/prienamed.de\/de\/?page_id=661"},"modified":"2016-09-16T12:09:05","modified_gmt":"2016-09-16T10:09:05","slug":"bodyfat-analyse","status":"publish","type":"page","link":"https:\/\/prienamed.de\/de\/aerztezentrum-prien\/diagnostik-therapie\/fachspezifisch\/spezielle-untersuchungsmethoden\/bodyfat-analyse\/","title":{"rendered":"Bodyfat-Analyse"},"content":{"rendered":"<p>Hier werden der Body Mass Index (BMI= Index zur Berechnung des Idealgewichts) und der K\u00f6rperfettanteil festgelegt als Indikator der allgemeinen Fitness.<br \/>\nZiel ist es, die Entwicklung der Arteriosklerose zu verhindern und aufzuhalten und das Endothel (Gef\u00e4\u00dfinnenwand) zu sch\u00fctzen.<\/p>\n","protected":false},"excerpt":{"rendered":"Hier werden der Body Mass Index (BMI= Index zur Berechnung des Idealgewichts) und der K\u00f6rperfettanteil festgelegt als Indikator der allgemeinen Fitness. Ziel ist es, die Entwicklung der Arteriosklerose zu verhindern und aufzuhalten und das Endothel (Gef\u00e4\u00dfinnenwand) zu sch\u00fctzen.","protected":false},"author":2,"featured_media":0,"parent":231,"menu_order":0,"comment_status":"closed","ping_status":"closed","template":"page_priem.php","meta":{"footnotes":""},"class_list":["post-661","page","type-page","status-publish","hentry"],"_links":{"self":[{"href":"https:\/\/prienamed.de\/de\/wp-json\/wp\/v2\/pages\/661","targetHints":{"allow":["GET"]}}],"collection":[{"href":"https:\/\/prienamed.de\/de\/wp-json\/wp\/v2\/pages"}],"about":[{"href":"https:\/\/prienamed.de\/de\/wp-json\/wp\/v2\/types\/page"}],"author":[{"embeddable":true,"href":"https:\/\/prienamed.de\/de\/wp-json\/wp\/v2\/users\/2"}],"replies":[{"embeddable":true,"href":"https:\/\/prienamed.de\/de\/wp-json\/wp\/v2\/comments?post=661"}],"version-history":[{"count":2,"href":"https:\/\/prienamed.de\/de\/wp-json\/wp\/v2\/pages\/661\/revisions"}],"predecessor-version":[{"id":797,"href":"https:\/\/prienamed.de\/de\/wp-json\/wp\/v2\/pages\/661\/revisions\/797"}],"up":[{"embeddable":true,"href":"https:\/\/prienamed.de\/de\/wp-json\/wp\/v2\/pages\/231"}],"wp:attachment":[{"href":"https:\/\/prienamed.de\/de\/wp-json\/wp\/v2\/media?parent=661"}],"curies":[{"name":"wp","href":"https:\/\/api.w.org\/{rel}","templated":true}]}}