{"id":665,"date":"2016-09-01T09:50:24","date_gmt":"2016-09-01T07:50:24","guid":{"rendered":"http:\/\/prienamed.de\/de\/?page_id=665"},"modified":"2016-09-21T10:04:36","modified_gmt":"2016-09-21T08:04:36","slug":"framingham-risiko-analyse","status":"publish","type":"page","link":"https:\/\/prienamed.de\/de\/aerztezentrum-prien\/diagnostik-therapie\/fachspezifisch\/spezielle-untersuchungsmethoden\/framingham-risiko-analyse\/","title":{"rendered":"Framingham Risiko-Analyse"},"content":{"rendered":"<p>Diese computergest\u00fctzte Analyse basiert auf der gro\u00dfen Framingham &#8211; Herzstudie und erm\u00f6glicht die Kalkulation des kardialen Gesamtrisikos.<\/p>\n","protected":false},"excerpt":{"rendered":"Diese computergest\u00fctzte Analyse basiert auf der gro\u00dfen Framingham &#8211; Herzstudie und erm\u00f6glicht die Kalkulation des kardialen Gesamtrisikos.","protected":false},"author":2,"featured_media":0,"parent":231,"menu_order":0,"comment_status":"closed","ping_status":"closed","template":"page_priem.php","meta":{"footnotes":""},"class_list":["post-665","page","type-page","status-publish","hentry"],"_links":{"self":[{"href":"https:\/\/prienamed.de\/de\/wp-json\/wp\/v2\/pages\/665","targetHints":{"allow":["GET"]}}],"collection":[{"href":"https:\/\/prienamed.de\/de\/wp-json\/wp\/v2\/pages"}],"about":[{"href":"https:\/\/prienamed.de\/de\/wp-json\/wp\/v2\/types\/page"}],"author":[{"embeddable":true,"href":"https:\/\/prienamed.de\/de\/wp-json\/wp\/v2\/users\/2"}],"replies":[{"embeddable":true,"href":"https:\/\/prienamed.de\/de\/wp-json\/wp\/v2\/comments?post=665"}],"version-history":[{"count":2,"href":"https:\/\/prienamed.de\/de\/wp-json\/wp\/v2\/pages\/665\/revisions"}],"predecessor-version":[{"id":841,"href":"https:\/\/prienamed.de\/de\/wp-json\/wp\/v2\/pages\/665\/revisions\/841"}],"up":[{"embeddable":true,"href":"https:\/\/prienamed.de\/de\/wp-json\/wp\/v2\/pages\/231"}],"wp:attachment":[{"href":"https:\/\/prienamed.de\/de\/wp-json\/wp\/v2\/media?parent=665"}],"curies":[{"name":"wp","href":"https:\/\/api.w.org\/{rel}","templated":true}]}}