{"id":669,"date":"2016-09-01T09:57:47","date_gmt":"2016-09-01T07:57:47","guid":{"rendered":"http:\/\/prienamed.de\/de\/?page_id=669"},"modified":"2016-09-21T10:07:49","modified_gmt":"2016-09-21T08:07:49","slug":"freie-radikale","status":"publish","type":"page","link":"https:\/\/prienamed.de\/de\/aerztezentrum-prien\/diagnostik-therapie\/fachspezifisch\/spezielle-untersuchungsmethoden\/freie-radikale\/","title":{"rendered":"Freie Radikale"},"content":{"rendered":"<p>Bei der Bestimmung der freien Radikale handelt es sich um hochgradig reaktionsfreudige Molek\u00fcle, die in hoher Konzentration als reaktive Sauerstoffelektronen die Gef\u00e4\u00dfinnenhaut und insgesamt die Gef\u00e4\u00dfwand sch\u00e4digen.<\/p>\n","protected":false},"excerpt":{"rendered":"Bei der Bestimmung der freien Radikale handelt es sich um hochgradig reaktionsfreudige Molek\u00fcle, die in hoher Konzentration als reaktive Sauerstoffelektronen die Gef\u00e4\u00dfinnenhaut und insgesamt die Gef\u00e4\u00dfwand sch\u00e4digen.","protected":false},"author":2,"featured_media":0,"parent":231,"menu_order":0,"comment_status":"closed","ping_status":"closed","template":"page_priem.php","meta":{"footnotes":""},"class_list":["post-669","page","type-page","status-publish","hentry"],"_links":{"self":[{"href":"https:\/\/prienamed.de\/de\/wp-json\/wp\/v2\/pages\/669","targetHints":{"allow":["GET"]}}],"collection":[{"href":"https:\/\/prienamed.de\/de\/wp-json\/wp\/v2\/pages"}],"about":[{"href":"https:\/\/prienamed.de\/de\/wp-json\/wp\/v2\/types\/page"}],"author":[{"embeddable":true,"href":"https:\/\/prienamed.de\/de\/wp-json\/wp\/v2\/users\/2"}],"replies":[{"embeddable":true,"href":"https:\/\/prienamed.de\/de\/wp-json\/wp\/v2\/comments?post=669"}],"version-history":[{"count":2,"href":"https:\/\/prienamed.de\/de\/wp-json\/wp\/v2\/pages\/669\/revisions"}],"predecessor-version":[{"id":843,"href":"https:\/\/prienamed.de\/de\/wp-json\/wp\/v2\/pages\/669\/revisions\/843"}],"up":[{"embeddable":true,"href":"https:\/\/prienamed.de\/de\/wp-json\/wp\/v2\/pages\/231"}],"wp:attachment":[{"href":"https:\/\/prienamed.de\/de\/wp-json\/wp\/v2\/media?parent=669"}],"curies":[{"name":"wp","href":"https:\/\/api.w.org\/{rel}","templated":true}]}}