{"id":672,"date":"2016-09-01T09:59:18","date_gmt":"2016-09-01T07:59:18","guid":{"rendered":"http:\/\/prienamed.de\/de\/?page_id=672"},"modified":"2016-09-21T10:15:21","modified_gmt":"2016-09-21T08:15:21","slug":"heart-rate-variability-zur-bestimmung-der-koerperlichen-fitness","status":"publish","type":"page","link":"https:\/\/prienamed.de\/de\/aerztezentrum-prien\/diagnostik-therapie\/fachspezifisch\/spezielle-untersuchungsmethoden\/heart-rate-variability-zur-bestimmung-der-koerperlichen-fitness\/","title":{"rendered":"Heart Rate Variability zur Bestimmung der k\u00f6rperlichen Fitness"},"content":{"rendered":"<p>Das computergest\u00fctzte System basiert auf der Messung der Herzfrequenz-Schwankungen. Die ben\u00fctzten Algorithmen wurden in \u00fcber 20 Jahren an mehr als 15.000 Patienten getestet.<\/p>\n<p><b>6.1 Health-Express<\/b><br \/>\nDieser Test ermittelt einen Zustandsbericht zur k\u00f6rperlichen Verfassung und Regulationsf\u00e4higkeit des vegetativen Nervensystems anhand der Analyse der Reaktion auf den orthostatischen Stress (Regulation bei l\u00e4ngerem Stehen).<\/p>\n<p><b>6.2 Nerve-Express<\/b><br \/>\nDieses System \u00fcberpr\u00fcft reproduzierbar den Zustand des autonomen Nervensystems, n\u00e4mlich Sympathikus und Parasympathikus, in Ruhe und w\u00e4hrend der Orthostase.<\/p>\n","protected":false},"excerpt":{"rendered":"Das computergest\u00fctzte System basiert auf der Messung der Herzfrequenz-Schwankungen. Die ben\u00fctzten Algorithmen wurden in \u00fcber 20 Jahren an mehr als 15.000 Patienten getestet. 6.1 Health-Express Dieser Test ermittelt einen Zustandsbericht zur k\u00f6rperlichen Verfassung und Regulationsf\u00e4higkeit des vegetativen Nervensystems anhand der Analyse der Reaktion auf den orthostatischen Stress (Regulation bei l\u00e4ngerem Stehen). 6.2 Nerve-Express Dieses System","protected":false},"author":2,"featured_media":0,"parent":231,"menu_order":0,"comment_status":"closed","ping_status":"closed","template":"page_priem.php","meta":{"footnotes":""},"class_list":["post-672","page","type-page","status-publish","hentry"],"_links":{"self":[{"href":"https:\/\/prienamed.de\/de\/wp-json\/wp\/v2\/pages\/672","targetHints":{"allow":["GET"]}}],"collection":[{"href":"https:\/\/prienamed.de\/de\/wp-json\/wp\/v2\/pages"}],"about":[{"href":"https:\/\/prienamed.de\/de\/wp-json\/wp\/v2\/types\/page"}],"author":[{"embeddable":true,"href":"https:\/\/prienamed.de\/de\/wp-json\/wp\/v2\/users\/2"}],"replies":[{"embeddable":true,"href":"https:\/\/prienamed.de\/de\/wp-json\/wp\/v2\/comments?post=672"}],"version-history":[{"count":2,"href":"https:\/\/prienamed.de\/de\/wp-json\/wp\/v2\/pages\/672\/revisions"}],"predecessor-version":[{"id":845,"href":"https:\/\/prienamed.de\/de\/wp-json\/wp\/v2\/pages\/672\/revisions\/845"}],"up":[{"embeddable":true,"href":"https:\/\/prienamed.de\/de\/wp-json\/wp\/v2\/pages\/231"}],"wp:attachment":[{"href":"https:\/\/prienamed.de\/de\/wp-json\/wp\/v2\/media?parent=672"}],"curies":[{"name":"wp","href":"https:\/\/api.w.org\/{rel}","templated":true}]}}