{"id":680,"date":"2016-09-01T10:02:02","date_gmt":"2016-09-01T08:02:02","guid":{"rendered":"http:\/\/prienamed.de\/de\/?page_id=680"},"modified":"2016-09-21T10:18:42","modified_gmt":"2016-09-21T08:18:42","slug":"otoakustische-emissionen","status":"publish","type":"page","link":"https:\/\/prienamed.de\/de\/aerztezentrum-prien\/diagnostik-therapie\/fachspezifisch\/spezielle-untersuchungsmethoden\/otoakustische-emissionen\/","title":{"rendered":"Otoakustische Emissionen"},"content":{"rendered":"<p>Das menschliche Ohr gibt spontan oder nach Reizung mit T\u00f6nen akustische Signale ab und fungiert sozusagen als Lautsprecher. Mit hochsensiblen Mikrofonen k\u00f6nnen diese Signale aus dem Ohr gemessen werden und so St\u00f6rungen der feinen H\u00f6rsinneszellen (Haarzellen) festgestellt werden.<\/p>\n","protected":false},"excerpt":{"rendered":"Das menschliche Ohr gibt spontan oder nach Reizung mit T\u00f6nen akustische Signale ab und fungiert sozusagen als Lautsprecher. Mit hochsensiblen Mikrofonen k\u00f6nnen diese Signale aus dem Ohr gemessen werden und so St\u00f6rungen der feinen H\u00f6rsinneszellen (Haarzellen) festgestellt werden.","protected":false},"author":2,"featured_media":0,"parent":231,"menu_order":0,"comment_status":"closed","ping_status":"closed","template":"page_priem.php","meta":{"footnotes":""},"class_list":["post-680","page","type-page","status-publish","hentry"],"_links":{"self":[{"href":"https:\/\/prienamed.de\/de\/wp-json\/wp\/v2\/pages\/680","targetHints":{"allow":["GET"]}}],"collection":[{"href":"https:\/\/prienamed.de\/de\/wp-json\/wp\/v2\/pages"}],"about":[{"href":"https:\/\/prienamed.de\/de\/wp-json\/wp\/v2\/types\/page"}],"author":[{"embeddable":true,"href":"https:\/\/prienamed.de\/de\/wp-json\/wp\/v2\/users\/2"}],"replies":[{"embeddable":true,"href":"https:\/\/prienamed.de\/de\/wp-json\/wp\/v2\/comments?post=680"}],"version-history":[{"count":1,"href":"https:\/\/prienamed.de\/de\/wp-json\/wp\/v2\/pages\/680\/revisions"}],"predecessor-version":[{"id":681,"href":"https:\/\/prienamed.de\/de\/wp-json\/wp\/v2\/pages\/680\/revisions\/681"}],"up":[{"embeddable":true,"href":"https:\/\/prienamed.de\/de\/wp-json\/wp\/v2\/pages\/231"}],"wp:attachment":[{"href":"https:\/\/prienamed.de\/de\/wp-json\/wp\/v2\/media?parent=680"}],"curies":[{"name":"wp","href":"https:\/\/api.w.org\/{rel}","templated":true}]}}